{"id":13372,"date":"2023-10-04T16:27:17","date_gmt":"2023-10-04T16:27:17","guid":{"rendered":"https:\/\/www.fiftysecondsexperience.com\/conditions-generales-dutilisation\/"},"modified":"2024-09-06T11:31:26","modified_gmt":"2024-09-06T11:31:26","slug":"conditions-generales-dutilisation","status":"publish","type":"page","link":"https:\/\/www.fiftysecondsexperience.com\/fr\/conditions-generales-dutilisation\/","title":{"rendered":"Conditions g\u00e9n\u00e9rales d&rsquo;utilisation"},"content":{"rendered":"<section class=\"wpb-content-wrapper\"><p>[vc_row][vc_column][vc_column_text]<\/p>\n<h3><strong>Conditions g\u00e9n\u00e9rales d&rsquo;utilisation<\/strong><\/h3>\n<p>&nbsp;<\/p>\n<p>Les petits caract\u00e8res !<br \/>\nMAIS PAS SI PETITS QUE VOUS NE PUISSIEZ LES LIRE ! <\/p>\n<p>En acc\u00e9dant \u00e0 ce site, l&rsquo;utilisateur s&rsquo;engage \u00e0 accepter et \u00e0 respecter les pr\u00e9sentes conditions d&rsquo;utilisation.<\/p>\n<p>Les informations contenues dans ce site &#8211; \u00e0 savoir le nom de domaine, les marques, les logos, les indications, les dessins, les illustrations, les photographies, les textes, les graphiques et autres fichiers &#8211; sont la propri\u00e9t\u00e9 de SANA Hotels Portugal, S.A. et sont prot\u00e9g\u00e9es par la l\u00e9gislation en vigueur.<br \/>\nLe t\u00e9l\u00e9chargement, la copie, la modification, la transmission, la distribution, la reproduction ou l&rsquo;envoi, en tout ou en partie, \u00e0 des fins commerciales, sans l&rsquo;autorisation pr\u00e9alable et \u00e9crite de SANA Hotels, S.A., est express\u00e9ment interdit et puni par la loi. <\/p>\n<p>Toute utilisation et\/ou divulgation externe des informations contenues sur ce site, express\u00e9ment autoris\u00e9e par SANA Hotels, implique la mention expresse de l&rsquo;origine et de la paternit\u00e9 de ces informations.<\/p>\n<p>Les utilisateurs sont les seuls et uniques responsables de toutes les informations qu&rsquo;ils fournissent sur ce site.<br \/>\nSANA Hotels traitera les informations fournies \u00e0 des fins de prestation de services et de gestion administrative et commerciale. <\/p>\n<p>Les utilisateurs de ce site web ont le droit d&rsquo;acc\u00e9der, de modifier et de supprimer les informations qu&rsquo;ils fournissent \u00e0 SANA Hotels.<br \/>\nPour ce faire, vous devez envoyer une communication \u00e0 SANA Hotels \u00e0 l&rsquo;adresse info@sanahotels.com. <\/p>\n<p>L&rsquo;utilisateur de ce site ne peut utiliser aucun logiciel ou application susceptible d&rsquo;interf\u00e9rer avec le fonctionnement normal de ce site.<\/p>\n<p>Ce site peut contenir des r\u00e9f\u00e9rences publicitaires et\/ou des hyperliens vers d&rsquo;autres sites sur lesquels SANA Hotels n&rsquo;a aucun contr\u00f4le et n&rsquo;est pas responsable de leur contenu.<br \/>\nL&rsquo;inclusion de r\u00e9f\u00e9rences publicitaires et\/ou d&rsquo;hyperliens vers d&rsquo;autres sites n&rsquo;est faite qu&rsquo;\u00e0 titre informatif et SANA Hotels n&rsquo;a aucun lien avec leur contenu, les services et\/ou les produits propos\u00e9s. <\/p>\n<p>L&rsquo;acc\u00e8s \u00e0 certains contenus de ce site peut \u00eatre r\u00e9serv\u00e9 aux utilisateurs enregistr\u00e9s.<\/p>\n<p>SANA Hotels met \u00e0 jour et v\u00e9rifie r\u00e9guli\u00e8rement les informations et\/ou outils disponibles sur ce site.<br \/>\nToutefois, l&rsquo;utilisateur ne peut tenir SANA Hotels pour responsable si le contenu pr\u00e9sent\u00e9 sur ce site pr\u00e9sente occasionnellement une erreur technique ou une anomalie.<br \/>\nSANA Hotels peut apporter des modifications, des mises \u00e0 jour ou des corrections aux informations fournies sans pr\u00e9avis.  <\/p>\n<p>SANA Hotels Portugal, S.A. &#8211; Mai 2015<\/p>\n<p>Derni\u00e8re mise \u00e0 jour en f\u00e9vrier 2023<\/p>\n<p>&nbsp;<\/p>\n<p>[\/vc_column_text][\/vc_column][\/vc_row]<\/p>\n<\/section>","protected":false},"excerpt":{"rendered":"<p>[vc_row][vc_column][vc_column_text] Conditions g\u00e9n\u00e9rales d&rsquo;utilisation &nbsp; Les petits caract\u00e8res ! MAIS PAS SI PETITS QUE VOUS NE PUISSIEZ LES LIRE ! En acc\u00e9dant \u00e0 ce site, l&rsquo;utilisateur s&rsquo;engage \u00e0 accepter et \u00e0 respecter les pr\u00e9sentes conditions d&rsquo;utilisation. Les informations contenues dans [&hellip;]<\/p>\n","protected":false},"author":1,"featured_media":0,"parent":0,"menu_order":0,"comment_status":"closed","ping_status":"closed","template":"","meta":{"inline_featured_image":false,"footnotes":"","_links_to":"","_links_to_target":""},"class_list":["post-13372","page","type-page","status-publish","hentry"],"yoast_head":"<!-- This site is optimized with the Yoast SEO plugin v26.1.1 - https:\/\/yoast.com\/wordpress\/plugins\/seo\/ -->\n<title>Conditions g\u00e9n\u00e9rales d&#039;utilisation - Fifty Seconds<\/title>\n<meta name=\"robots\" content=\"index, follow, max-snippet:-1, max-image-preview:large, max-video-preview:-1\" \/>\n<link rel=\"canonical\" href=\"https:\/\/www.fiftysecondsexperience.com\/fr\/conditions-generales-dutilisation\/\" \/>\n<meta property=\"og:locale\" content=\"fr_FR\" \/>\n<meta property=\"og:type\" content=\"article\" \/>\n<meta property=\"og:title\" content=\"Conditions g\u00e9n\u00e9rales d&#039;utilisation - Fifty Seconds\" \/>\n<meta property=\"og:description\" content=\"[vc_row][vc_column][vc_column_text] Conditions g\u00e9n\u00e9rales d&rsquo;utilisation &nbsp; Les petits caract\u00e8res ! MAIS PAS SI PETITS QUE VOUS NE PUISSIEZ LES LIRE ! En acc\u00e9dant \u00e0 ce site, l&rsquo;utilisateur s&rsquo;engage \u00e0 accepter et \u00e0 respecter les pr\u00e9sentes conditions d&rsquo;utilisation. Les informations contenues dans [&hellip;]\" \/>\n<meta property=\"og:url\" content=\"https:\/\/www.fiftysecondsexperience.com\/fr\/conditions-generales-dutilisation\/\" \/>\n<meta property=\"og:site_name\" content=\"Fifty Seconds\" \/>\n<meta property=\"article:modified_time\" content=\"2024-09-06T11:31:26+00:00\" \/>\n<meta name=\"twitter:card\" content=\"summary_large_image\" \/>\n<meta name=\"twitter:label1\" content=\"Dur\u00e9e de lecture estim\u00e9e\" \/>\n\t<meta name=\"twitter:data1\" content=\"3 minutes\" \/>\n<script type=\"application\/ld+json\" class=\"yoast-schema-graph\">{\"@context\":\"https:\/\/schema.org\",\"@graph\":[{\"@type\":\"WebPage\",\"@id\":\"https:\/\/www.fiftysecondsexperience.com\/fr\/conditions-generales-dutilisation\/\",\"url\":\"https:\/\/www.fiftysecondsexperience.com\/fr\/conditions-generales-dutilisation\/\",\"name\":\"Conditions g\u00e9n\u00e9rales d'utilisation - Fifty Seconds\",\"isPartOf\":{\"@id\":\"https:\/\/www.fiftysecondsexperience.com\/#website\"},\"datePublished\":\"2023-10-04T16:27:17+00:00\",\"dateModified\":\"2024-09-06T11:31:26+00:00\",\"breadcrumb\":{\"@id\":\"https:\/\/www.fiftysecondsexperience.com\/fr\/conditions-generales-dutilisation\/#breadcrumb\"},\"inLanguage\":\"fr-FR\",\"potentialAction\":[{\"@type\":\"ReadAction\",\"target\":[\"https:\/\/www.fiftysecondsexperience.com\/fr\/conditions-generales-dutilisation\/\"]}]},{\"@type\":\"BreadcrumbList\",\"@id\":\"https:\/\/www.fiftysecondsexperience.com\/fr\/conditions-generales-dutilisation\/#breadcrumb\",\"itemListElement\":[{\"@type\":\"ListItem\",\"position\":1,\"name\":\"In\u00edcio\",\"item\":\"https:\/\/www.fiftysecondsexperience.com\/fr\/\"},{\"@type\":\"ListItem\",\"position\":2,\"name\":\"Conditions g\u00e9n\u00e9rales d&#8217;utilisation\"}]},{\"@type\":\"WebSite\",\"@id\":\"https:\/\/www.fiftysecondsexperience.com\/#website\",\"url\":\"https:\/\/www.fiftysecondsexperience.com\/\",\"name\":\"Fifty Seconds\",\"description\":\"\",\"publisher\":{\"@id\":\"https:\/\/www.fiftysecondsexperience.com\/#organization\"},\"potentialAction\":[{\"@type\":\"SearchAction\",\"target\":{\"@type\":\"EntryPoint\",\"urlTemplate\":\"https:\/\/www.fiftysecondsexperience.com\/?s={search_term_string}\"},\"query-input\":{\"@type\":\"PropertyValueSpecification\",\"valueRequired\":true,\"valueName\":\"search_term_string\"}}],\"inLanguage\":\"fr-FR\"},{\"@type\":\"Organization\",\"@id\":\"https:\/\/www.fiftysecondsexperience.com\/#organization\",\"name\":\"Fifty Seconds\",\"url\":\"https:\/\/www.fiftysecondsexperience.com\/\",\"logo\":{\"@type\":\"ImageObject\",\"inLanguage\":\"fr-FR\",\"@id\":\"https:\/\/www.fiftysecondsexperience.com\/#\/schema\/logo\/image\/\",\"url\":\"https:\/\/www.fiftysecondsexperience.com\/wp-content\/uploads\/2024\/01\/Logo-Fifty-Seconds2-Restaurante-Lisboa-Estrela-Michelin-Header-1.svg\",\"contentUrl\":\"https:\/\/www.fiftysecondsexperience.com\/wp-content\/uploads\/2024\/01\/Logo-Fifty-Seconds2-Restaurante-Lisboa-Estrela-Michelin-Header-1.svg\",\"width\":\"1024\",\"height\":\"1024\",\"caption\":\"Fifty Seconds\"},\"image\":{\"@id\":\"https:\/\/www.fiftysecondsexperience.com\/#\/schema\/logo\/image\/\"}}]}<\/script>\n<!-- \/ Yoast SEO plugin. -->","yoast_head_json":{"title":"Conditions g\u00e9n\u00e9rales d'utilisation - Fifty Seconds","robots":{"index":"index","follow":"follow","max-snippet":"max-snippet:-1","max-image-preview":"max-image-preview:large","max-video-preview":"max-video-preview:-1"},"canonical":"https:\/\/www.fiftysecondsexperience.com\/fr\/conditions-generales-dutilisation\/","og_locale":"fr_FR","og_type":"article","og_title":"Conditions g\u00e9n\u00e9rales d'utilisation - Fifty Seconds","og_description":"[vc_row][vc_column][vc_column_text] Conditions g\u00e9n\u00e9rales d&rsquo;utilisation &nbsp; Les petits caract\u00e8res ! MAIS PAS SI PETITS QUE VOUS NE PUISSIEZ LES LIRE ! En acc\u00e9dant \u00e0 ce site, l&rsquo;utilisateur s&rsquo;engage \u00e0 accepter et \u00e0 respecter les pr\u00e9sentes conditions d&rsquo;utilisation. Les informations contenues dans [&hellip;]","og_url":"https:\/\/www.fiftysecondsexperience.com\/fr\/conditions-generales-dutilisation\/","og_site_name":"Fifty Seconds","article_modified_time":"2024-09-06T11:31:26+00:00","twitter_card":"summary_large_image","twitter_misc":{"Dur\u00e9e de lecture estim\u00e9e":"3 minutes"},"schema":{"@context":"https:\/\/schema.org","@graph":[{"@type":"WebPage","@id":"https:\/\/www.fiftysecondsexperience.com\/fr\/conditions-generales-dutilisation\/","url":"https:\/\/www.fiftysecondsexperience.com\/fr\/conditions-generales-dutilisation\/","name":"Conditions g\u00e9n\u00e9rales d'utilisation - Fifty Seconds","isPartOf":{"@id":"https:\/\/www.fiftysecondsexperience.com\/#website"},"datePublished":"2023-10-04T16:27:17+00:00","dateModified":"2024-09-06T11:31:26+00:00","breadcrumb":{"@id":"https:\/\/www.fiftysecondsexperience.com\/fr\/conditions-generales-dutilisation\/#breadcrumb"},"inLanguage":"fr-FR","potentialAction":[{"@type":"ReadAction","target":["https:\/\/www.fiftysecondsexperience.com\/fr\/conditions-generales-dutilisation\/"]}]},{"@type":"BreadcrumbList","@id":"https:\/\/www.fiftysecondsexperience.com\/fr\/conditions-generales-dutilisation\/#breadcrumb","itemListElement":[{"@type":"ListItem","position":1,"name":"In\u00edcio","item":"https:\/\/www.fiftysecondsexperience.com\/fr\/"},{"@type":"ListItem","position":2,"name":"Conditions g\u00e9n\u00e9rales d&#8217;utilisation"}]},{"@type":"WebSite","@id":"https:\/\/www.fiftysecondsexperience.com\/#website","url":"https:\/\/www.fiftysecondsexperience.com\/","name":"Fifty Seconds","description":"","publisher":{"@id":"https:\/\/www.fiftysecondsexperience.com\/#organization"},"potentialAction":[{"@type":"SearchAction","target":{"@type":"EntryPoint","urlTemplate":"https:\/\/www.fiftysecondsexperience.com\/?s={search_term_string}"},"query-input":{"@type":"PropertyValueSpecification","valueRequired":true,"valueName":"search_term_string"}}],"inLanguage":"fr-FR"},{"@type":"Organization","@id":"https:\/\/www.fiftysecondsexperience.com\/#organization","name":"Fifty Seconds","url":"https:\/\/www.fiftysecondsexperience.com\/","logo":{"@type":"ImageObject","inLanguage":"fr-FR","@id":"https:\/\/www.fiftysecondsexperience.com\/#\/schema\/logo\/image\/","url":"https:\/\/www.fiftysecondsexperience.com\/wp-content\/uploads\/2024\/01\/Logo-Fifty-Seconds2-Restaurante-Lisboa-Estrela-Michelin-Header-1.svg","contentUrl":"https:\/\/www.fiftysecondsexperience.com\/wp-content\/uploads\/2024\/01\/Logo-Fifty-Seconds2-Restaurante-Lisboa-Estrela-Michelin-Header-1.svg","width":"1024","height":"1024","caption":"Fifty Seconds"},"image":{"@id":"https:\/\/www.fiftysecondsexperience.com\/#\/schema\/logo\/image\/"}}]}},"_links":{"self":[{"href":"https:\/\/www.fiftysecondsexperience.com\/fr\/wp-json\/wp\/v2\/pages\/13372","targetHints":{"allow":["GET"]}}],"collection":[{"href":"https:\/\/www.fiftysecondsexperience.com\/fr\/wp-json\/wp\/v2\/pages"}],"about":[{"href":"https:\/\/www.fiftysecondsexperience.com\/fr\/wp-json\/wp\/v2\/types\/page"}],"author":[{"embeddable":true,"href":"https:\/\/www.fiftysecondsexperience.com\/fr\/wp-json\/wp\/v2\/users\/1"}],"replies":[{"embeddable":true,"href":"https:\/\/www.fiftysecondsexperience.com\/fr\/wp-json\/wp\/v2\/comments?post=13372"}],"version-history":[{"count":3,"href":"https:\/\/www.fiftysecondsexperience.com\/fr\/wp-json\/wp\/v2\/pages\/13372\/revisions"}],"predecessor-version":[{"id":13378,"href":"https:\/\/www.fiftysecondsexperience.com\/fr\/wp-json\/wp\/v2\/pages\/13372\/revisions\/13378"}],"wp:attachment":[{"href":"https:\/\/www.fiftysecondsexperience.com\/fr\/wp-json\/wp\/v2\/media?parent=13372"}],"curies":[{"name":"wp","href":"https:\/\/api.w.org\/{rel}","templated":true}]}}