{"id":13348,"date":"2023-10-06T10:32:57","date_gmt":"2023-10-06T10:32:57","guid":{"rendered":"https:\/\/www.fiftysecondsexperience.com\/plan-du-site\/"},"modified":"2024-09-04T15:31:16","modified_gmt":"2024-09-04T15:31:16","slug":"plan-du-site","status":"publish","type":"page","link":"https:\/\/www.fiftysecondsexperience.com\/fr\/plan-du-site\/","title":{"rendered":"Plan du site"},"content":{"rendered":"<section class=\"wpb-content-wrapper\"><p>[vc_row][vc_column width=\u00a0\u00bb1\/3&Prime;][vc_raw_html]JTNDcCUyMHN0eWxlJTNEJTIyZm9udC1zaXplJTNBMjBweCUzQiUyMiUzRSUzQ3N0cm9uZyUzRVJlc3RhdXJhbnQlM0MlMkZzdHJvbmclM0UlM0MlMkZwJTNFJTBBJTNDdWwlM0UlMEElMjAlMjAlMjAlMjAlM0NsaSUzRSUzQ2ElMjBocmVmJTNEJTIyaHR0cHMlM0ElMkYlMkZ3d3cuZmlmdHlzZWNvbmRzZXhwZXJpZW5jZS5jb20lMkZmciUyMiUzRUhvbWUlM0MlMkZhJTNFJTNDJTJGbGklM0UlMEElMjAlMjAlMjAlMjAlM0NsaSUzRSUzQ2ElMjBocmVmJTNEJTIyaHR0cHMlM0ElMkYlMkZ3d3cuZmlmdHlzZWNvbmRzZXhwZXJpZW5jZS5jb20lMkZmciUyRnJlc3RhdXJhbnQlMkYlMjIlM0VBJTIwcHJvcG9zJTIwZGUlM0MlMkZhJTNFJTNDJTJGbGklM0UlMEElMjAlMjAlMjAlMjAlM0NsaSUzRSUzQ2ElMjBocmVmJTNEJTIyaHR0cHMlM0ElMkYlMkZ3d3cuZmlmdHlzZWNvbmRzZXhwZXJpZW5jZS5jb20lMkZmciUyRmNoZWYtcnVpLXNpbHZlc3RyZSUyRiUyMiUzRU8lMjBDaGVmJTNDJTJGYSUzRSUzQyUyRmxpJTNFJTBBJTIwJTIwJTIwJTIwJTNDbGklM0UlM0NhJTIwaHJlZiUzRCUyMmh0dHBzJTNBJTJGJTJGd3d3LmZpZnR5c2Vjb25kc2V4cGVyaWVuY2UuY29tJTJGZnIlMkZsZXF1aXBlJTJGJTIyJTNFTCUyNyVDMyVBOXF1aXBlJTNDJTJGYSUzRSUzQyUyRmxpJTNFJTBBJTIwJTIwJTIwJTIwJTNDbGklM0UlM0NhJTIwaHJlZiUzRCUyMmh0dHBzJTNBJTJGJTJGd3d3LmZpZnR5c2Vjb25kc2V4cGVyaWVuY2UuY29tJTJGZnIlMkZzZXJpZS10YXN0ZS1vZiUyRiUyMiUzRVMlQzMlQTlyaWUlMjBUYXN0ZSUyME9mJTIwJTNDJTJGYSUzRSUzQyUyRmxpJTNFJTBBJTIwJTIwJTIwJTIwJTNDbGklM0UlM0NhJTIwaHJlZiUzRCUyMmh0dHBzJTNBJTJGJTJGd3d3LmZpZnR5c2Vjb25kc2V4cGVyaWVuY2UuY29tJTJGZnIlMkZnYWxlcmllJTJGJTJGJTIyJTNFR2FsZXJpZSUzQyUyRmElM0UlM0MlMkZsaSUzRSUwQSUyMCUyMCUyMCUyMCUzQ2xpJTNFJTNDYSUyMGhyZWYlM0QlMjJodHRwcyUzQSUyRiUyRnd3dy5maWZ0eXNlY29uZHNleHBlcmllbmNlLmNvbSUyRmZyJTJGY29udGFjdHMlMkYlMjIlM0VDb250YWN0cyUzQyUyRmElM0UlM0MlMkZsaSUzRSUwQSUzQyUyRnVsJTNFJTBB[\/vc_raw_html][\/vc_column][vc_column width=\u00a0\u00bb1\/3&Prime;][vc_raw_html]JTNDcCUyMHN0eWxlJTNEJTIyZm9udC1zaXplJTNBMjBweCUzQiUyMiUzRSUzQ3N0cm9uZyUzRSUyMFIlQzMlQTlzZXJ2YXRpb25zJTIwJTIwJTNDJTJGc3Ryb25nJTNFJTNDJTJGcCUzRSUwQSUzQ3VsJTNFJTBBJTIwJTIwJTIwJTIwJTNDbGklM0UlM0NhJTIwaHJlZiUzRCUyMmh0dHBzJTNBJTJGJTJGd3d3LmZpZnR5c2Vjb25kc2V4cGVyaWVuY2UuY29tJTJGZnIlMkZyZXNlcnZhdGlvbiUyRiUyMiUzRVIlQzMlQTlzZXJ2ZXolMjB1bmUlMjB0YWJsZSUzQyUyRmElM0UlM0MlMkZsaSUzRSUwQSUyMCUyMCUyMCUyMCUzQ2xpJTNFJTNDYSUyMGhyZWYlM0QlMjJodHRwcyUzQSUyRiUyRnd3dy5maWZ0eXNlY29uZHNleHBlcmllbmNlLmNvbSUyRmZyJTJGYm9uJTJGJTIyJTNFQm9uJTIwRmlmdHklMjBTZWNvbmRzJTNDJTJGYSUzRSUzQyUyRmxpJTNFJTBBJTNDJTJGdWwlM0UlMEElM0NwJTIwc3R5bGUlM0QlMjJmb250LXNpemUlM0EyMHB4JTNCJTIyJTNFJTNDc3Ryb25nJTNFJTIwUHJlc3MlMjAlM0MlMkZzdHJvbmclM0UlM0MlMkZwJTNFJTBBJTNDdWwlM0UlMEElMjAlMjAlMjAlMjAlMjAlMjAlMjAlMjAlM0NsaSUzRSUzQ2ElMjBocmVmJTNEJTIyaHR0cHMlM0ElMkYlMkZ3d3cuZmlmdHlzZWNvbmRzZXhwZXJpZW5jZS5jb20lMkZmciUyRnByaXglMkYlMjIlM0VQcml4JTNDJTJGYSUzRSUzQyUyRmxpJTNFJTBBJTIwJTIwJTIwJTIwJTIwJTIwJTIwJTIwJTNDbGklM0UlM0NhJTIwaHJlZiUzRCUyMmh0dHBzJTNBJTJGJTJGd3d3LmZpZnR5c2Vjb25kc2V4cGVyaWVuY2UuY29tJTJGZnIlMkZuZXdzbGV0dGVyLXN1YnNjcmliZSUyRiUyMiUzRVMlMjdhYm9ubmVyJTIwJUMzJUEwJTIwbGElMjBsZXR0cmUlMjBkJTI3aW5mb3JtYXRpb24lM0MlMkZhJTNFJTNDJTJGbGklM0UlMEElM0MlMkZ1bCUzRQ==[\/vc_raw_html][\/vc_column][vc_column width=\u00a0\u00bb1\/3&Prime;][vc_raw_html]JTNDcCUyMHN0eWxlJTNEJTIyZm9udC1zaXplJTNBMjBweCUzQiUyMiUzRSUzQ3N0cm9uZyUzRU1lbnUlMjAlM0MlMkZzdHJvbmclM0UlM0MlMkZwJTNFJTBBJTNDdWwlM0UlMEElMjAlMjAlMjAlMjAlM0NsaSUzRSUzQ2ElMjBocmVmJTNEJTIyaHR0cHMlM0ElMkYlMkZ3d3cuZmlmdHlzZWNvbmRzZXhwZXJpZW5jZS5jb20lMkZmciUyRm1lbnUlMkYlMjIlM0VNZW51JTNDJTJGYSUzRSUzQyUyRmxpJTNFJTBBJTIwJTIwJTIwJTIwJTNDbGklM0UlM0NhJTIwaHJlZiUzRCUyMmh0dHBzJTNBJTJGJTJGd3d3LmZpZnR5c2Vjb25kc2V4cGVyaWVuY2UuY29tJTJGZnIlMkZ2aW5zJTJGJTIyJTNFQ2FydGUlMjBkZXMlMjB2aW5zJTNDJTJGYSUzRSUzQyUyRmxpJTNFJTBBJTNDJTJGdWwlM0U=[\/vc_raw_html][\/vc_column][\/vc_row][vc_row][vc_column]<a itemprop=\"url\" href=\"https:\/\/www.fiftysecondsexperience.com\/fr\/reservation\/\" target=\"_self\"  class=\"mkdf-btn mkdf-btn-medium mkdf-btn-solid reservar-mesa-button\"  >\n\t    <span class=\"mkdf-btn-text\">R\u00e9servez une table<\/span>\n    <\/a>[\/vc_column][\/vc_row]<\/p>\n<\/section>","protected":false},"excerpt":{"rendered":"<p>[vc_row][vc_column width=\u00a0\u00bb1\/3&Prime;][vc_raw_html]JTNDcCUyMHN0eWxlJTNEJTIyZm9udC1zaXplJTNBMjBweCUzQiUyMiUzRSUzQ3N0cm9uZyUzRVJlc3RhdXJhbnQlM0MlMkZzdHJvbmclM0UlM0MlMkZwJTNFJTBBJTNDdWwlM0UlMEElMjAlMjAlMjAlMjAlM0NsaSUzRSUzQ2ElMjBocmVmJTNEJTIyaHR0cHMlM0ElMkYlMkZ3d3cuZmlmdHlzZWNvbmRzZXhwZXJpZW5jZS5jb20lMkZmciUyMiUzRUhvbWUlM0MlMkZhJTNFJTNDJTJGbGklM0UlMEElMjAlMjAlMjAlMjAlM0NsaSUzRSUzQ2ElMjBocmVmJTNEJTIyaHR0cHMlM0ElMkYlMkZ3d3cuZmlmdHlzZWNvbmRzZXhwZXJpZW5jZS5jb20lMkZmciUyRnJlc3RhdXJhbnQlMkYlMjIlM0VBJTIwcHJvcG9zJTIwZGUlM0MlMkZhJTNFJTNDJTJGbGklM0UlMEElMjAlMjAlMjAlMjAlM0NsaSUzRSUzQ2ElMjBocmVmJTNEJTIyaHR0cHMlM0ElMkYlMkZ3d3cuZmlmdHlzZWNvbmRzZXhwZXJpZW5jZS5jb20lMkZmciUyRmNoZWYtcnVpLXNpbHZlc3RyZSUyRiUyMiUzRU8lMjBDaGVmJTNDJTJGYSUzRSUzQyUyRmxpJTNFJTBBJTIwJTIwJTIwJTIwJTNDbGklM0UlM0NhJTIwaHJlZiUzRCUyMmh0dHBzJTNBJTJGJTJGd3d3LmZpZnR5c2Vjb25kc2V4cGVyaWVuY2UuY29tJTJGZnIlMkZsZXF1aXBlJTJGJTIyJTNFTCUyNyVDMyVBOXF1aXBlJTNDJTJGYSUzRSUzQyUyRmxpJTNFJTBBJTIwJTIwJTIwJTIwJTNDbGklM0UlM0NhJTIwaHJlZiUzRCUyMmh0dHBzJTNBJTJGJTJGd3d3LmZpZnR5c2Vjb25kc2V4cGVyaWVuY2UuY29tJTJGZnIlMkZzZXJpZS10YXN0ZS1vZiUyRiUyMiUzRVMlQzMlQTlyaWUlMjBUYXN0ZSUyME9mJTIwJTNDJTJGYSUzRSUzQyUyRmxpJTNFJTBBJTIwJTIwJTIwJTIwJTNDbGklM0UlM0NhJTIwaHJlZiUzRCUyMmh0dHBzJTNBJTJGJTJGd3d3LmZpZnR5c2Vjb25kc2V4cGVyaWVuY2UuY29tJTJGZnIlMkZnYWxlcmllJTJGJTJGJTIyJTNFR2FsZXJpZSUzQyUyRmElM0UlM0MlMkZsaSUzRSUwQSUyMCUyMCUyMCUyMCUzQ2xpJTNFJTNDYSUyMGhyZWYlM0QlMjJodHRwcyUzQSUyRiUyRnd3dy5maWZ0eXNlY29uZHNleHBlcmllbmNlLmNvbSUyRmZyJTJGY29udGFjdHMlMkYlMjIlM0VDb250YWN0cyUzQyUyRmElM0UlM0MlMkZsaSUzRSUwQSUzQyUyRnVsJTNFJTBB[\/vc_raw_html][\/vc_column][vc_column width=\u00a0\u00bb1\/3&Prime;][vc_raw_html]JTNDcCUyMHN0eWxlJTNEJTIyZm9udC1zaXplJTNBMjBweCUzQiUyMiUzRSUzQ3N0cm9uZyUzRSUyMFIlQzMlQTlzZXJ2YXRpb25zJTIwJTIwJTNDJTJGc3Ryb25nJTNFJTNDJTJGcCUzRSUwQSUzQ3VsJTNFJTBBJTIwJTIwJTIwJTIwJTNDbGklM0UlM0NhJTIwaHJlZiUzRCUyMmh0dHBzJTNBJTJGJTJGd3d3LmZpZnR5c2Vjb25kc2V4cGVyaWVuY2UuY29tJTJGZnIlMkZyZXNlcnZhdGlvbiUyRiUyMiUzRVIlQzMlQTlzZXJ2ZXolMjB1bmUlMjB0YWJsZSUzQyUyRmElM0UlM0MlMkZsaSUzRSUwQSUyMCUyMCUyMCUyMCUzQ2xpJTNFJTNDYSUyMGhyZWYlM0QlMjJodHRwcyUzQSUyRiUyRnd3dy5maWZ0eXNlY29uZHNleHBlcmllbmNlLmNvbSUyRmZyJTJGYm9uJTJGJTIyJTNFQm9uJTIwRmlmdHklMjBTZWNvbmRzJTNDJTJGYSUzRSUzQyUyRmxpJTNFJTBBJTNDJTJGdWwlM0UlMEElM0NwJTIwc3R5bGUlM0QlMjJmb250LXNpemUlM0EyMHB4JTNCJTIyJTNFJTNDc3Ryb25nJTNFJTIwUHJlc3MlMjAlM0MlMkZzdHJvbmclM0UlM0MlMkZwJTNFJTBBJTNDdWwlM0UlMEElMjAlMjAlMjAlMjAlMjAlMjAlMjAlMjAlM0NsaSUzRSUzQ2ElMjBocmVmJTNEJTIyaHR0cHMlM0ElMkYlMkZ3d3cuZmlmdHlzZWNvbmRzZXhwZXJpZW5jZS5jb20lMkZmciUyRnByaXglMkYlMjIlM0VQcml4JTNDJTJGYSUzRSUzQyUyRmxpJTNFJTBBJTIwJTIwJTIwJTIwJTIwJTIwJTIwJTIwJTNDbGklM0UlM0NhJTIwaHJlZiUzRCUyMmh0dHBzJTNBJTJGJTJGd3d3LmZpZnR5c2Vjb25kc2V4cGVyaWVuY2UuY29tJTJGZnIlMkZuZXdzbGV0dGVyLXN1YnNjcmliZSUyRiUyMiUzRVMlMjdhYm9ubmVyJTIwJUMzJUEwJTIwbGElMjBsZXR0cmUlMjBkJTI3aW5mb3JtYXRpb24lM0MlMkZhJTNFJTNDJTJGbGklM0UlMEElM0MlMkZ1bCUzRQ==[\/vc_raw_html][\/vc_column][vc_column width=\u00a0\u00bb1\/3&Prime;][vc_raw_html]JTNDcCUyMHN0eWxlJTNEJTIyZm9udC1zaXplJTNBMjBweCUzQiUyMiUzRSUzQ3N0cm9uZyUzRU1lbnUlMjAlM0MlMkZzdHJvbmclM0UlM0MlMkZwJTNFJTBBJTNDdWwlM0UlMEElMjAlMjAlMjAlMjAlM0NsaSUzRSUzQ2ElMjBocmVmJTNEJTIyaHR0cHMlM0ElMkYlMkZ3d3cuZmlmdHlzZWNvbmRzZXhwZXJpZW5jZS5jb20lMkZmciUyRm1lbnUlMkYlMjIlM0VNZW51JTNDJTJGYSUzRSUzQyUyRmxpJTNFJTBBJTIwJTIwJTIwJTIwJTNDbGklM0UlM0NhJTIwaHJlZiUzRCUyMmh0dHBzJTNBJTJGJTJGd3d3LmZpZnR5c2Vjb25kc2V4cGVyaWVuY2UuY29tJTJGZnIlMkZ2aW5zJTJGJTIyJTNFQ2FydGUlMjBkZXMlMjB2aW5zJTNDJTJGYSUzRSUzQyUyRmxpJTNFJTBBJTNDJTJGdWwlM0U=[\/vc_raw_html][\/vc_column][\/vc_row][vc_row][vc_column][\/vc_column][\/vc_row]<\/p>\n","protected":false},"author":1,"featured_media":0,"parent":0,"menu_order":0,"comment_status":"closed","ping_status":"closed","template":"","meta":{"inline_featured_image":false,"footnotes":"","_links_to":"","_links_to_target":""},"class_list":["post-13348","page","type-page","status-publish","hentry"],"yoast_head":"<!-- This site is optimized with the Yoast SEO plugin v26.1.1 - https:\/\/yoast.com\/wordpress\/plugins\/seo\/ -->\n<title>Plan du site | Fifty Seconds - Restaurant \u00e9toil\u00e9 Michelin<\/title>\n<meta name=\"description\" content=\"Sur le plan du site, vous trouverez tous les liens n\u00e9cessaires pour en savoir plus sur le restaurant Fifty Seconds.\" \/>\n<meta name=\"robots\" content=\"index, follow, max-snippet:-1, max-image-preview:large, max-video-preview:-1\" \/>\n<link rel=\"canonical\" href=\"https:\/\/www.fiftysecondsexperience.com\/fr\/plan-du-site\/\" \/>\n<meta property=\"og:locale\" content=\"fr_FR\" \/>\n<meta property=\"og:type\" content=\"article\" \/>\n<meta property=\"og:title\" content=\"Plan du site | Fifty Seconds - Restaurant \u00e9toil\u00e9 Michelin\" \/>\n<meta property=\"og:description\" content=\"Sur le plan du site, vous trouverez tous les liens n\u00e9cessaires pour en savoir plus sur le restaurant Fifty Seconds.\" \/>\n<meta property=\"og:url\" content=\"https:\/\/www.fiftysecondsexperience.com\/fr\/plan-du-site\/\" \/>\n<meta property=\"og:site_name\" content=\"Fifty Seconds\" \/>\n<meta property=\"article:modified_time\" content=\"2024-09-04T15:31:16+00:00\" \/>\n<meta name=\"twitter:card\" content=\"summary_large_image\" \/>\n<meta name=\"twitter:label1\" content=\"Dur\u00e9e de lecture estim\u00e9e\" \/>\n\t<meta name=\"twitter:data1\" content=\"1 minute\" \/>\n<script type=\"application\/ld+json\" class=\"yoast-schema-graph\">{\"@context\":\"https:\/\/schema.org\",\"@graph\":[{\"@type\":\"WebPage\",\"@id\":\"https:\/\/www.fiftysecondsexperience.com\/fr\/plan-du-site\/\",\"url\":\"https:\/\/www.fiftysecondsexperience.com\/fr\/plan-du-site\/\",\"name\":\"Plan du site | Fifty Seconds - Restaurant \u00e9toil\u00e9 Michelin\",\"isPartOf\":{\"@id\":\"https:\/\/www.fiftysecondsexperience.com\/#website\"},\"datePublished\":\"2023-10-06T10:32:57+00:00\",\"dateModified\":\"2024-09-04T15:31:16+00:00\",\"description\":\"Sur le plan du site, vous trouverez tous les liens n\u00e9cessaires pour en savoir plus sur le restaurant Fifty Seconds.\",\"breadcrumb\":{\"@id\":\"https:\/\/www.fiftysecondsexperience.com\/fr\/plan-du-site\/#breadcrumb\"},\"inLanguage\":\"fr-FR\",\"potentialAction\":[{\"@type\":\"ReadAction\",\"target\":[\"https:\/\/www.fiftysecondsexperience.com\/fr\/plan-du-site\/\"]}]},{\"@type\":\"BreadcrumbList\",\"@id\":\"https:\/\/www.fiftysecondsexperience.com\/fr\/plan-du-site\/#breadcrumb\",\"itemListElement\":[{\"@type\":\"ListItem\",\"position\":1,\"name\":\"In\u00edcio\",\"item\":\"https:\/\/www.fiftysecondsexperience.com\/fr\/\"},{\"@type\":\"ListItem\",\"position\":2,\"name\":\"Plan du site\"}]},{\"@type\":\"WebSite\",\"@id\":\"https:\/\/www.fiftysecondsexperience.com\/#website\",\"url\":\"https:\/\/www.fiftysecondsexperience.com\/\",\"name\":\"Fifty Seconds\",\"description\":\"\",\"publisher\":{\"@id\":\"https:\/\/www.fiftysecondsexperience.com\/#organization\"},\"potentialAction\":[{\"@type\":\"SearchAction\",\"target\":{\"@type\":\"EntryPoint\",\"urlTemplate\":\"https:\/\/www.fiftysecondsexperience.com\/?s={search_term_string}\"},\"query-input\":{\"@type\":\"PropertyValueSpecification\",\"valueRequired\":true,\"valueName\":\"search_term_string\"}}],\"inLanguage\":\"fr-FR\"},{\"@type\":\"Organization\",\"@id\":\"https:\/\/www.fiftysecondsexperience.com\/#organization\",\"name\":\"Fifty Seconds\",\"url\":\"https:\/\/www.fiftysecondsexperience.com\/\",\"logo\":{\"@type\":\"ImageObject\",\"inLanguage\":\"fr-FR\",\"@id\":\"https:\/\/www.fiftysecondsexperience.com\/#\/schema\/logo\/image\/\",\"url\":\"https:\/\/www.fiftysecondsexperience.com\/wp-content\/uploads\/2024\/01\/Logo-Fifty-Seconds2-Restaurante-Lisboa-Estrela-Michelin-Header-1.svg\",\"contentUrl\":\"https:\/\/www.fiftysecondsexperience.com\/wp-content\/uploads\/2024\/01\/Logo-Fifty-Seconds2-Restaurante-Lisboa-Estrela-Michelin-Header-1.svg\",\"width\":\"1024\",\"height\":\"1024\",\"caption\":\"Fifty Seconds\"},\"image\":{\"@id\":\"https:\/\/www.fiftysecondsexperience.com\/#\/schema\/logo\/image\/\"}}]}<\/script>\n<!-- \/ Yoast SEO plugin. -->","yoast_head_json":{"title":"Plan du site | Fifty Seconds - Restaurant \u00e9toil\u00e9 Michelin","description":"Sur le plan du site, vous trouverez tous les liens n\u00e9cessaires pour en savoir plus sur le restaurant Fifty Seconds.","robots":{"index":"index","follow":"follow","max-snippet":"max-snippet:-1","max-image-preview":"max-image-preview:large","max-video-preview":"max-video-preview:-1"},"canonical":"https:\/\/www.fiftysecondsexperience.com\/fr\/plan-du-site\/","og_locale":"fr_FR","og_type":"article","og_title":"Plan du site | Fifty Seconds - Restaurant \u00e9toil\u00e9 Michelin","og_description":"Sur le plan du site, vous trouverez tous les liens n\u00e9cessaires pour en savoir plus sur le restaurant Fifty Seconds.","og_url":"https:\/\/www.fiftysecondsexperience.com\/fr\/plan-du-site\/","og_site_name":"Fifty Seconds","article_modified_time":"2024-09-04T15:31:16+00:00","twitter_card":"summary_large_image","twitter_misc":{"Dur\u00e9e de lecture estim\u00e9e":"1 minute"},"schema":{"@context":"https:\/\/schema.org","@graph":[{"@type":"WebPage","@id":"https:\/\/www.fiftysecondsexperience.com\/fr\/plan-du-site\/","url":"https:\/\/www.fiftysecondsexperience.com\/fr\/plan-du-site\/","name":"Plan du site | Fifty Seconds - Restaurant \u00e9toil\u00e9 Michelin","isPartOf":{"@id":"https:\/\/www.fiftysecondsexperience.com\/#website"},"datePublished":"2023-10-06T10:32:57+00:00","dateModified":"2024-09-04T15:31:16+00:00","description":"Sur le plan du site, vous trouverez tous les liens n\u00e9cessaires pour en savoir plus sur le restaurant Fifty Seconds.","breadcrumb":{"@id":"https:\/\/www.fiftysecondsexperience.com\/fr\/plan-du-site\/#breadcrumb"},"inLanguage":"fr-FR","potentialAction":[{"@type":"ReadAction","target":["https:\/\/www.fiftysecondsexperience.com\/fr\/plan-du-site\/"]}]},{"@type":"BreadcrumbList","@id":"https:\/\/www.fiftysecondsexperience.com\/fr\/plan-du-site\/#breadcrumb","itemListElement":[{"@type":"ListItem","position":1,"name":"In\u00edcio","item":"https:\/\/www.fiftysecondsexperience.com\/fr\/"},{"@type":"ListItem","position":2,"name":"Plan du site"}]},{"@type":"WebSite","@id":"https:\/\/www.fiftysecondsexperience.com\/#website","url":"https:\/\/www.fiftysecondsexperience.com\/","name":"Fifty Seconds","description":"","publisher":{"@id":"https:\/\/www.fiftysecondsexperience.com\/#organization"},"potentialAction":[{"@type":"SearchAction","target":{"@type":"EntryPoint","urlTemplate":"https:\/\/www.fiftysecondsexperience.com\/?s={search_term_string}"},"query-input":{"@type":"PropertyValueSpecification","valueRequired":true,"valueName":"search_term_string"}}],"inLanguage":"fr-FR"},{"@type":"Organization","@id":"https:\/\/www.fiftysecondsexperience.com\/#organization","name":"Fifty Seconds","url":"https:\/\/www.fiftysecondsexperience.com\/","logo":{"@type":"ImageObject","inLanguage":"fr-FR","@id":"https:\/\/www.fiftysecondsexperience.com\/#\/schema\/logo\/image\/","url":"https:\/\/www.fiftysecondsexperience.com\/wp-content\/uploads\/2024\/01\/Logo-Fifty-Seconds2-Restaurante-Lisboa-Estrela-Michelin-Header-1.svg","contentUrl":"https:\/\/www.fiftysecondsexperience.com\/wp-content\/uploads\/2024\/01\/Logo-Fifty-Seconds2-Restaurante-Lisboa-Estrela-Michelin-Header-1.svg","width":"1024","height":"1024","caption":"Fifty Seconds"},"image":{"@id":"https:\/\/www.fiftysecondsexperience.com\/#\/schema\/logo\/image\/"}}]}},"_links":{"self":[{"href":"https:\/\/www.fiftysecondsexperience.com\/fr\/wp-json\/wp\/v2\/pages\/13348","targetHints":{"allow":["GET"]}}],"collection":[{"href":"https:\/\/www.fiftysecondsexperience.com\/fr\/wp-json\/wp\/v2\/pages"}],"about":[{"href":"https:\/\/www.fiftysecondsexperience.com\/fr\/wp-json\/wp\/v2\/types\/page"}],"author":[{"embeddable":true,"href":"https:\/\/www.fiftysecondsexperience.com\/fr\/wp-json\/wp\/v2\/users\/1"}],"replies":[{"embeddable":true,"href":"https:\/\/www.fiftysecondsexperience.com\/fr\/wp-json\/wp\/v2\/comments?post=13348"}],"version-history":[{"count":4,"href":"https:\/\/www.fiftysecondsexperience.com\/fr\/wp-json\/wp\/v2\/pages\/13348\/revisions"}],"predecessor-version":[{"id":13363,"href":"https:\/\/www.fiftysecondsexperience.com\/fr\/wp-json\/wp\/v2\/pages\/13348\/revisions\/13363"}],"wp:attachment":[{"href":"https:\/\/www.fiftysecondsexperience.com\/fr\/wp-json\/wp\/v2\/media?parent=13348"}],"curies":[{"name":"wp","href":"https:\/\/api.w.org\/{rel}","templated":true}]}}