{"id":13294,"date":"2018-08-20T09:37:33","date_gmt":"2018-08-20T09:37:33","guid":{"rendered":"https:\/\/www.fiftysecondsexperience.com\/actualites\/"},"modified":"2025-04-03T10:59:06","modified_gmt":"2025-04-03T10:59:06","slug":"actualites","status":"publish","type":"page","link":"https:\/\/www.fiftysecondsexperience.com\/fr\/actualites\/","title":{"rendered":"Actualit\u00e9s"},"content":{"rendered":"<section class=\"wpb-content-wrapper\"><p>[vc_row][vc_column]<a itemprop=\"url\" href=\"https:\/\/www.fiftysecondsexperience.com\/reservas\" target=\"_self\"  class=\"mkdf-btn mkdf-btn-medium mkdf-btn-solid reservar-mesa-button\"  >\n\t    <span class=\"mkdf-btn-text\">reservar mesa<\/span>\n    <\/a>[\/vc_column][\/vc_row]<\/p>\n<\/section>","protected":false},"excerpt":{"rendered":"<p>[vc_row][vc_column][\/vc_column][\/vc_row]<\/p>\n","protected":false},"author":1,"featured_media":0,"parent":0,"menu_order":0,"comment_status":"closed","ping_status":"closed","template":"blog-standard","meta":{"inline_featured_image":false,"footnotes":"","_links_to":"","_links_to_target":""},"class_list":["post-13294","page","type-page","status-publish","hentry"],"yoast_head":"<!-- This site is optimized with the Yoast SEO plugin v26.1.1 - https:\/\/yoast.com\/wordpress\/plugins\/seo\/ -->\n<title>Presse - Fifty Seconds News | Restaurant \u00e9toil\u00e9 Michelin<\/title>\n<meta name=\"description\" content=\"Lisez ce qu&#039;ils disent de l&#039;un des meilleurs restaurants \u00e9toil\u00e9s de Lisbonne. Nouvelles de Fifty Seconds par Mart\u00edn Berasategui.\" \/>\n<meta name=\"robots\" content=\"index, follow, max-snippet:-1, max-image-preview:large, max-video-preview:-1\" \/>\n<link rel=\"canonical\" href=\"https:\/\/www.fiftysecondsexperience.com\/es\/noticias\/\" \/>\n<meta property=\"og:locale\" content=\"fr_FR\" \/>\n<meta property=\"og:type\" content=\"article\" \/>\n<meta property=\"og:title\" content=\"Presse - Fifty Seconds News | Restaurant \u00e9toil\u00e9 Michelin\" \/>\n<meta property=\"og:description\" content=\"Lisez ce qu&#039;ils disent de l&#039;un des meilleurs restaurants \u00e9toil\u00e9s de Lisbonne. Nouvelles de Fifty Seconds par Mart\u00edn Berasategui.\" \/>\n<meta property=\"og:url\" content=\"https:\/\/www.fiftysecondsexperience.com\/es\/noticias\/\" \/>\n<meta property=\"og:site_name\" content=\"Fifty Seconds\" \/>\n<meta property=\"article:modified_time\" content=\"2025-04-03T10:59:06+00:00\" \/>\n<meta name=\"twitter:card\" content=\"summary_large_image\" \/>\n<meta name=\"twitter:label1\" content=\"Dur\u00e9e de lecture estim\u00e9e\" \/>\n\t<meta name=\"twitter:data1\" content=\"1 minute\" \/>\n<script type=\"application\/ld+json\" class=\"yoast-schema-graph\">{\"@context\":\"https:\/\/schema.org\",\"@graph\":[{\"@type\":\"WebPage\",\"@id\":\"https:\/\/www.fiftysecondsexperience.com\/es\/noticias\/\",\"url\":\"https:\/\/www.fiftysecondsexperience.com\/es\/noticias\/\",\"name\":\"Presse - Fifty Seconds News | Restaurant \u00e9toil\u00e9 Michelin\",\"isPartOf\":{\"@id\":\"https:\/\/www.fiftysecondsexperience.com\/#website\"},\"datePublished\":\"2018-08-20T09:37:33+00:00\",\"dateModified\":\"2025-04-03T10:59:06+00:00\",\"description\":\"Lisez ce qu'ils disent de l'un des meilleurs restaurants \u00e9toil\u00e9s de Lisbonne. Nouvelles de Fifty Seconds par Mart\u00edn Berasategui.\",\"breadcrumb\":{\"@id\":\"https:\/\/www.fiftysecondsexperience.com\/es\/noticias\/#breadcrumb\"},\"inLanguage\":\"fr-FR\",\"potentialAction\":[{\"@type\":\"ReadAction\",\"target\":[\"https:\/\/www.fiftysecondsexperience.com\/es\/noticias\/\"]}]},{\"@type\":\"BreadcrumbList\",\"@id\":\"https:\/\/www.fiftysecondsexperience.com\/es\/noticias\/#breadcrumb\",\"itemListElement\":[{\"@type\":\"ListItem\",\"position\":1,\"name\":\"In\u00edcio\",\"item\":\"https:\/\/www.fiftysecondsexperience.com\/fr\/\"},{\"@type\":\"ListItem\",\"position\":2,\"name\":\"Actualit\u00e9s\"}]},{\"@type\":\"WebSite\",\"@id\":\"https:\/\/www.fiftysecondsexperience.com\/#website\",\"url\":\"https:\/\/www.fiftysecondsexperience.com\/\",\"name\":\"Fifty Seconds\",\"description\":\"\",\"publisher\":{\"@id\":\"https:\/\/www.fiftysecondsexperience.com\/#organization\"},\"potentialAction\":[{\"@type\":\"SearchAction\",\"target\":{\"@type\":\"EntryPoint\",\"urlTemplate\":\"https:\/\/www.fiftysecondsexperience.com\/?s={search_term_string}\"},\"query-input\":{\"@type\":\"PropertyValueSpecification\",\"valueRequired\":true,\"valueName\":\"search_term_string\"}}],\"inLanguage\":\"fr-FR\"},{\"@type\":\"Organization\",\"@id\":\"https:\/\/www.fiftysecondsexperience.com\/#organization\",\"name\":\"Fifty Seconds\",\"url\":\"https:\/\/www.fiftysecondsexperience.com\/\",\"logo\":{\"@type\":\"ImageObject\",\"inLanguage\":\"fr-FR\",\"@id\":\"https:\/\/www.fiftysecondsexperience.com\/#\/schema\/logo\/image\/\",\"url\":\"https:\/\/www.fiftysecondsexperience.com\/wp-content\/uploads\/2024\/01\/Logo-Fifty-Seconds2-Restaurante-Lisboa-Estrela-Michelin-Header-1.svg\",\"contentUrl\":\"https:\/\/www.fiftysecondsexperience.com\/wp-content\/uploads\/2024\/01\/Logo-Fifty-Seconds2-Restaurante-Lisboa-Estrela-Michelin-Header-1.svg\",\"width\":\"1024\",\"height\":\"1024\",\"caption\":\"Fifty Seconds\"},\"image\":{\"@id\":\"https:\/\/www.fiftysecondsexperience.com\/#\/schema\/logo\/image\/\"}}]}<\/script>\n<!-- \/ Yoast SEO plugin. -->","yoast_head_json":{"title":"Presse - Fifty Seconds News | Restaurant \u00e9toil\u00e9 Michelin","description":"Lisez ce qu'ils disent de l'un des meilleurs restaurants \u00e9toil\u00e9s de Lisbonne. Nouvelles de Fifty Seconds par Mart\u00edn Berasategui.","robots":{"index":"index","follow":"follow","max-snippet":"max-snippet:-1","max-image-preview":"max-image-preview:large","max-video-preview":"max-video-preview:-1"},"canonical":"https:\/\/www.fiftysecondsexperience.com\/es\/noticias\/","og_locale":"fr_FR","og_type":"article","og_title":"Presse - Fifty Seconds News | Restaurant \u00e9toil\u00e9 Michelin","og_description":"Lisez ce qu'ils disent de l'un des meilleurs restaurants \u00e9toil\u00e9s de Lisbonne. Nouvelles de Fifty Seconds par Mart\u00edn Berasategui.","og_url":"https:\/\/www.fiftysecondsexperience.com\/es\/noticias\/","og_site_name":"Fifty Seconds","article_modified_time":"2025-04-03T10:59:06+00:00","twitter_card":"summary_large_image","twitter_misc":{"Dur\u00e9e de lecture estim\u00e9e":"1 minute"},"schema":{"@context":"https:\/\/schema.org","@graph":[{"@type":"WebPage","@id":"https:\/\/www.fiftysecondsexperience.com\/es\/noticias\/","url":"https:\/\/www.fiftysecondsexperience.com\/es\/noticias\/","name":"Presse - Fifty Seconds News | Restaurant \u00e9toil\u00e9 Michelin","isPartOf":{"@id":"https:\/\/www.fiftysecondsexperience.com\/#website"},"datePublished":"2018-08-20T09:37:33+00:00","dateModified":"2025-04-03T10:59:06+00:00","description":"Lisez ce qu'ils disent de l'un des meilleurs restaurants \u00e9toil\u00e9s de Lisbonne. Nouvelles de Fifty Seconds par Mart\u00edn Berasategui.","breadcrumb":{"@id":"https:\/\/www.fiftysecondsexperience.com\/es\/noticias\/#breadcrumb"},"inLanguage":"fr-FR","potentialAction":[{"@type":"ReadAction","target":["https:\/\/www.fiftysecondsexperience.com\/es\/noticias\/"]}]},{"@type":"BreadcrumbList","@id":"https:\/\/www.fiftysecondsexperience.com\/es\/noticias\/#breadcrumb","itemListElement":[{"@type":"ListItem","position":1,"name":"In\u00edcio","item":"https:\/\/www.fiftysecondsexperience.com\/fr\/"},{"@type":"ListItem","position":2,"name":"Actualit\u00e9s"}]},{"@type":"WebSite","@id":"https:\/\/www.fiftysecondsexperience.com\/#website","url":"https:\/\/www.fiftysecondsexperience.com\/","name":"Fifty Seconds","description":"","publisher":{"@id":"https:\/\/www.fiftysecondsexperience.com\/#organization"},"potentialAction":[{"@type":"SearchAction","target":{"@type":"EntryPoint","urlTemplate":"https:\/\/www.fiftysecondsexperience.com\/?s={search_term_string}"},"query-input":{"@type":"PropertyValueSpecification","valueRequired":true,"valueName":"search_term_string"}}],"inLanguage":"fr-FR"},{"@type":"Organization","@id":"https:\/\/www.fiftysecondsexperience.com\/#organization","name":"Fifty Seconds","url":"https:\/\/www.fiftysecondsexperience.com\/","logo":{"@type":"ImageObject","inLanguage":"fr-FR","@id":"https:\/\/www.fiftysecondsexperience.com\/#\/schema\/logo\/image\/","url":"https:\/\/www.fiftysecondsexperience.com\/wp-content\/uploads\/2024\/01\/Logo-Fifty-Seconds2-Restaurante-Lisboa-Estrela-Michelin-Header-1.svg","contentUrl":"https:\/\/www.fiftysecondsexperience.com\/wp-content\/uploads\/2024\/01\/Logo-Fifty-Seconds2-Restaurante-Lisboa-Estrela-Michelin-Header-1.svg","width":"1024","height":"1024","caption":"Fifty Seconds"},"image":{"@id":"https:\/\/www.fiftysecondsexperience.com\/#\/schema\/logo\/image\/"}}]}},"_links":{"self":[{"href":"https:\/\/www.fiftysecondsexperience.com\/fr\/wp-json\/wp\/v2\/pages\/13294","targetHints":{"allow":["GET"]}}],"collection":[{"href":"https:\/\/www.fiftysecondsexperience.com\/fr\/wp-json\/wp\/v2\/pages"}],"about":[{"href":"https:\/\/www.fiftysecondsexperience.com\/fr\/wp-json\/wp\/v2\/types\/page"}],"author":[{"embeddable":true,"href":"https:\/\/www.fiftysecondsexperience.com\/fr\/wp-json\/wp\/v2\/users\/1"}],"replies":[{"embeddable":true,"href":"https:\/\/www.fiftysecondsexperience.com\/fr\/wp-json\/wp\/v2\/comments?post=13294"}],"version-history":[{"count":4,"href":"https:\/\/www.fiftysecondsexperience.com\/fr\/wp-json\/wp\/v2\/pages\/13294\/revisions"}],"predecessor-version":[{"id":14138,"href":"https:\/\/www.fiftysecondsexperience.com\/fr\/wp-json\/wp\/v2\/pages\/13294\/revisions\/14138"}],"wp:attachment":[{"href":"https:\/\/www.fiftysecondsexperience.com\/fr\/wp-json\/wp\/v2\/media?parent=13294"}],"curies":[{"name":"wp","href":"https:\/\/api.w.org\/{rel}","templated":true}]}}