{"id":13258,"date":"2023-09-06T12:36:09","date_gmt":"2023-09-06T12:36:09","guid":{"rendered":"https:\/\/www.fiftysecondsexperience.com\/bon\/"},"modified":"2026-04-07T09:23:50","modified_gmt":"2026-04-07T09:23:50","slug":"gift-card","status":"publish","type":"page","link":"https:\/\/www.fiftysecondsexperience.com\/fr\/gift-card\/","title":{"rendered":"Gift Card"},"content":{"rendered":"<section class=\"wpb-content-wrapper\"><p>[vc_row row_content_width=\u00a0\u00bbgrid\u00a0\u00bb][vc_column width=\u00a0\u00bb1\/12&Prime;][\/vc_column][vc_column width=\u00a0\u00bb4\/5&Prime;]<div class=\"mkdf-section-title-holder  mkdf-st-standard mkdf-st-title-left mkdf-st-normal-space \" style=\"text-align: center\">\n\t<div class=\"mkdf-st-inner\">\n\t\t    <span class=\"mkdf-st-line\" ><\/span>\n    <div class=\"mkdf-st-text\" >\n        \n<p style=\"text-align: left;\">Offrez-vous une exp\u00e9rience gastronomique exclusive \u00e0 <strong>Fifty Seconds<\/strong>, le restaurant \u00e9toil\u00e9 au sommet de la tour Vasco da Gama, dirig\u00e9 par le chef Rui Silvestre.<br \/>\nAvec une vue panoramique imprenable sur Lisbonne et le Tage, c&rsquo;est le cadeau id\u00e9al pour les amateurs de haute cuisine. Que vous c\u00e9l\u00e9briez une occasion sp\u00e9ciale ou que vous fassiez simplement une surprise \u00e0 quelqu&rsquo;un, la <strong>carte-cadeau Fifty Seconds<\/strong> vous garantit un voyage sensoriel unique<strong>,<\/strong> o\u00f9 le raffinement et l&rsquo;excellence se retrouvent dans les moindres d\u00e9tails.<\/p>\n    <\/div>\n\t<\/div>\n<\/div>[\/vc_column][vc_column width=\u00a0\u00bb1\/12&Prime;][\/vc_column][\/vc_row][vc_row row_content_width=\u00a0\u00bbgrid\u00a0\u00bb][vc_column width=\u00a0\u00bb1\/12&Prime;][\/vc_column][vc_column width=\u00a0\u00bb4\/5&Prime; css=\u00a0\u00bb.vc_custom_1694085048307{margin-top: 50px !important;}\u00a0\u00bb]<div class=\"mkdf-section-title-holder  mkdf-st-standard mkdf-st-title-left mkdf-st-normal-space \" style=\"text-align: center\">\n\t<div class=\"mkdf-st-inner\">\n\t\t\t\t\t<h3 class=\"mkdf-st-title\" >\n\t\t\t\tDemande de carte cadeau\t\t\t<\/h3>\n\t\t    <span class=\"mkdf-st-line\" ><\/span>\n    <div class=\"mkdf-st-text\" >\n            <\/div>\n\t<\/div>\n<\/div>\n<div class=\"wpcf7 no-js\" id=\"wpcf7-f13250-o1\" lang=\"fr-FR\" dir=\"ltr\" data-wpcf7-id=\"13250\">\n<div class=\"screen-reader-response\"><p role=\"status\" aria-live=\"polite\" aria-atomic=\"true\"><\/p> <ul><\/ul><\/div>\n<form action=\"\/fr\/wp-json\/wp\/v2\/pages\/13258#wpcf7-f13250-o1\" method=\"post\" class=\"wpcf7-form init\" aria-label=\"Formulaire de contact\" novalidate=\"novalidate\" data-status=\"init\">\n<fieldset class=\"hidden-fields-container\"><input type=\"hidden\" name=\"_wpcf7\" value=\"13250\" \/><input type=\"hidden\" name=\"_wpcf7_version\" value=\"6.1.2\" \/><input type=\"hidden\" name=\"_wpcf7_locale\" value=\"fr_FR\" \/><input type=\"hidden\" name=\"_wpcf7_unit_tag\" value=\"wpcf7-f13250-o1\" \/><input type=\"hidden\" name=\"_wpcf7_container_post\" value=\"0\" \/><input type=\"hidden\" name=\"_wpcf7_posted_data_hash\" value=\"\" \/><input type=\"hidden\" name=\"_wpcf7_recaptcha_response\" value=\"\" \/>\n<\/fieldset>\n<p><label> Nom<br \/>\n<span class=\"wpcf7-form-control-wrap\" data-name=\"your-name\"><input size=\"40\" maxlength=\"400\" class=\"wpcf7-form-control wpcf7-text wpcf7-validates-as-required\" autocomplete=\"nome\" aria-required=\"true\" aria-invalid=\"false\" value=\"\" type=\"text\" name=\"your-name\" \/><\/span> <\/label>\n<\/p>\n<p><label> Courriel<br \/>\n<span class=\"wpcf7-form-control-wrap\" data-name=\"your-email\"><input size=\"40\" maxlength=\"400\" class=\"wpcf7-form-control wpcf7-email wpcf7-validates-as-required wpcf7-text wpcf7-validates-as-email\" autocomplete=\"email\" aria-required=\"true\" aria-invalid=\"false\" value=\"\" type=\"email\" name=\"your-email\" \/><\/span> <\/label>\n<\/p>\n<p><label> T\u00e9l\u00e9phone<br \/>\n<span class=\"wpcf7-form-control-wrap\" data-name=\"your-telefone\"><input size=\"40\" maxlength=\"400\" class=\"wpcf7-form-control wpcf7-text wpcf7-validates-as-required\" autocomplete=\"telefone\" aria-required=\"true\" aria-invalid=\"false\" value=\"\" type=\"text\" name=\"your-telefone\" \/><\/span> <\/label>\n<\/p>\n<p><label> Menu souhait\u00e9<br \/>\n<span class=\"wpcf7-form-control-wrap\" data-name=\"checkbox-361\"><span class=\"wpcf7-form-control wpcf7-checkbox wpcf7-validates-as-required\"><span class=\"wpcf7-list-item first last\"><label><input type=\"checkbox\" name=\"checkbox-361[]\" value=\"Menu souhait\u00e9 Menu Fauna et Flora - sans boissons Menu Fauna et Flora - accords mets-vins + eaux et caf\u00e9s\" \/><span class=\"wpcf7-list-item-label\">Menu souhait\u00e9 Menu Fauna et Flora - sans boissons Menu Fauna et Flora - accords mets-vins + eaux et caf\u00e9s<\/span><\/label><\/span><\/span><\/span><br \/>\n<\/label>\n<\/p>\n<p><label> Nombre de personnes<br \/>\n<span class=\"wpcf7-form-control-wrap\" data-name=\"your-npessoas\"><input class=\"wpcf7-form-control wpcf7-number wpcf7-validates-as-required wpcf7-validates-as-number\" autocomplete=\"npessoas\" aria-required=\"true\" aria-invalid=\"false\" value=\"\" type=\"number\" name=\"your-npessoas\" \/><\/span> <\/label>\n<\/p>\n<p><label> Gift Card<br \/>\n<span class=\"wpcf7-form-control-wrap\" data-name=\"checkbox-986\"><span class=\"wpcf7-form-control wpcf7-checkbox\"><span class=\"wpcf7-list-item first last\"><label><input type=\"checkbox\" name=\"checkbox-986[]\" value=\"num\u00e9rique physique (\u00e0 retirer au restaurant)\" \/><span class=\"wpcf7-list-item-label\">num\u00e9rique physique (\u00e0 retirer au restaurant)<\/span><\/label><\/span><\/span><\/span> <\/label>\n<\/p>\n<p><label> Message (facultatif)<br \/>\n<span class=\"wpcf7-form-control-wrap\" data-name=\"your-message\"><textarea cols=\"40\" rows=\"10\" maxlength=\"2000\" class=\"wpcf7-form-control wpcf7-textarea\" aria-invalid=\"false\" name=\"your-message\"><\/textarea><\/span> <\/label>\n<\/p>\n<p><label style=\"font-size:12px;line-height:1.9;\"><span class=\"wpcf7-form-control-wrap\" data-name=\"acceptance-662\"><span class=\"wpcf7-form-control wpcf7-acceptance optional\"><span class=\"wpcf7-list-item\"><label><input type=\"checkbox\" name=\"acceptance-662\" value=\"1\" aria-invalid=\"false\" \/><span class=\"wpcf7-list-item-label\">By submitting the form I authorize the Hotel and\/or SANA Hotels Portugal, S.A. to use my personal data, including those collected and provided voluntarily during my stays, for the purposes of contact for marketing actions, generic or personalized campaigns, promotions and offers related to SANA Hotels products and services, participation in service evaluations, creation and management of profiles in the central database of SANA Hotels Portugal, S.A., based on the information collected and made available during my stays.I confirm that I have been informed that I can withdraw this consent at any time by sending an e-mail to data@privacy.pt. For more information on the processing of your personal data, please consult the <a href=\"https:\/\/www.fiftysecondsexperience.com\/en\/terms-and-conditions\/\" target=\"_blank\" \/> Terms and Conditions <\/a> and our <a href=\"https:\/\/www.fiftysecondsexperience.com\/wp-content\/uploads\/2024\/01\/privacy-policy-EN.pdf\" target=\"_blank\"\/> Privacy Policy <\/a>.<\/span><\/label><\/span><\/span><\/span> <\/label>\n<\/p>\n<p><label> <input class=\"wpcf7-form-control wpcf7-submit has-spinner\" type=\"submit\" value=\"Envoyer un message\" \/> <\/label>\n<\/p><div class=\"wpcf7-response-output\" aria-hidden=\"true\"><\/div>\n<\/form>\n<\/div>\n[\/vc_column][vc_column width=\u00a0\u00bb1\/12&Prime;][\/vc_column][\/vc_row][vc_row row_content_width=\u00a0\u00bbgrid\u00a0\u00bb][vc_column width=\u00a0\u00bb1\/12&Prime;][\/vc_column][vc_column width=\u00a0\u00bb4\/5&Prime;][vc_toggle title=\u00a0\u00bbMenu d\u00e9gustation\u00a0\u00bb open=\u00a0\u00bbtrue\u00a0\u00bb custom_font_container=\u00a0\u00bbtag:p|font_size:20px|text_align:left|color:%23537274&Prime; custom_use_theme_fonts=\u00a0\u00bbyes\u00a0\u00bb use_custom_heading=\u00a0\u00bbtrue\u00a0\u00bb css=\u00a0\u00bb.vc_custom_1775553826453{margin-top: 50px !important;margin-bottom: 0px !important;}\u00a0\u00bb]<\/p>\n<div class=\"horas-EN\">\n<ul>\n<li>Menu \u00ab Faune et Flore \u00bb 14 mets (boissons non comprises) | 270 \u20ac par personne<\/li>\n<li>Menu \u00ab Faune et Flore \u00bb 14 mets avec accord mets-vins \u00ab Pureza Arom\u00e1tica \u00bb, eaux et caf\u00e9 | 435 \u20ac par personne<\/li>\n<\/ul>\n<\/div>\n<p>[\/vc_toggle][vc_toggle title=\u00a0\u00bbConditions de r\u00e9servation\u00a0\u00bb open=\u00a0\u00bbtrue\u00a0\u00bb custom_font_container=\u00a0\u00bbtag:p|font_size:20px|text_align:left|color:%23537274&Prime; custom_use_theme_fonts=\u00a0\u00bbyes\u00a0\u00bb use_custom_heading=\u00a0\u00bbtrue\u00a0\u00bb css=\u00a0\u00bb.vc_custom_1739962924887{margin-top: 0px !important;margin-bottom: 50px !important;}\u00a0\u00bb]<\/p>\n<div class=\"horas-EN\">\n<ul>\n<li>La carte-cadeau Fifty Seconds peut \u00eatre achet\u00e9e au restaurant (en format physique) ou en ligne (en format num\u00e9rique).<\/li>\n<li>Peut \u00eatre utilis\u00e9 pour le d\u00e9jeuner ou le d\u00eener, sur r\u00e9servation pr\u00e9alable et sous r\u00e9serve de disponibilit\u00e9. Non applicable aux dates et menus sp\u00e9ciaux.<\/li>\n<li>Validit\u00e9 de 6 mois \u00e0 partir de la date d&rsquo;\u00e9mission. Usage unique.<\/li>\n<li>Apr\u00e8s la date d&rsquo;expiration, la carte cadeau sera automatiquement annul\u00e9e.<\/li>\n<li>La carte-cadeau doit \u00eatre pr\u00e9sent\u00e9e au restaurant Fifty Seconds.<\/li>\n<li>Il ne peut \u00eatre rembours\u00e9 ou converti en esp\u00e8ces ou en cr\u00e9dit, en partie ou en totalit\u00e9.<\/li>\n<li>Vous pouvez nous indiquer le nom de la ou des personnes qui profiteront de l&rsquo;exp\u00e9rience et laisser un message personnalis\u00e9 de 100 caract\u00e8res maximum.<\/li>\n<li>R\u00e9servations et informations compl\u00e9mentaires : (+351) 211 525 380 ou info@fiftyseconds.pt<\/li>\n<\/ul>\n<\/div>\n<p>[\/vc_toggle][\/vc_column][vc_column width=\u00a0\u00bb1\/12&Prime;][\/vc_column][\/vc_row]<\/p>\n<\/section>","protected":false},"excerpt":{"rendered":"<p>[vc_row row_content_width=\u00a0\u00bbgrid\u00a0\u00bb][vc_column width=\u00a0\u00bb1\/12&Prime;][\/vc_column][vc_column width=\u00a0\u00bb4\/5&Prime;][\/vc_column][vc_column width=\u00a0\u00bb1\/12&Prime;][\/vc_column][\/vc_row][vc_row row_content_width=\u00a0\u00bbgrid\u00a0\u00bb][vc_column width=\u00a0\u00bb1\/12&Prime;][\/vc_column][vc_column width=\u00a0\u00bb4\/5&Prime; css=\u00a0\u00bb.vc_custom_1694085048307{margin-top: 50px !important;}\u00a0\u00bb][\/vc_column][vc_column width=\u00a0\u00bb1\/12&Prime;][\/vc_column][\/vc_row][vc_row row_content_width=\u00a0\u00bbgrid\u00a0\u00bb][vc_column width=\u00a0\u00bb1\/12&Prime;][\/vc_column][vc_column width=\u00a0\u00bb4\/5&Prime;][vc_toggle title=\u00a0\u00bbMenu d\u00e9gustation\u00a0\u00bb open=\u00a0\u00bbtrue\u00a0\u00bb custom_font_container=\u00a0\u00bbtag:p|font_size:20px|text_align:left|color:%23537274&Prime; custom_use_theme_fonts=\u00a0\u00bbyes\u00a0\u00bb use_custom_heading=\u00a0\u00bbtrue\u00a0\u00bb css=\u00a0\u00bb.vc_custom_1775553826453{margin-top: 50px !important;margin-bottom: 0px !important;}\u00a0\u00bb] Menu \u00ab Faune et Flore \u00bb 14 mets (boissons non comprises) | 270 \u20ac [&hellip;]<\/p>\n","protected":false},"author":1,"featured_media":0,"parent":0,"menu_order":0,"comment_status":"closed","ping_status":"closed","template":"","meta":{"inline_featured_image":false,"footnotes":"","_links_to":"","_links_to_target":""},"class_list":["post-13258","page","type-page","status-publish","hentry"],"yoast_head":"<!-- This site is optimized with the Yoast SEO plugin v26.1.1 - https:\/\/yoast.com\/wordpress\/plugins\/seo\/ -->\n<title>Gift Card | Restaurant \u00e9toil\u00e9<\/title>\n<meta name=\"description\" content=\"Offrez-vous une exp\u00e9rience gastronomique dans l&#039;un des meilleurs restaurants \u00e9toil\u00e9s au Portugal, au sommet de la tour Vasco da Gama.\" \/>\n<meta name=\"robots\" content=\"index, follow, max-snippet:-1, max-image-preview:large, max-video-preview:-1\" \/>\n<link rel=\"canonical\" href=\"https:\/\/www.fiftysecondsexperience.com\/fr\/gift-card\/\" \/>\n<meta property=\"og:locale\" content=\"fr_FR\" \/>\n<meta property=\"og:type\" content=\"article\" \/>\n<meta property=\"og:title\" content=\"Gift Card | Restaurant \u00e9toil\u00e9\" \/>\n<meta property=\"og:description\" content=\"Offrez-vous une exp\u00e9rience gastronomique dans l&#039;un des meilleurs restaurants \u00e9toil\u00e9s au Portugal, au sommet de la tour Vasco da Gama.\" \/>\n<meta property=\"og:url\" content=\"https:\/\/www.fiftysecondsexperience.com\/fr\/gift-card\/\" \/>\n<meta property=\"og:site_name\" content=\"Fifty Seconds\" \/>\n<meta property=\"article:modified_time\" content=\"2026-04-07T09:23:50+00:00\" \/>\n<meta name=\"twitter:card\" content=\"summary_large_image\" \/>\n<meta name=\"twitter:label1\" content=\"Dur\u00e9e de lecture estim\u00e9e\" \/>\n\t<meta name=\"twitter:data1\" content=\"2 minutes\" \/>\n<script type=\"application\/ld+json\" class=\"yoast-schema-graph\">{\"@context\":\"https:\/\/schema.org\",\"@graph\":[{\"@type\":\"WebPage\",\"@id\":\"https:\/\/www.fiftysecondsexperience.com\/fr\/gift-card\/\",\"url\":\"https:\/\/www.fiftysecondsexperience.com\/fr\/gift-card\/\",\"name\":\"Gift Card | Restaurant \u00e9toil\u00e9\",\"isPartOf\":{\"@id\":\"https:\/\/www.fiftysecondsexperience.com\/#website\"},\"datePublished\":\"2023-09-06T12:36:09+00:00\",\"dateModified\":\"2026-04-07T09:23:50+00:00\",\"description\":\"Offrez-vous une exp\u00e9rience gastronomique dans l'un des meilleurs restaurants \u00e9toil\u00e9s au Portugal, au sommet de la tour Vasco da Gama.\",\"breadcrumb\":{\"@id\":\"https:\/\/www.fiftysecondsexperience.com\/fr\/gift-card\/#breadcrumb\"},\"inLanguage\":\"fr-FR\",\"potentialAction\":[{\"@type\":\"ReadAction\",\"target\":[\"https:\/\/www.fiftysecondsexperience.com\/fr\/gift-card\/\"]}]},{\"@type\":\"BreadcrumbList\",\"@id\":\"https:\/\/www.fiftysecondsexperience.com\/fr\/gift-card\/#breadcrumb\",\"itemListElement\":[{\"@type\":\"ListItem\",\"position\":1,\"name\":\"In\u00edcio\",\"item\":\"https:\/\/www.fiftysecondsexperience.com\/fr\/\"},{\"@type\":\"ListItem\",\"position\":2,\"name\":\"Gift Card\"}]},{\"@type\":\"WebSite\",\"@id\":\"https:\/\/www.fiftysecondsexperience.com\/#website\",\"url\":\"https:\/\/www.fiftysecondsexperience.com\/\",\"name\":\"Fifty Seconds\",\"description\":\"\",\"publisher\":{\"@id\":\"https:\/\/www.fiftysecondsexperience.com\/#organization\"},\"potentialAction\":[{\"@type\":\"SearchAction\",\"target\":{\"@type\":\"EntryPoint\",\"urlTemplate\":\"https:\/\/www.fiftysecondsexperience.com\/?s={search_term_string}\"},\"query-input\":{\"@type\":\"PropertyValueSpecification\",\"valueRequired\":true,\"valueName\":\"search_term_string\"}}],\"inLanguage\":\"fr-FR\"},{\"@type\":\"Organization\",\"@id\":\"https:\/\/www.fiftysecondsexperience.com\/#organization\",\"name\":\"Fifty Seconds\",\"url\":\"https:\/\/www.fiftysecondsexperience.com\/\",\"logo\":{\"@type\":\"ImageObject\",\"inLanguage\":\"fr-FR\",\"@id\":\"https:\/\/www.fiftysecondsexperience.com\/#\/schema\/logo\/image\/\",\"url\":\"https:\/\/www.fiftysecondsexperience.com\/wp-content\/uploads\/2024\/01\/Logo-Fifty-Seconds2-Restaurante-Lisboa-Estrela-Michelin-Header-1.svg\",\"contentUrl\":\"https:\/\/www.fiftysecondsexperience.com\/wp-content\/uploads\/2024\/01\/Logo-Fifty-Seconds2-Restaurante-Lisboa-Estrela-Michelin-Header-1.svg\",\"width\":\"1024\",\"height\":\"1024\",\"caption\":\"Fifty Seconds\"},\"image\":{\"@id\":\"https:\/\/www.fiftysecondsexperience.com\/#\/schema\/logo\/image\/\"}}]}<\/script>\n<!-- \/ Yoast SEO plugin. -->","yoast_head_json":{"title":"Gift Card | Restaurant \u00e9toil\u00e9","description":"Offrez-vous une exp\u00e9rience gastronomique dans l'un des meilleurs restaurants \u00e9toil\u00e9s au Portugal, au sommet de la tour Vasco da Gama.","robots":{"index":"index","follow":"follow","max-snippet":"max-snippet:-1","max-image-preview":"max-image-preview:large","max-video-preview":"max-video-preview:-1"},"canonical":"https:\/\/www.fiftysecondsexperience.com\/fr\/gift-card\/","og_locale":"fr_FR","og_type":"article","og_title":"Gift Card | Restaurant \u00e9toil\u00e9","og_description":"Offrez-vous une exp\u00e9rience gastronomique dans l'un des meilleurs restaurants \u00e9toil\u00e9s au Portugal, au sommet de la tour Vasco da Gama.","og_url":"https:\/\/www.fiftysecondsexperience.com\/fr\/gift-card\/","og_site_name":"Fifty Seconds","article_modified_time":"2026-04-07T09:23:50+00:00","twitter_card":"summary_large_image","twitter_misc":{"Dur\u00e9e de lecture estim\u00e9e":"2 minutes"},"schema":{"@context":"https:\/\/schema.org","@graph":[{"@type":"WebPage","@id":"https:\/\/www.fiftysecondsexperience.com\/fr\/gift-card\/","url":"https:\/\/www.fiftysecondsexperience.com\/fr\/gift-card\/","name":"Gift Card | Restaurant \u00e9toil\u00e9","isPartOf":{"@id":"https:\/\/www.fiftysecondsexperience.com\/#website"},"datePublished":"2023-09-06T12:36:09+00:00","dateModified":"2026-04-07T09:23:50+00:00","description":"Offrez-vous une exp\u00e9rience gastronomique dans l'un des meilleurs restaurants \u00e9toil\u00e9s au Portugal, au sommet de la tour Vasco da Gama.","breadcrumb":{"@id":"https:\/\/www.fiftysecondsexperience.com\/fr\/gift-card\/#breadcrumb"},"inLanguage":"fr-FR","potentialAction":[{"@type":"ReadAction","target":["https:\/\/www.fiftysecondsexperience.com\/fr\/gift-card\/"]}]},{"@type":"BreadcrumbList","@id":"https:\/\/www.fiftysecondsexperience.com\/fr\/gift-card\/#breadcrumb","itemListElement":[{"@type":"ListItem","position":1,"name":"In\u00edcio","item":"https:\/\/www.fiftysecondsexperience.com\/fr\/"},{"@type":"ListItem","position":2,"name":"Gift Card"}]},{"@type":"WebSite","@id":"https:\/\/www.fiftysecondsexperience.com\/#website","url":"https:\/\/www.fiftysecondsexperience.com\/","name":"Fifty Seconds","description":"","publisher":{"@id":"https:\/\/www.fiftysecondsexperience.com\/#organization"},"potentialAction":[{"@type":"SearchAction","target":{"@type":"EntryPoint","urlTemplate":"https:\/\/www.fiftysecondsexperience.com\/?s={search_term_string}"},"query-input":{"@type":"PropertyValueSpecification","valueRequired":true,"valueName":"search_term_string"}}],"inLanguage":"fr-FR"},{"@type":"Organization","@id":"https:\/\/www.fiftysecondsexperience.com\/#organization","name":"Fifty Seconds","url":"https:\/\/www.fiftysecondsexperience.com\/","logo":{"@type":"ImageObject","inLanguage":"fr-FR","@id":"https:\/\/www.fiftysecondsexperience.com\/#\/schema\/logo\/image\/","url":"https:\/\/www.fiftysecondsexperience.com\/wp-content\/uploads\/2024\/01\/Logo-Fifty-Seconds2-Restaurante-Lisboa-Estrela-Michelin-Header-1.svg","contentUrl":"https:\/\/www.fiftysecondsexperience.com\/wp-content\/uploads\/2024\/01\/Logo-Fifty-Seconds2-Restaurante-Lisboa-Estrela-Michelin-Header-1.svg","width":"1024","height":"1024","caption":"Fifty Seconds"},"image":{"@id":"https:\/\/www.fiftysecondsexperience.com\/#\/schema\/logo\/image\/"}}]}},"_links":{"self":[{"href":"https:\/\/www.fiftysecondsexperience.com\/fr\/wp-json\/wp\/v2\/pages\/13258","targetHints":{"allow":["GET"]}}],"collection":[{"href":"https:\/\/www.fiftysecondsexperience.com\/fr\/wp-json\/wp\/v2\/pages"}],"about":[{"href":"https:\/\/www.fiftysecondsexperience.com\/fr\/wp-json\/wp\/v2\/types\/page"}],"author":[{"embeddable":true,"href":"https:\/\/www.fiftysecondsexperience.com\/fr\/wp-json\/wp\/v2\/users\/1"}],"replies":[{"embeddable":true,"href":"https:\/\/www.fiftysecondsexperience.com\/fr\/wp-json\/wp\/v2\/comments?post=13258"}],"version-history":[{"count":13,"href":"https:\/\/www.fiftysecondsexperience.com\/fr\/wp-json\/wp\/v2\/pages\/13258\/revisions"}],"predecessor-version":[{"id":14970,"href":"https:\/\/www.fiftysecondsexperience.com\/fr\/wp-json\/wp\/v2\/pages\/13258\/revisions\/14970"}],"wp:attachment":[{"href":"https:\/\/www.fiftysecondsexperience.com\/fr\/wp-json\/wp\/v2\/media?parent=13258"}],"curies":[{"name":"wp","href":"https:\/\/api.w.org\/{rel}","templated":true}]}}