{"id":13229,"date":"2023-09-04T13:52:51","date_gmt":"2023-09-04T13:52:51","guid":{"rendered":"https:\/\/www.fiftysecondsexperience.com\/prix\/"},"modified":"2026-04-24T13:41:20","modified_gmt":"2026-04-24T13:41:20","slug":"prix","status":"publish","type":"page","link":"https:\/\/www.fiftysecondsexperience.com\/fr\/prix\/","title":{"rendered":"Prix"},"content":{"rendered":"<section class=\"wpb-content-wrapper\"><p>[vc_row row_content_width=\u00a0\u00bbgrid\u00a0\u00bb css=\u00a0\u00bb.vc_custom_1695378227477{margin-top: 0px !important;}\u00a0\u00bb][vc_column width=\u00a0\u00bb1\/2&Prime;]<div class=\"mkdf-section-title-holder  mkdf-st-two-columns mkdf-st-title-left mkdf-st-normal-space \" >\n\t<div class=\"mkdf-st-inner\">\n\t\t    <span class=\"mkdf-st-line\" ><\/span>\n    <div class=\"mkdf-st-text\" >\n        \n<p style=\"font-size: 16px; font-weight: 500; box-sizing: content-box; background-color: #537274; color: #fff; padding: 8px 15px;\">2026<\/p>\n<ul style=\"margin-left: 10px;\">\n<li>Fifty Seconds : 2 \u00e9toiles Michelin (Guide Michelin 2026) [vc_empty_space height=\u00a0\u00bb10px\u00a0\u00bb]<\/li>\n<li>Fifty Seconds : Prix \u00ab 2 Soleils \u00bb (Guide Repsol 2026) [vc_empty_space height=\u00a0\u00bb10px\u00a0\u00bb]<\/li>\n<li>Fifty Seconds : Classement TOP 1000 de La Liste (s\u00e9lection des meilleurs restaurants du monde) [vc_empty_space height=\u00a0\u00bb10px\u00a0\u00bb]<\/li>\n<li>Fifty Seconds : Prix du Guide \u00ab Boa Cama Boa Mesa \u00bb &#8211; Cat\u00e9gorie Restaurants : les meilleurs \u00e0 table &#8211; Prix \u00ab Garfo de Ouro \u00bb [vc_empty_space height=\u00a0\u00bb10px\u00a0\u00bb]<\/li>\n<\/ul>\n    <\/div>\n\t<\/div>\n<\/div>[\/vc_column][vc_column width=\u00a0\u00bb1\/2&Prime;][\/vc_column][\/vc_row][vc_row row_content_width=\u00a0\u00bbgrid\u00a0\u00bb css=\u00a0\u00bb.vc_custom_1695378227477{margin-top: 0px !important;}\u00a0\u00bb][vc_column width=\u00a0\u00bb1\/2&Prime;]<div class=\"mkdf-section-title-holder  mkdf-st-two-columns mkdf-st-title-left mkdf-st-normal-space \" >\n\t<div class=\"mkdf-st-inner\">\n\t\t    <span class=\"mkdf-st-line\" ><\/span>\n    <div class=\"mkdf-st-text\" >\n        \n<p style=\"font-size: 16px; font-weight: 500; box-sizing: content-box; background-color: #e0e0e0; padding: 8px 15px;\">2025<\/p>\n<ul style=\"margin-left: 10px;\">\n<li>Fifty Seconds : 1 \u00e9toile Michelin (Guide Michelin 2025)[vc_empty_space height=\u00a0\u00bb10px\u00a0\u00bb]<\/li>\n<li>Marc Pinto : Meilleur sommelier (Guide Michelin 2025)[vc_empty_space height=\u00a0\u00bb10px\u00a0\u00bb]<\/li>\n<li>Fifty Seconds : 50 Best Discovery (The World\u2019s 50 Best)[vc_empty_space height=\u00a0\u00bb10px\u00a0\u00bb]<\/li>\n<li>Fifty Seconds : 2 S\u00f3is Award (Guide Repsol 2025) [vc_empty_space height=\u00a0\u00bb10px\u00a0\u00bb]<\/li>\n<li>Chef Rui Silvestre : 1 Faca Award (The Best Chefs Awards 2025)[vc_empty_space height=\u00a0\u00bb10px\u00a0\u00bb]<\/li>\n<li>Fifty Seconds : Classement La Liste (les 1000 meilleurs restaurants du monde) [vc_empty_space height=\u00a0\u00bb10px\u00a0\u00bb]<\/li>\n<li>Fifty Seconds : Prix sp\u00e9cial Estrella Damm Restaurant remarquable de l&rsquo;ann\u00e9e (Prix Mesa Marcada 2025) [vc_empty_space height=\u00a0\u00bb10px\u00a0\u00bb]<\/li>\n<li>Fifty Seconds : Top 10 des restaurants 2025, 6e place (Prix Mesa Marcada 2025) [vc_empty_space height=\u00a0\u00bb10px\u00a0\u00bb]<\/li>\n<li>Chef Rui Silvestre : Top 10 des chefs 2025, 10e place (Prix Mesa Marcada 2025) [vc_empty_space height=\u00a0\u00bb10px\u00a0\u00bb]<\/li>\n<\/ul>\n    <\/div>\n\t<\/div>\n<\/div>[\/vc_column][vc_column width=\u00a0\u00bb1\/2&Prime;]<div class=\"mkdf-section-title-holder  mkdf-st-two-columns mkdf-st-title-left mkdf-st-normal-space \" >\n\t<div class=\"mkdf-st-inner\">\n\t\t    <span class=\"mkdf-st-line\" ><\/span>\n    <div class=\"mkdf-st-text\" >\n        \n<p style=\"font-size: 16px; font-weight: 500; box-sizing: content-box; background-color: #537274; padding: 8px 15px; color: #fff;\">2024<\/p>\n<ul style=\"margin-left: 10px;\">\n<li>Cinquante secondes : 1 \u00e9toile Michelin (Guide Michelin 2024) [vc_empty_space height=\u00a0\u00bb10px\u00a0\u00bb]<\/li>\n<li>Jos\u00e9 Marta : Sommelier de l&rsquo;ann\u00e9e et meilleur jeune sommelier du Portugal (W Awards) [vc_empty_space height=\u00a0\u00bb10px\u00a0\u00bb]<\/li>\n<li>Marc Pinto : triple champion des Escan\u00e7\u00f5es Portugal [vc_empty_space height=\u00a0\u00bb10px\u00a0\u00bb]<\/li>\n<\/ul>\n    <\/div>\n\t<\/div>\n<\/div>[\/vc_column][\/vc_row][vc_row row_content_width=\u00a0\u00bbgrid\u00a0\u00bb css=\u00a0\u00bb.vc_custom_1695378227477{margin-top: 0px !important;}\u00a0\u00bb][vc_column width=\u00a0\u00bb1\/2&Prime;]<div class=\"mkdf-section-title-holder  mkdf-st-two-columns mkdf-st-title-left mkdf-st-normal-space \" >\n\t<div class=\"mkdf-st-inner\">\n\t\t    <span class=\"mkdf-st-line\" ><\/span>\n    <div class=\"mkdf-st-text\" >\n        \n<p style=\"font-size: 16px; font-weight: 500; box-sizing: content-box; background-color: #e0e0e0; padding: 8px 15px;\">2023<\/p>\n<ul style=\"margin-left: 10px;\">\n<li>1 \u00e9toile Michelin (Guide Michelin 2023) [vc_empty_space height=\u00a0\u00bb10px\u00a0\u00bb]<\/li>\n<li>Boa Cama Boa Mesa Platinum Fork [vc_empty_space height=\u00a0\u00bb10px\u00a0\u00bb]<\/li>\n<\/ul>\n    <\/div>\n\t<\/div>\n<\/div>[\/vc_column][vc_column width=\u00a0\u00bb1\/2&Prime;]<div class=\"mkdf-section-title-holder  mkdf-st-two-columns mkdf-st-title-left mkdf-st-normal-space \" >\n\t<div class=\"mkdf-st-inner\">\n\t\t    <span class=\"mkdf-st-line\" ><\/span>\n    <div class=\"mkdf-st-text\" >\n        \n<p style=\"font-size: 16px; font-weight: 500; box-sizing: content-box; background-color: #537274; padding: 8px 15px; color: #fff;\">2022<\/p>\n<ul style=\"margin-left: 10px;\">\n<li>Les 10 premiers favoris Mesas Marcada (8\u00e8me) [vc_empty_space height=\u00a0\u00bb10px\u00a0\u00bb]<\/li>\n<li>1 \u00e9toile Michelin (Guide Michelin 2022) [vc_empty_space height=\u00a0\u00bb10px\u00a0\u00bb]<\/li>\n<li>Boa Cama Boa Mesa Golden Fork [vc_empty_space height=\u00a0\u00bb10px\u00a0\u00bb]<\/li>\n<li>Chef pr\u00e9f\u00e9r\u00e9 &#8211; 10e (Filipe Carvalho) [vc_empty_space height=\u00a0\u00bb10px\u00a0\u00bb]<\/li>\n<li>Jeune chef Iberico (Nelson Freitas) [vc_empty_space height=\u00a0\u00bb10px\u00a0\u00bb]<\/li>\n<li>Sommelier de l&rsquo;ann\u00e9e [vc_empty_space height=\u00a0\u00bb10px\u00a0\u00bb]<\/li>\n<\/ul>\n    <\/div>\n\t<\/div>\n<\/div>[\/vc_column][\/vc_row][vc_row row_content_width=\u00a0\u00bbgrid\u00a0\u00bb css=\u00a0\u00bb.vc_custom_1695050282519{margin-top: 20px !important;}\u00a0\u00bb][vc_column width=\u00a0\u00bb1\/2&Prime;]<div class=\"mkdf-section-title-holder  mkdf-st-two-columns mkdf-st-title-left mkdf-st-normal-space \" >\n\t<div class=\"mkdf-st-inner\">\n\t\t    <span class=\"mkdf-st-line\" ><\/span>\n    <div class=\"mkdf-st-text\" >\n        \n<p style=\"font-size: 16px; font-weight: 500; box-sizing: content-box; background-color: #e0e0e0; padding: 8px 15px;\">2021<\/p>\n<ul style=\"margin-left: 10px;\">\n<li>Les 10 premiers favoris Mesas Marcada (8\u00e8me) [vc_empty_space height=\u00a0\u00bb10px\u00a0\u00bb]<\/li>\n<li>Chef pr\u00e9f\u00e9r\u00e9 &#8211; 9e (Filipe Carvalho)[vc_empty_space height=\u00a0\u00bb10px\u00a0\u00bb]<\/li>\n<li>Prix Sommelier des Grands Choix [vc_empty_space height=\u00a0\u00bb10px\u00a0\u00bb]<\/li>\n<\/ul>\n    <\/div>\n\t<\/div>\n<\/div>[\/vc_column][vc_column width=\u00a0\u00bb1\/2&Prime;]<div class=\"mkdf-section-title-holder  mkdf-st-two-columns mkdf-st-title-left mkdf-st-normal-space \" >\n\t<div class=\"mkdf-st-inner\">\n\t\t    <span class=\"mkdf-st-line\" ><\/span>\n    <div class=\"mkdf-st-text\" >\n        \n<p style=\"font-size: 16px; font-weight: 500; box-sizing: content-box; background-color: #537274; padding: 8px 15px; color: #fff;\">2020<\/p>\n<ul style=\"margin-left: 10px;\">\n<li>Tableaux marqu\u00e9s des 10 meilleurs favoris (7e) [vc_empty_space height=\u00a0\u00bb10px\u00a0\u00bb]<\/li>\n<li>1 \u00e9toile Michelin (Guide Michelin 2020) [vc_empty_space height=\u00a0\u00bb10px\u00a0\u00bb]<\/li>\n<li>Haute Grandeur, Global Hotel Awards [vc_empty_space height=\u00a0\u00bb10px\u00a0\u00bb]<\/li>\n<li>Chef pr\u00e9f\u00e9r\u00e9 &#8211; 8e (Filipe Carvalho) [vc_empty_space height=\u00a0\u00bb10px\u00a0\u00bb]<\/li>\n<li>Sommelier Directeur des vins [vc_empty_space height=\u00a0\u00bb10px\u00a0\u00bb]<\/li>\n<li>Sommelier de l&rsquo;ann\u00e9e [vc_empty_space height=\u00a0\u00bb10px\u00a0\u00bb]<\/li>\n<li>Sommelier de l&rsquo;ann\u00e9e [vc_empty_space height=\u00a0\u00bb10px\u00a0\u00bb]<\/li>\n<\/ul>\n    <\/div>\n\t<\/div>\n<\/div>[\/vc_column][\/vc_row][vc_row row_content_width=\u00a0\u00bbgrid\u00a0\u00bb css=\u00a0\u00bb.vc_custom_1695050276916{margin-top: 20px !important;}\u00a0\u00bb][vc_column width=\u00a0\u00bb1\/2&Prime;]<div class=\"mkdf-section-title-holder  mkdf-st-standard mkdf-st-title-left mkdf-st-normal-space \" >\n\t<div class=\"mkdf-st-inner\">\n\t\t    <span class=\"mkdf-st-line\" ><\/span>\n    <div class=\"mkdf-st-text\" >\n        \n<p style=\"font-size: 16px; font-weight: 500; box-sizing: content-box; background-color: #e0e0e0; padding: 8px 15px;\">2019<\/p>\n<ul style=\"margin-left: 10px;\">\n<li>1 \u00e9toile Michelin (Guide Michelin 2019) [vc_empty_space height=\u00a0\u00bb10px\u00a0\u00bb]<\/li>\n<li>Boa Cama Boa Mesa Silver Fork [vc_empty_space height=\u00a0\u00bb10px\u00a0\u00bb]<\/li>\n<li>Prix Mesa Marcada &#8211; Restaurant exceptionnel de l&rsquo;ann\u00e9e [vc_empty_space height=\u00a0\u00bb10px\u00a0\u00bb]<\/li>\n<li>Prix Mesa Marcada &#8211; Chef de la r\u00e9v\u00e9lation de l&rsquo;ann\u00e9e, d\u00e9cern\u00e9 au chef ex\u00e9cutif Filipe Cavalho [vc_empty_space height=\u00a0\u00bb10px\u00a0\u00bb]<\/li>\n<\/ul>\n    <\/div>\n\t<\/div>\n<\/div>[\/vc_column][vc_column width=\u00a0\u00bb1\/2&Prime;][\/vc_column][\/vc_row][vc_row css=\u00a0\u00bb.vc_custom_1695050322131{margin-top: 30px !important;}\u00a0\u00bb][vc_column]<div class=\"mkdf-clients-grid-holder mkdf-grid-list mkdf-disable-bottom-space mkdf-five-columns mkdf-small-space  mkdf-cc-hover-switch-images\">\n\t<div class=\"mkdf-cg-inner mkdf-outer-space\">\n\t\t<div class=\"mkdf-cc-item mkdf-item-space mkdf-cci-no-link\">\n\t\t\t\t\t\t<img decoding=\"async\" itemprop=\"image\" class=\"mkdf-cc-image\" src=\"https:\/\/www.fiftysecondsexperience.com\/wp-content\/uploads\/2025\/03\/Estrela-Michelin-2025-Restaurante-Fifty-Seconds.jpg\" alt=\"\" \/>\n\t\t\t\t\t\t\t<img decoding=\"async\" itemprop=\"image\" class=\"mkdf-cc-hover-image\" src=\"https:\/\/www.fiftysecondsexperience.com\/wp-content\/uploads\/2025\/03\/Estrela-Michelin-2025-Restaurante-Fifty-Seconds.jpg\" alt=\"\" \/>\n\t\t\t<\/div><div class=\"mkdf-cc-item mkdf-item-space mkdf-cci-no-link\">\n\t\t\t\t\t\t<img decoding=\"async\" itemprop=\"image\" class=\"mkdf-cc-image\" src=\"https:\/\/www.fiftysecondsexperience.com\/wp-content\/uploads\/2025\/04\/2-sois-guia-repsol.jpg\" alt=\"\" \/>\n\t\t\t\t\t\t\t<img decoding=\"async\" itemprop=\"image\" class=\"mkdf-cc-hover-image\" src=\"https:\/\/www.fiftysecondsexperience.com\/wp-content\/uploads\/2025\/04\/2-sois-guia-repsol.jpg\" alt=\"\" \/>\n\t\t\t<\/div><div class=\"mkdf-cc-item mkdf-item-space mkdf-cci-no-link\">\n\t\t\t\t\t\t<img decoding=\"async\" itemprop=\"image\" class=\"mkdf-cc-image\" src=\"https:\/\/www.fiftysecondsexperience.com\/wp-content\/uploads\/2023\/09\/michelin2023-1.jpeg\" alt=\"Estrela Michelin 2023\" \/>\n\t\t\t\t\t\t\t<img decoding=\"async\" itemprop=\"image\" class=\"mkdf-cc-hover-image\" src=\"https:\/\/www.fiftysecondsexperience.com\/wp-content\/uploads\/2023\/09\/michelin2023-1.jpeg\" alt=\"Estrela Michelin 2023\" \/>\n\t\t\t<\/div><div class=\"mkdf-cc-item mkdf-item-space mkdf-cci-no-link\">\n\t\t\t\t\t\t<img decoding=\"async\" itemprop=\"image\" class=\"mkdf-cc-image\" src=\"https:\/\/www.fiftysecondsexperience.com\/wp-content\/uploads\/2023\/09\/garfo-platina-fifty.png\" alt=\"Pr\u00e9mio &quot; Boa Cama\/ Boa Mesa - Garfo Platina&quot; do Restaurante Fifty Seconds\" \/>\n\t\t\t\t\t\t\t<img decoding=\"async\" itemprop=\"image\" class=\"mkdf-cc-hover-image\" src=\"https:\/\/www.fiftysecondsexperience.com\/wp-content\/uploads\/2023\/09\/garfo-platina-fifty.png\" alt=\"Pr\u00e9mio &quot; Boa Cama\/ Boa Mesa - Garfo Platina&quot; do Restaurante Fifty Seconds\" \/>\n\t\t\t<\/div><div class=\"mkdf-cc-item mkdf-item-space mkdf-cci-no-link\">\n\t\t\t\t\t\t<img decoding=\"async\" itemprop=\"image\" class=\"mkdf-cc-image\" src=\"https:\/\/www.fiftysecondsexperience.com\/wp-content\/uploads\/2023\/09\/premio-boa-cama-boa-mesa-garfo-ouro-2022.png\" alt=\"Pr\u00e9mio &quot; Garafo de Ouro\/ Boa Cama Boa Mesa&quot; do jornal Expresso\" \/>\n\t\t\t\t\t\t\t<img decoding=\"async\" itemprop=\"image\" class=\"mkdf-cc-hover-image\" src=\"https:\/\/www.fiftysecondsexperience.com\/wp-content\/uploads\/2023\/09\/premio-boa-cama-boa-mesa-garfo-ouro-2022.png\" alt=\"Pr\u00e9mio &quot; Garafo de Ouro\/ Boa Cama Boa Mesa&quot; do jornal Expresso\" \/>\n\t\t\t<\/div><div class=\"mkdf-cc-item mkdf-item-space mkdf-cci-no-link\">\n\t\t\t\t\t\t<img decoding=\"async\" itemprop=\"image\" class=\"mkdf-cc-image\" src=\"https:\/\/www.fiftysecondsexperience.com\/wp-content\/uploads\/2023\/09\/sommelier-wine-director-do-ano-2020.png\" alt=\"Pr\u00e9mios &quot; Sommelier\/ Wine Director do Ano 2020&quot;\" \/>\n\t\t\t\t\t\t\t<img decoding=\"async\" itemprop=\"image\" class=\"mkdf-cc-hover-image\" src=\"https:\/\/www.fiftysecondsexperience.com\/wp-content\/uploads\/2023\/09\/sommelier-wine-director-do-ano-2020.png\" alt=\"Pr\u00e9mios &quot; Sommelier\/ Wine Director do Ano 2020&quot;\" \/>\n\t\t\t<\/div>\t<\/div>\n<\/div>[\/vc_column][\/vc_row][vc_row][vc_column][\/vc_column][\/vc_row][vc_row][vc_column]<a itemprop=\"url\" href=\"https:\/\/www.fiftysecondsexperience.com\/fr\/reservation\/\" target=\"_self\"  class=\"mkdf-btn mkdf-btn-medium mkdf-btn-solid reservar-mesa-button\"  >\n\t    <span class=\"mkdf-btn-text\">R\u00e9servez une table<\/span>\n    <\/a>[\/vc_column][\/vc_row]<\/p>\n<\/section>","protected":false},"excerpt":{"rendered":"<p>[vc_row row_content_width=\u00a0\u00bbgrid\u00a0\u00bb css=\u00a0\u00bb.vc_custom_1695378227477{margin-top: 0px !important;}\u00a0\u00bb][vc_column width=\u00a0\u00bb1\/2&Prime;][\/vc_column][vc_column width=\u00a0\u00bb1\/2&Prime;][\/vc_column][\/vc_row][vc_row row_content_width=\u00a0\u00bbgrid\u00a0\u00bb css=\u00a0\u00bb.vc_custom_1695378227477{margin-top: 0px !important;}\u00a0\u00bb][vc_column width=\u00a0\u00bb1\/2&Prime;][\/vc_column][vc_column width=\u00a0\u00bb1\/2&Prime;][\/vc_column][\/vc_row][vc_row row_content_width=\u00a0\u00bbgrid\u00a0\u00bb css=\u00a0\u00bb.vc_custom_1695378227477{margin-top: 0px !important;}\u00a0\u00bb][vc_column width=\u00a0\u00bb1\/2&Prime;][\/vc_column][vc_column width=\u00a0\u00bb1\/2&Prime;][\/vc_column][\/vc_row][vc_row row_content_width=\u00a0\u00bbgrid\u00a0\u00bb css=\u00a0\u00bb.vc_custom_1695050282519{margin-top: 20px !important;}\u00a0\u00bb][vc_column width=\u00a0\u00bb1\/2&Prime;][\/vc_column][vc_column width=\u00a0\u00bb1\/2&Prime;][\/vc_column][\/vc_row][vc_row row_content_width=\u00a0\u00bbgrid\u00a0\u00bb css=\u00a0\u00bb.vc_custom_1695050276916{margin-top: 20px !important;}\u00a0\u00bb][vc_column width=\u00a0\u00bb1\/2&Prime;][\/vc_column][vc_column width=\u00a0\u00bb1\/2&Prime;][\/vc_column][\/vc_row][vc_row css=\u00a0\u00bb.vc_custom_1695050322131{margin-top: 30px !important;}\u00a0\u00bb][vc_column][\/vc_column][\/vc_row][vc_row][vc_column][\/vc_column][\/vc_row][vc_row][vc_column][\/vc_column][\/vc_row]<\/p>\n","protected":false},"author":1,"featured_media":0,"parent":0,"menu_order":0,"comment_status":"closed","ping_status":"closed","template":"","meta":{"inline_featured_image":false,"footnotes":"","_links_to":"","_links_to_target":""},"class_list":["post-13229","page","type-page","status-publish","hentry"],"yoast_head":"<!-- This site is optimized with the Yoast SEO plugin v26.1.1 - https:\/\/yoast.com\/wordpress\/plugins\/seo\/ -->\n<title>Presse - Prix | Fifty Seconds Restaurant<\/title>\n<meta name=\"description\" content=\"L&#039;espace Fifty Seconds Restaurant awards\" \/>\n<meta name=\"robots\" content=\"index, follow, max-snippet:-1, max-image-preview:large, max-video-preview:-1\" \/>\n<link rel=\"canonical\" href=\"https:\/\/www.fiftysecondsexperience.com\/fr\/prix\/\" \/>\n<meta property=\"og:locale\" content=\"fr_FR\" \/>\n<meta property=\"og:type\" content=\"article\" \/>\n<meta property=\"og:title\" content=\"Presse - Prix | Fifty Seconds Restaurant\" \/>\n<meta property=\"og:description\" content=\"L&#039;espace Fifty Seconds Restaurant awards\" \/>\n<meta property=\"og:url\" content=\"https:\/\/www.fiftysecondsexperience.com\/fr\/prix\/\" \/>\n<meta property=\"og:site_name\" content=\"Fifty Seconds\" \/>\n<meta property=\"article:modified_time\" content=\"2026-04-24T13:41:20+00:00\" \/>\n<meta name=\"twitter:card\" content=\"summary_large_image\" \/>\n<meta name=\"twitter:label1\" content=\"Dur\u00e9e de lecture estim\u00e9e\" \/>\n\t<meta name=\"twitter:data1\" content=\"6 minutes\" \/>\n<script type=\"application\/ld+json\" class=\"yoast-schema-graph\">{\"@context\":\"https:\/\/schema.org\",\"@graph\":[{\"@type\":\"WebPage\",\"@id\":\"https:\/\/www.fiftysecondsexperience.com\/fr\/prix\/\",\"url\":\"https:\/\/www.fiftysecondsexperience.com\/fr\/prix\/\",\"name\":\"Presse - Prix | Fifty Seconds Restaurant\",\"isPartOf\":{\"@id\":\"https:\/\/www.fiftysecondsexperience.com\/#website\"},\"datePublished\":\"2023-09-04T13:52:51+00:00\",\"dateModified\":\"2026-04-24T13:41:20+00:00\",\"description\":\"L'espace Fifty Seconds Restaurant awards\",\"breadcrumb\":{\"@id\":\"https:\/\/www.fiftysecondsexperience.com\/fr\/prix\/#breadcrumb\"},\"inLanguage\":\"fr-FR\",\"potentialAction\":[{\"@type\":\"ReadAction\",\"target\":[\"https:\/\/www.fiftysecondsexperience.com\/fr\/prix\/\"]}]},{\"@type\":\"BreadcrumbList\",\"@id\":\"https:\/\/www.fiftysecondsexperience.com\/fr\/prix\/#breadcrumb\",\"itemListElement\":[{\"@type\":\"ListItem\",\"position\":1,\"name\":\"In\u00edcio\",\"item\":\"https:\/\/www.fiftysecondsexperience.com\/fr\/\"},{\"@type\":\"ListItem\",\"position\":2,\"name\":\"Prix\"}]},{\"@type\":\"WebSite\",\"@id\":\"https:\/\/www.fiftysecondsexperience.com\/#website\",\"url\":\"https:\/\/www.fiftysecondsexperience.com\/\",\"name\":\"Fifty Seconds\",\"description\":\"\",\"publisher\":{\"@id\":\"https:\/\/www.fiftysecondsexperience.com\/#organization\"},\"potentialAction\":[{\"@type\":\"SearchAction\",\"target\":{\"@type\":\"EntryPoint\",\"urlTemplate\":\"https:\/\/www.fiftysecondsexperience.com\/?s={search_term_string}\"},\"query-input\":{\"@type\":\"PropertyValueSpecification\",\"valueRequired\":true,\"valueName\":\"search_term_string\"}}],\"inLanguage\":\"fr-FR\"},{\"@type\":\"Organization\",\"@id\":\"https:\/\/www.fiftysecondsexperience.com\/#organization\",\"name\":\"Fifty Seconds\",\"url\":\"https:\/\/www.fiftysecondsexperience.com\/\",\"logo\":{\"@type\":\"ImageObject\",\"inLanguage\":\"fr-FR\",\"@id\":\"https:\/\/www.fiftysecondsexperience.com\/#\/schema\/logo\/image\/\",\"url\":\"https:\/\/www.fiftysecondsexperience.com\/wp-content\/uploads\/2024\/01\/Logo-Fifty-Seconds2-Restaurante-Lisboa-Estrela-Michelin-Header-1.svg\",\"contentUrl\":\"https:\/\/www.fiftysecondsexperience.com\/wp-content\/uploads\/2024\/01\/Logo-Fifty-Seconds2-Restaurante-Lisboa-Estrela-Michelin-Header-1.svg\",\"width\":\"1024\",\"height\":\"1024\",\"caption\":\"Fifty Seconds\"},\"image\":{\"@id\":\"https:\/\/www.fiftysecondsexperience.com\/#\/schema\/logo\/image\/\"}}]}<\/script>\n<!-- \/ Yoast SEO plugin. -->","yoast_head_json":{"title":"Presse - Prix | Fifty Seconds Restaurant","description":"L'espace Fifty Seconds Restaurant awards","robots":{"index":"index","follow":"follow","max-snippet":"max-snippet:-1","max-image-preview":"max-image-preview:large","max-video-preview":"max-video-preview:-1"},"canonical":"https:\/\/www.fiftysecondsexperience.com\/fr\/prix\/","og_locale":"fr_FR","og_type":"article","og_title":"Presse - Prix | Fifty Seconds Restaurant","og_description":"L'espace Fifty Seconds Restaurant awards","og_url":"https:\/\/www.fiftysecondsexperience.com\/fr\/prix\/","og_site_name":"Fifty Seconds","article_modified_time":"2026-04-24T13:41:20+00:00","twitter_card":"summary_large_image","twitter_misc":{"Dur\u00e9e de lecture estim\u00e9e":"6 minutes"},"schema":{"@context":"https:\/\/schema.org","@graph":[{"@type":"WebPage","@id":"https:\/\/www.fiftysecondsexperience.com\/fr\/prix\/","url":"https:\/\/www.fiftysecondsexperience.com\/fr\/prix\/","name":"Presse - Prix | Fifty Seconds Restaurant","isPartOf":{"@id":"https:\/\/www.fiftysecondsexperience.com\/#website"},"datePublished":"2023-09-04T13:52:51+00:00","dateModified":"2026-04-24T13:41:20+00:00","description":"L'espace Fifty Seconds Restaurant awards","breadcrumb":{"@id":"https:\/\/www.fiftysecondsexperience.com\/fr\/prix\/#breadcrumb"},"inLanguage":"fr-FR","potentialAction":[{"@type":"ReadAction","target":["https:\/\/www.fiftysecondsexperience.com\/fr\/prix\/"]}]},{"@type":"BreadcrumbList","@id":"https:\/\/www.fiftysecondsexperience.com\/fr\/prix\/#breadcrumb","itemListElement":[{"@type":"ListItem","position":1,"name":"In\u00edcio","item":"https:\/\/www.fiftysecondsexperience.com\/fr\/"},{"@type":"ListItem","position":2,"name":"Prix"}]},{"@type":"WebSite","@id":"https:\/\/www.fiftysecondsexperience.com\/#website","url":"https:\/\/www.fiftysecondsexperience.com\/","name":"Fifty Seconds","description":"","publisher":{"@id":"https:\/\/www.fiftysecondsexperience.com\/#organization"},"potentialAction":[{"@type":"SearchAction","target":{"@type":"EntryPoint","urlTemplate":"https:\/\/www.fiftysecondsexperience.com\/?s={search_term_string}"},"query-input":{"@type":"PropertyValueSpecification","valueRequired":true,"valueName":"search_term_string"}}],"inLanguage":"fr-FR"},{"@type":"Organization","@id":"https:\/\/www.fiftysecondsexperience.com\/#organization","name":"Fifty Seconds","url":"https:\/\/www.fiftysecondsexperience.com\/","logo":{"@type":"ImageObject","inLanguage":"fr-FR","@id":"https:\/\/www.fiftysecondsexperience.com\/#\/schema\/logo\/image\/","url":"https:\/\/www.fiftysecondsexperience.com\/wp-content\/uploads\/2024\/01\/Logo-Fifty-Seconds2-Restaurante-Lisboa-Estrela-Michelin-Header-1.svg","contentUrl":"https:\/\/www.fiftysecondsexperience.com\/wp-content\/uploads\/2024\/01\/Logo-Fifty-Seconds2-Restaurante-Lisboa-Estrela-Michelin-Header-1.svg","width":"1024","height":"1024","caption":"Fifty Seconds"},"image":{"@id":"https:\/\/www.fiftysecondsexperience.com\/#\/schema\/logo\/image\/"}}]}},"_links":{"self":[{"href":"https:\/\/www.fiftysecondsexperience.com\/fr\/wp-json\/wp\/v2\/pages\/13229","targetHints":{"allow":["GET"]}}],"collection":[{"href":"https:\/\/www.fiftysecondsexperience.com\/fr\/wp-json\/wp\/v2\/pages"}],"about":[{"href":"https:\/\/www.fiftysecondsexperience.com\/fr\/wp-json\/wp\/v2\/types\/page"}],"author":[{"embeddable":true,"href":"https:\/\/www.fiftysecondsexperience.com\/fr\/wp-json\/wp\/v2\/users\/1"}],"replies":[{"embeddable":true,"href":"https:\/\/www.fiftysecondsexperience.com\/fr\/wp-json\/wp\/v2\/comments?post=13229"}],"version-history":[{"count":16,"href":"https:\/\/www.fiftysecondsexperience.com\/fr\/wp-json\/wp\/v2\/pages\/13229\/revisions"}],"predecessor-version":[{"id":14876,"href":"https:\/\/www.fiftysecondsexperience.com\/fr\/wp-json\/wp\/v2\/pages\/13229\/revisions\/14876"}],"wp:attachment":[{"href":"https:\/\/www.fiftysecondsexperience.com\/fr\/wp-json\/wp\/v2\/media?parent=13229"}],"curies":[{"name":"wp","href":"https:\/\/api.w.org\/{rel}","templated":true}]}}