{"id":13193,"date":"2024-03-01T14:02:31","date_gmt":"2024-03-01T14:02:31","guid":{"rendered":"https:\/\/www.fiftysecondsexperience.com\/rui-silvestre\/"},"modified":"2026-03-23T15:18:36","modified_gmt":"2026-03-23T15:18:36","slug":"chef-rui-silvestre","status":"publish","type":"page","link":"https:\/\/www.fiftysecondsexperience.com\/fr\/chef-rui-silvestre\/","title":{"rendered":"Chef Rui Silvestre"},"content":{"rendered":"<section class=\"wpb-content-wrapper\"><p>[vc_row content_placement=\u00a0\u00bbtop\u00a0\u00bb content_text_aligment=\u00a0\u00bbcenter\u00a0\u00bb css=\u00a0\u00bb.vc_custom_1693992744059{margin-bottom: 100px !important;}\u00a0\u00bb][vc_column]<div class=\"mkdf-elements-holder   mkdf-two-columns  mkdf-responsive-mode-1024 \" ><div class=\"mkdf-eh-item  mkdf-vertical-alignment-top mkdf-horizontal-alignment-center \"  data-item-class=\"mkdf-eh-custom-8808\" data-1367-1600=\"0 0 0 13%\" data-1025-1366=\"0 0 0 15%\" data-769-1024=\"0 0 7% 9%\" data-681-768=\"0 0 6% 9%\" data-680=\"0 0 10% 5%\">\n\t<div class=\"mkdf-eh-item-inner\">\n\t\t<div class=\"mkdf-eh-item-content mkdf-eh-custom-8808\" style=\"padding: 0 0 0 38%\">\n\t\t\t<div class=\"mkdf-section-title-holder  mkdf-st-standard mkdf-st-title-left mkdf-st-normal-space \" style=\"padding:0 0 15% 0;text-align: left\">\n\t<div class=\"mkdf-st-inner\">\n\t\t\t\t\t<h2 class=\"mkdf-st-title\" >\n\t\t\t\tChef<br \/> ex\u00e9cutif\t\t\t<\/h2>\n\t\t    <span class=\"mkdf-st-line\" style=\"margin: 50px 5% 0 5%; height: 120px\"><\/span>\n    <div class=\"mkdf-st-text\" style=\"margin-top: 45px;padding-right: 90px\">\n        <strong>Rui Silvestre<\/strong> est n\u00e9 \u00e0 Valongo, dans le nord du Portugal, mais vit en Algarve depuis l&rsquo;\u00e2ge de 10 ans.<br \/>\n\u00c0 la recherche d&rsquo;inspiration pour de nouveaux plats et de nouvelles techniques culinaires, pour d\u00e9couvrir d&rsquo;autres cultures et saveurs, Rui a pass\u00e9 7 ans dans des restaurants fran\u00e7ais, suisses et hongrois, o\u00f9 il a notamment travaill\u00e9 en France au restaurant Le Castellet de Christophe Bacqui\u00e9, avec trois \u00e9toiles Michelin.<br \/>\nEn 2015, Rui a obtenu sa premi\u00e8re <strong>\u00e9toile Michelin<\/strong>, devenant ainsi le plus jeune chef portugais (\u00e2g\u00e9 de 29 ans) \u00e0 remporter ce titre convoit\u00e9.<br \/>\nEn 2019, il r\u00e9it\u00e8re l&rsquo;exploit en remportant la premi\u00e8re \u00e9toile Michelin pour l&rsquo;Algarve orientale \u00e0 la t\u00eate du restaurant Vistas.<br \/>\nS&rsquo;il a fait une grande partie de sa carri\u00e8re \u00e0 l&rsquo;\u00e9tranger, en passant par les \u00e9toil\u00e9s Ferme Saint Simion et Christophe Bacqui\u00e9, tous deux fran\u00e7ais, la cuisine de Rui Silvestre privil\u00e9gie les saveurs nationales, inspir\u00e9es par la mati\u00e8re premi\u00e8re qui lui est la plus proche : les poissons et les crustac\u00e9s.<br \/>\nEn utilisant des techniques fran\u00e7aises et en fusionnant des saveurs improbables, Rui aime combiner les meilleurs produits de la terre et de la mer de mani\u00e8re innovante, en \u00e9voquant tous les sens et en pr\u00e9servant le go\u00fbt authentique et exceptionnel des ingr\u00e9dients locaux.<br \/>\nIl prend la responsabilit\u00e9 de succ\u00e9der au chef le plus prim\u00e9 d&rsquo;Espagne \u00e0 la t\u00eate du <strong>FIFTY SECONDS<\/strong>, au sommet de la tour Vasco da Gama.    <\/div>\n\t<\/div>\n<\/div>\t\t<\/div>\n\t<\/div>\n<\/div><div class=\"mkdf-eh-item  mkdf-vertical-alignment-top  \"  data-item-class=\"mkdf-eh-custom-1126\">\n\t<div class=\"mkdf-eh-item-inner\">\n\t\t<div class=\"mkdf-eh-item-content mkdf-eh-custom-1126\" style=\"padding: 0 0 0 9%\">\n\t\t\t<div class=\"mkdf-single-image-holder    \" >\n    <div class=\"mkdf-si-inner\" >\n                                    <img loading=\"lazy\" decoding=\"async\" width=\"1333\" height=\"2000\" src=\"https:\/\/www.fiftysecondsexperience.com\/wp-content\/uploads\/2024\/03\/Chef-Rui-Silvestre-03.jpg\" class=\"attachment-full size-full\" alt=\"\" srcset=\"https:\/\/www.fiftysecondsexperience.com\/wp-content\/uploads\/2024\/03\/Chef-Rui-Silvestre-03.jpg 1333w, https:\/\/www.fiftysecondsexperience.com\/wp-content\/uploads\/2024\/03\/Chef-Rui-Silvestre-03-200x300.jpg 200w, https:\/\/www.fiftysecondsexperience.com\/wp-content\/uploads\/2024\/03\/Chef-Rui-Silvestre-03-682x1024.jpg 682w, https:\/\/www.fiftysecondsexperience.com\/wp-content\/uploads\/2024\/03\/Chef-Rui-Silvestre-03-768x1152.jpg 768w, https:\/\/www.fiftysecondsexperience.com\/wp-content\/uploads\/2024\/03\/Chef-Rui-Silvestre-03-1024x1536.jpg 1024w\" sizes=\"auto, (max-width: 1333px) 100vw, 1333px\" \/>                        <\/div>\n<\/div>\t\t<\/div>\n\t<\/div>\n<\/div><\/div>[\/vc_column][\/vc_row][vc_row disable_element=\u00a0\u00bbyes\u00a0\u00bb css=\u00a0\u00bb.vc_custom_1693992705696{margin-top: 150px !important;margin-bottom: 150px !important;}\u00a0\u00bb][vc_column][vc_row_inner content_placement=\u00a0\u00bbtop\u00a0\u00bb row_content_width=\u00a0\u00bbgrid\u00a0\u00bb enable_parallax_background_elements=\u00a0\u00bbyes\u00a0\u00bb parallax_background_elements_vertical_alignment=\u00a0\u00bbbottom\u00a0\u00bb enable_parallax_effect=\u00a0\u00bbno\u00a0\u00bb left_parallax_background_element=\u00a0\u00bb3576&Prime;][vc_column_inner width=\u00a0\u00bb1\/12&Prime; css=\u00a0\u00bb.vc_custom_1534514381983{padding-right: 0px !important;}\u00a0\u00bb offset=\u00a0\u00bbvc_hidden-md vc_hidden-sm vc_hidden-xs\u00a0\u00bb][\/vc_column_inner][vc_column_inner css=\u00a0\u00bb.vc_custom_1534514542346{padding-right: 0px !important;padding-left: 0px !important;}\u00a0\u00bb offset=\u00a0\u00bbvc_col-lg-4 vc_col-md-5 vc_col-xs-12&Prime;]<div class=\"mkdf-single-image-holder    \" data-parallax=\"{&quot;y&quot;: 30, &quot;smoothness&quot;: 30}\">\n    <div class=\"mkdf-si-inner\" >\n                                                            <\/div>\n<\/div>[\/vc_column_inner][vc_column_inner width=\u00a0\u00bb1\/12&Prime; css=\u00a0\u00bb.vc_custom_1534514550307{padding-right: 0px !important;padding-left: 0px !important;}\u00a0\u00bb offset=\u00a0\u00bbvc_col-lg-2 vc_col-md-1 vc_hidden-sm vc_hidden-xs\u00a0\u00bb][\/vc_column_inner][vc_column_inner css=\u00a0\u00bb.vc_custom_1534514557722{padding-right: 0px !important;padding-left: 0px !important;}\u00a0\u00bb offset=\u00a0\u00bbvc_col-lg-4 vc_col-md-6 vc_col-xs-12&Prime;]<div class=\"mkdf-section-title-holder  mkdf-st-standard mkdf-st-title-left mkdf-st-normal-space \" style=\"padding:0 0 15% 0;text-align: left\">\n\t<div class=\"mkdf-st-inner\">\n\t\t\t\t\t<h2 class=\"mkdf-st-title\" >\n\t\t\t\tHoraire<br \/> de l'histoire\t\t\t<\/h2>\n\t\t    <span class=\"mkdf-st-line\" style=\"margin: 50px 9% 0 14%; height: 120px\"><\/span>\n    <div class=\"mkdf-st-text\" style=\"margin-top: 20px;padding-right: 40px\">\n        Il poss\u00e8de actuellement 12 \u00e9toiles Michelin :<\/p>\n<ul>\n<li>3 au restaurant Mart\u00edn Berasategui \u00e0 Lasarte-Oria ;<\/li>\n<li>3 au restaurant Lasarte \u00e0 Barcelone<\/li>\n<li>2 au restaurant M.B. \u00e0 Tenerife<\/li>\n<li>1 au restaurant Oria \u00e0 Barcelone<\/li>\n<li>1 au restaurant Ola Mart\u00edn Berasategui \u00e0 Bilbao<\/li>\n<li>1 au restaurant FIFTY SECONDS by Mart\u00edn Berasategui \u00e0 Lisbonne<\/li>\n<li>1 au restaurant Etxeko Ibiza.<\/li>\n<\/ul>\n<p>Mart\u00edn a r\u00e9cemment re\u00e7u le prix \u00ab\u00a0Chef Mentor\u00a0\u00bb du Guide Michelin Espagne &amp; Portugal 2022 et sa c\u00e9l\u00e8bre expression \u00ab\u00a0GARROTE\u00a0\u00bb a \u00e9t\u00e9 ajout\u00e9e au dictionnaire de la RAE (Acad\u00e9mie royale d&rsquo;Espagne).    <\/div>\n\t<\/div>\n<\/div>[\/vc_column_inner][vc_column_inner width=\u00a0\u00bb1\/12&Prime; css=\u00a0\u00bb.vc_custom_1534514436317{padding-left: 0px !important;}\u00a0\u00bb offset=\u00a0\u00bbvc_hidden-md vc_hidden-sm vc_hidden-xs\u00a0\u00bb][\/vc_column_inner][\/vc_row_inner][\/vc_column][\/vc_row][vc_row][vc_column]<a itemprop=\"url\" href=\"https:\/\/www.fiftysecondsexperience.com\/fr\/reservation\/\" target=\"_self\"  class=\"mkdf-btn mkdf-btn-medium mkdf-btn-solid reservar-mesa-button\"  >\n\t    <span class=\"mkdf-btn-text\">R\u00e9servez une table<\/span>\n    <\/a>[\/vc_column][\/vc_row]<\/p>\n<\/section>","protected":false},"excerpt":{"rendered":"<p>[vc_row content_placement=\u00a0\u00bbtop\u00a0\u00bb content_text_aligment=\u00a0\u00bbcenter\u00a0\u00bb css=\u00a0\u00bb.vc_custom_1693992744059{margin-bottom: 100px !important;}\u00a0\u00bb][vc_column][\/vc_column][\/vc_row][vc_row disable_element=\u00a0\u00bbyes\u00a0\u00bb css=\u00a0\u00bb.vc_custom_1693992705696{margin-top: 150px !important;margin-bottom: 150px !important;}\u00a0\u00bb][vc_column][vc_row_inner content_placement=\u00a0\u00bbtop\u00a0\u00bb row_content_width=\u00a0\u00bbgrid\u00a0\u00bb enable_parallax_background_elements=\u00a0\u00bbyes\u00a0\u00bb parallax_background_elements_vertical_alignment=\u00a0\u00bbbottom\u00a0\u00bb enable_parallax_effect=\u00a0\u00bbno\u00a0\u00bb left_parallax_background_element=\u00a0\u00bb3576&Prime;][vc_column_inner width=\u00a0\u00bb1\/12&Prime; css=\u00a0\u00bb.vc_custom_1534514381983{padding-right: 0px !important;}\u00a0\u00bb offset=\u00a0\u00bbvc_hidden-md vc_hidden-sm vc_hidden-xs\u00a0\u00bb][\/vc_column_inner][vc_column_inner css=\u00a0\u00bb.vc_custom_1534514542346{padding-right: 0px !important;padding-left: 0px !important;}\u00a0\u00bb offset=\u00a0\u00bbvc_col-lg-4 vc_col-md-5 vc_col-xs-12&Prime;][\/vc_column_inner][vc_column_inner width=\u00a0\u00bb1\/12&Prime; css=\u00a0\u00bb.vc_custom_1534514550307{padding-right: 0px !important;padding-left: 0px !important;}\u00a0\u00bb offset=\u00a0\u00bbvc_col-lg-2 [&hellip;]<\/p>\n","protected":false},"author":1,"featured_media":0,"parent":0,"menu_order":0,"comment_status":"closed","ping_status":"closed","template":"full-width.php","meta":{"inline_featured_image":false,"footnotes":"","_links_to":"","_links_to_target":""},"class_list":["post-13193","page","type-page","status-publish","hentry"],"yoast_head":"<!-- This site is optimized with the Yoast SEO plugin v26.1.1 - https:\/\/yoast.com\/wordpress\/plugins\/seo\/ -->\n<title>Chef Rui Silvestre | Fifty Seconds - Restaurant \u00e9toil\u00e9 Michelin<\/title>\n<meta name=\"description\" content=\"Rencontrez le chef Filipe Carvalho, chef ex\u00e9cutif du restaurant Fifty Seconds. Son histoire, ses curiosit\u00e9s et sa carri\u00e8re professionnelle.\" \/>\n<meta name=\"robots\" content=\"index, follow, max-snippet:-1, max-image-preview:large, max-video-preview:-1\" \/>\n<link rel=\"canonical\" href=\"https:\/\/www.fiftysecondsexperience.com\/fr\/chef-rui-silvestre\/\" \/>\n<meta property=\"og:locale\" content=\"fr_FR\" \/>\n<meta property=\"og:type\" content=\"article\" \/>\n<meta property=\"og:title\" content=\"Chef Rui Silvestre | Fifty Seconds - Restaurant \u00e9toil\u00e9 Michelin\" \/>\n<meta property=\"og:description\" content=\"Rencontrez le chef Filipe Carvalho, chef ex\u00e9cutif du restaurant Fifty Seconds. Son histoire, ses curiosit\u00e9s et sa carri\u00e8re professionnelle.\" \/>\n<meta property=\"og:url\" content=\"https:\/\/www.fiftysecondsexperience.com\/fr\/chef-rui-silvestre\/\" \/>\n<meta property=\"og:site_name\" content=\"Fifty Seconds\" \/>\n<meta property=\"article:modified_time\" content=\"2026-03-23T15:18:36+00:00\" \/>\n<meta name=\"twitter:card\" content=\"summary_large_image\" \/>\n<meta name=\"twitter:label1\" content=\"Dur\u00e9e de lecture estim\u00e9e\" \/>\n\t<meta name=\"twitter:data1\" content=\"4 minutes\" \/>\n<script type=\"application\/ld+json\" class=\"yoast-schema-graph\">{\"@context\":\"https:\/\/schema.org\",\"@graph\":[{\"@type\":\"WebPage\",\"@id\":\"https:\/\/www.fiftysecondsexperience.com\/fr\/chef-rui-silvestre\/\",\"url\":\"https:\/\/www.fiftysecondsexperience.com\/fr\/chef-rui-silvestre\/\",\"name\":\"Chef Rui Silvestre | Fifty Seconds - Restaurant \u00e9toil\u00e9 Michelin\",\"isPartOf\":{\"@id\":\"https:\/\/www.fiftysecondsexperience.com\/#website\"},\"datePublished\":\"2024-03-01T14:02:31+00:00\",\"dateModified\":\"2026-03-23T15:18:36+00:00\",\"description\":\"Rencontrez le chef Filipe Carvalho, chef ex\u00e9cutif du restaurant Fifty Seconds. Son histoire, ses curiosit\u00e9s et sa carri\u00e8re professionnelle.\",\"breadcrumb\":{\"@id\":\"https:\/\/www.fiftysecondsexperience.com\/fr\/chef-rui-silvestre\/#breadcrumb\"},\"inLanguage\":\"fr-FR\",\"potentialAction\":[{\"@type\":\"ReadAction\",\"target\":[\"https:\/\/www.fiftysecondsexperience.com\/fr\/chef-rui-silvestre\/\"]}]},{\"@type\":\"BreadcrumbList\",\"@id\":\"https:\/\/www.fiftysecondsexperience.com\/fr\/chef-rui-silvestre\/#breadcrumb\",\"itemListElement\":[{\"@type\":\"ListItem\",\"position\":1,\"name\":\"In\u00edcio\",\"item\":\"https:\/\/www.fiftysecondsexperience.com\/fr\/\"},{\"@type\":\"ListItem\",\"position\":2,\"name\":\"Chef Rui Silvestre\"}]},{\"@type\":\"WebSite\",\"@id\":\"https:\/\/www.fiftysecondsexperience.com\/#website\",\"url\":\"https:\/\/www.fiftysecondsexperience.com\/\",\"name\":\"Fifty Seconds\",\"description\":\"\",\"publisher\":{\"@id\":\"https:\/\/www.fiftysecondsexperience.com\/#organization\"},\"potentialAction\":[{\"@type\":\"SearchAction\",\"target\":{\"@type\":\"EntryPoint\",\"urlTemplate\":\"https:\/\/www.fiftysecondsexperience.com\/?s={search_term_string}\"},\"query-input\":{\"@type\":\"PropertyValueSpecification\",\"valueRequired\":true,\"valueName\":\"search_term_string\"}}],\"inLanguage\":\"fr-FR\"},{\"@type\":\"Organization\",\"@id\":\"https:\/\/www.fiftysecondsexperience.com\/#organization\",\"name\":\"Fifty Seconds\",\"url\":\"https:\/\/www.fiftysecondsexperience.com\/\",\"logo\":{\"@type\":\"ImageObject\",\"inLanguage\":\"fr-FR\",\"@id\":\"https:\/\/www.fiftysecondsexperience.com\/#\/schema\/logo\/image\/\",\"url\":\"https:\/\/www.fiftysecondsexperience.com\/wp-content\/uploads\/2024\/01\/Logo-Fifty-Seconds2-Restaurante-Lisboa-Estrela-Michelin-Header-1.svg\",\"contentUrl\":\"https:\/\/www.fiftysecondsexperience.com\/wp-content\/uploads\/2024\/01\/Logo-Fifty-Seconds2-Restaurante-Lisboa-Estrela-Michelin-Header-1.svg\",\"width\":\"1024\",\"height\":\"1024\",\"caption\":\"Fifty Seconds\"},\"image\":{\"@id\":\"https:\/\/www.fiftysecondsexperience.com\/#\/schema\/logo\/image\/\"}}]}<\/script>\n<!-- \/ Yoast SEO plugin. -->","yoast_head_json":{"title":"Chef Rui Silvestre | Fifty Seconds - Restaurant \u00e9toil\u00e9 Michelin","description":"Rencontrez le chef Filipe Carvalho, chef ex\u00e9cutif du restaurant Fifty Seconds. Son histoire, ses curiosit\u00e9s et sa carri\u00e8re professionnelle.","robots":{"index":"index","follow":"follow","max-snippet":"max-snippet:-1","max-image-preview":"max-image-preview:large","max-video-preview":"max-video-preview:-1"},"canonical":"https:\/\/www.fiftysecondsexperience.com\/fr\/chef-rui-silvestre\/","og_locale":"fr_FR","og_type":"article","og_title":"Chef Rui Silvestre | Fifty Seconds - Restaurant \u00e9toil\u00e9 Michelin","og_description":"Rencontrez le chef Filipe Carvalho, chef ex\u00e9cutif du restaurant Fifty Seconds. Son histoire, ses curiosit\u00e9s et sa carri\u00e8re professionnelle.","og_url":"https:\/\/www.fiftysecondsexperience.com\/fr\/chef-rui-silvestre\/","og_site_name":"Fifty Seconds","article_modified_time":"2026-03-23T15:18:36+00:00","twitter_card":"summary_large_image","twitter_misc":{"Dur\u00e9e de lecture estim\u00e9e":"4 minutes"},"schema":{"@context":"https:\/\/schema.org","@graph":[{"@type":"WebPage","@id":"https:\/\/www.fiftysecondsexperience.com\/fr\/chef-rui-silvestre\/","url":"https:\/\/www.fiftysecondsexperience.com\/fr\/chef-rui-silvestre\/","name":"Chef Rui Silvestre | Fifty Seconds - Restaurant \u00e9toil\u00e9 Michelin","isPartOf":{"@id":"https:\/\/www.fiftysecondsexperience.com\/#website"},"datePublished":"2024-03-01T14:02:31+00:00","dateModified":"2026-03-23T15:18:36+00:00","description":"Rencontrez le chef Filipe Carvalho, chef ex\u00e9cutif du restaurant Fifty Seconds. Son histoire, ses curiosit\u00e9s et sa carri\u00e8re professionnelle.","breadcrumb":{"@id":"https:\/\/www.fiftysecondsexperience.com\/fr\/chef-rui-silvestre\/#breadcrumb"},"inLanguage":"fr-FR","potentialAction":[{"@type":"ReadAction","target":["https:\/\/www.fiftysecondsexperience.com\/fr\/chef-rui-silvestre\/"]}]},{"@type":"BreadcrumbList","@id":"https:\/\/www.fiftysecondsexperience.com\/fr\/chef-rui-silvestre\/#breadcrumb","itemListElement":[{"@type":"ListItem","position":1,"name":"In\u00edcio","item":"https:\/\/www.fiftysecondsexperience.com\/fr\/"},{"@type":"ListItem","position":2,"name":"Chef Rui Silvestre"}]},{"@type":"WebSite","@id":"https:\/\/www.fiftysecondsexperience.com\/#website","url":"https:\/\/www.fiftysecondsexperience.com\/","name":"Fifty Seconds","description":"","publisher":{"@id":"https:\/\/www.fiftysecondsexperience.com\/#organization"},"potentialAction":[{"@type":"SearchAction","target":{"@type":"EntryPoint","urlTemplate":"https:\/\/www.fiftysecondsexperience.com\/?s={search_term_string}"},"query-input":{"@type":"PropertyValueSpecification","valueRequired":true,"valueName":"search_term_string"}}],"inLanguage":"fr-FR"},{"@type":"Organization","@id":"https:\/\/www.fiftysecondsexperience.com\/#organization","name":"Fifty Seconds","url":"https:\/\/www.fiftysecondsexperience.com\/","logo":{"@type":"ImageObject","inLanguage":"fr-FR","@id":"https:\/\/www.fiftysecondsexperience.com\/#\/schema\/logo\/image\/","url":"https:\/\/www.fiftysecondsexperience.com\/wp-content\/uploads\/2024\/01\/Logo-Fifty-Seconds2-Restaurante-Lisboa-Estrela-Michelin-Header-1.svg","contentUrl":"https:\/\/www.fiftysecondsexperience.com\/wp-content\/uploads\/2024\/01\/Logo-Fifty-Seconds2-Restaurante-Lisboa-Estrela-Michelin-Header-1.svg","width":"1024","height":"1024","caption":"Fifty Seconds"},"image":{"@id":"https:\/\/www.fiftysecondsexperience.com\/#\/schema\/logo\/image\/"}}]}},"_links":{"self":[{"href":"https:\/\/www.fiftysecondsexperience.com\/fr\/wp-json\/wp\/v2\/pages\/13193","targetHints":{"allow":["GET"]}}],"collection":[{"href":"https:\/\/www.fiftysecondsexperience.com\/fr\/wp-json\/wp\/v2\/pages"}],"about":[{"href":"https:\/\/www.fiftysecondsexperience.com\/fr\/wp-json\/wp\/v2\/types\/page"}],"author":[{"embeddable":true,"href":"https:\/\/www.fiftysecondsexperience.com\/fr\/wp-json\/wp\/v2\/users\/1"}],"replies":[{"embeddable":true,"href":"https:\/\/www.fiftysecondsexperience.com\/fr\/wp-json\/wp\/v2\/comments?post=13193"}],"version-history":[{"count":7,"href":"https:\/\/www.fiftysecondsexperience.com\/fr\/wp-json\/wp\/v2\/pages\/13193\/revisions"}],"predecessor-version":[{"id":14893,"href":"https:\/\/www.fiftysecondsexperience.com\/fr\/wp-json\/wp\/v2\/pages\/13193\/revisions\/14893"}],"wp:attachment":[{"href":"https:\/\/www.fiftysecondsexperience.com\/fr\/wp-json\/wp\/v2\/media?parent=13193"}],"curies":[{"name":"wp","href":"https:\/\/api.w.org\/{rel}","templated":true}]}}