{"id":13133,"date":"2018-08-08T11:04:26","date_gmt":"2018-08-08T11:04:26","guid":{"rendered":"https:\/\/www.fiftysecondsexperience.com\/menu\/"},"modified":"2026-04-01T11:31:12","modified_gmt":"2026-04-01T11:31:12","slug":"menu","status":"publish","type":"page","link":"https:\/\/www.fiftysecondsexperience.com\/fr\/menu\/","title":{"rendered":"Menu"},"content":{"rendered":"<section class=\"wpb-content-wrapper\"><p>[vc_row content_placement=\u00a0\u00bbtop\u00a0\u00bb enable_parallax_background_elements=\u00a0\u00bbyes\u00a0\u00bb right_parallax_background_element=\u00a0\u00bb3536&Prime;][vc_column][vc_row_inner content_placement=\u00a0\u00bbmiddle\u00a0\u00bb row_content_width=\u00a0\u00bbgrid\u00a0\u00bb css=\u00a0\u00bb.vc_custom_1535380918653{padding-bottom: 40px !important;}\u00a0\u00bb][vc_column_inner offset=\u00a0\u00bbvc_col-lg-6 vc_col-md-12&Prime;]<div class=\"mkdf-section-title-holder horas-EN mkdf-st-standard mkdf-st-title-left mkdf-st-normal-space \" style=\"padding:0 0 2% 0;text-align: left\">\n\t<div class=\"mkdf-st-inner\">\n\t\t\t\t\t<h2 class=\"mkdf-st-title\" style=\"color: #99a3a5\">\n\t\t\t\tNOS MENUS\t\t\t<\/h2>\n\t\t    <span class=\"mkdf-st-line\" style=\"margin: 27px 5% 0 5%; height: 120px\"><\/span>\n    <div class=\"mkdf-st-text\" style=\"margin-top: 18px;padding-right: 50px\">\n        Pr\u00e9parez-vous \u00e0 d\u00e9couvrir notre cuisine cr\u00e9ative, une combinaison de saveurs qui vous fera voyager \u00e0 travers des sensations uniques, dans une explosion de couleurs, de textures et d&rsquo;ar\u00f4mes du monde entier.<\/p>\n<p>Nous travaillons avec les meilleurs ingr\u00e9dients que la nature nous offre et les transformons en une <strong>exp\u00e9rience gastronomique unique<\/strong>. Chaque plat est cr\u00e9\u00e9 avec passion, d\u00e9vouement, respect et soin, en utilisant les produits les plus frais et les plus artisanaux de la terre et de la mer.    <\/div>\n\t<\/div>\n<\/div>[vc_raw_html]JTNDYSUyMGNsYXNzJTNEJTIybWtkZi1idG4lMjBta2RmLWJ0bi1tZWRpdW0lMjBta2RmLWJ0bi1zaW1wbGUlMjIlMjBzdHlsZSUzRCUyMm1hcmdpbi1sZWZ0JTNBNjBweCUzQm1hcmdpbi10b3AlM0EyMHB4JTNCJTIyJTIwaHJlZiUzRCUyMmh0dHBzJTNBJTJGJTJGd3d3LmZpZnR5c2Vjb25kc2V4cGVyaWVuY2UuY29tJTJGd3AtY29udGVudCUyRnVwbG9hZHMlMkYyMDI2JTJGMDQlMkZNRU5VLUZBVU5BLUZMT1JBLUZSLnBkZiUyMiUyMHRhcmdldCUzRCUyMl9ibGFuayUyMiUzRSUwQSUzQ3NwYW4lMjBjbGFzcyUzRCUyMm1rZGYtYnRuLWxpbmUlMjIlM0UlM0MlMkZzcGFuJTNFJTBBJTNDc3BhbiUyMGNsYXNzJTNEJTIybWtkZi1idG4tdGV4dCUyMiUzRVZvaXIlMjBsZSUyMG1lbnUlM0MlMkZzcGFuJTNFJTBBJTNDJTJGYSUzRSUwQSUwQQ==[\/vc_raw_html][vc_empty_space height=\u00a0\u00bb100px\u00a0\u00bb][\/vc_column_inner][vc_column_inner offset=\u00a0\u00bbvc_col-lg-6 vc_col-md-12&Prime; css=\u00a0\u00bb.vc_custom_1535446084271{padding-right: 0px !important;padding-left: 0px !important;}\u00a0\u00bb]<div class=\"mkdf-single-image-holder    \" >\n    <div class=\"mkdf-si-inner\" >\n                                    <img loading=\"lazy\" decoding=\"async\" width=\"800\" height=\"450\" src=\"https:\/\/www.fiftysecondsexperience.com\/wp-content\/uploads\/2026\/03\/Menu-Fifty-Secons-2-estrelas-Michelin.jpg\" class=\"attachment-full size-full\" alt=\"Menu Fifty Seconds 2 estrelas Michelin\" \/>                        <\/div>\n<\/div>[\/vc_column_inner][\/vc_row_inner][vc_row_inner row_content_width=\u00a0\u00bbgrid\u00a0\u00bb css=\u00a0\u00bb.vc_custom_1534240845257{padding-bottom: 30px !important;}\u00a0\u00bb][vc_column_inner offset=\u00a0\u00bbvc_col-lg-offset-1 vc_col-lg-10&Prime; css=\u00a0\u00bb.vc_custom_1534234226432{padding-right: 0px !important;padding-left: 0px !important;}\u00a0\u00bb]<div class=\"mkdf-single-image-holder    \" >\n    <div class=\"mkdf-si-inner\" >\n                                    <img loading=\"lazy\" decoding=\"async\" width=\"1300\" height=\"600\" src=\"https:\/\/www.fiftysecondsexperience.com\/wp-content\/uploads\/2026\/03\/Menu-Fifty-Lisboa-REstaurante-Michelin.jpg\" class=\"attachment-full size-full\" alt=\"Menu Fifty Lisboa REstaurante Michelin\" \/>                        <\/div>\n<\/div>[\/vc_column_inner][\/vc_row_inner][vc_row_inner row_content_width=\u00a0\u00bbgrid\u00a0\u00bb css=\u00a0\u00bb.vc_custom_1693928418149{margin-bottom: 50px !important;}\u00a0\u00bb][vc_column_inner width=\u00a0\u00bb1\/12&Prime; offset=\u00a0\u00bbvc_col-lg-1 vc_hidden-md vc_hidden-sm vc_hidden-xs\u00a0\u00bb][\/vc_column_inner][vc_column_inner css=\u00a0\u00bb.vc_custom_1535445707647{padding-right: 0px !important;padding-left: 0px !important;}\u00a0\u00bb offset=\u00a0\u00bbvc_col-lg-10 vc_col-md-12 vc_col-xs-12&Prime;]<div class=\"mkdf-image-gallery mkdf-grid-list mkdf-grid-masonry-list mkdf-disable-bottom-space  mkdf-ig-masonry-type mkdf-three-columns mkdf-normal-space  \">\n\t<div class=\"mkdf-ig-inner mkdf-outer-space mkdf-masonry-list-wrapper\">\n\t\t<div class=\"mkdf-masonry-grid-sizer\"><\/div>\n\t\t<div class=\"mkdf-masonry-grid-gutter\"><\/div>\n\t\t\t\t\t\t\t\t<div class=\"mkdf-ig-image mkdf-item-space \">\n\t\t\t\t<div class=\"mkdf-ig-image-inner\">\n\t\t\t\t\t\t\t\t\t\t\t<img loading=\"lazy\" decoding=\"async\" width=\"942\" height=\"1269\" src=\"https:\/\/www.fiftysecondsexperience.com\/wp-content\/uploads\/2026\/03\/Menu-Fifty-Seconds-Lisboa-2-estrelas-michelin-Restaurante.jpg\" class=\"attachment-full size-full\" alt=\"\" \/>\t\t\t\t\t\t\t\t\t<\/div>\n\t\t\t<\/div>\n\t\t\t\t\t\t\t\t<div class=\"mkdf-ig-image mkdf-item-space \">\n\t\t\t\t<div class=\"mkdf-ig-image-inner\">\n\t\t\t\t\t\t\t\t\t\t\t<img loading=\"lazy\" decoding=\"async\" width=\"650\" height=\"1300\" src=\"https:\/\/www.fiftysecondsexperience.com\/wp-content\/uploads\/2026\/03\/Menu-Fifty-Seconds-Lisboa-2-estrelas-michelin.jpg\" class=\"attachment-full size-full\" alt=\"\" \/>\t\t\t\t\t\t\t\t\t<\/div>\n\t\t\t<\/div>\n\t\t\t\t\t\t\t\t<div class=\"mkdf-ig-image mkdf-item-space \">\n\t\t\t\t<div class=\"mkdf-ig-image-inner\">\n\t\t\t\t\t\t\t\t\t\t\t<img loading=\"lazy\" decoding=\"async\" width=\"768\" height=\"646\" src=\"https:\/\/www.fiftysecondsexperience.com\/wp-content\/uploads\/2026\/03\/Menu-Fifty-Seconds-Lisboa-2-estrelas.jpg\" class=\"attachment-full size-full\" alt=\"\" \/>\t\t\t\t\t\t\t\t\t<\/div>\n\t\t\t<\/div>\n\t\t\t\t\t\t\t\t<div class=\"mkdf-ig-image mkdf-item-space \">\n\t\t\t\t<div class=\"mkdf-ig-image-inner\">\n\t\t\t\t\t\t\t\t\t\t\t<img loading=\"lazy\" decoding=\"async\" width=\"800\" height=\"450\" src=\"https:\/\/www.fiftysecondsexperience.com\/wp-content\/uploads\/2026\/03\/Menu-Fifty-Seconds-Lisboa-2-estrelas-michelin-Restaurante-Parque-das-Nacoes.jpg\" class=\"attachment-full size-full\" alt=\"\" \/>\t\t\t\t\t\t\t\t\t<\/div>\n\t\t\t<\/div>\n\t\t\t<\/div>\n<\/div>[\/vc_column_inner][vc_column_inner width=\u00a0\u00bb1\/12&Prime; css=\u00a0\u00bb.vc_custom_1535382774510{padding-right: 0px !important;}\u00a0\u00bb offset=\u00a0\u00bbvc_col-lg-1 vc_hidden-md vc_hidden-sm vc_hidden-xs\u00a0\u00bb][\/vc_column_inner][\/vc_row_inner][\/vc_column][\/vc_row][vc_row][vc_column]<a itemprop=\"url\" href=\"https:\/\/www.fiftysecondsexperience.com\/fr\/reservation\/\" target=\"_self\"  class=\"mkdf-btn mkdf-btn-medium mkdf-btn-solid reservar-mesa-button\"  >\n\t    <span class=\"mkdf-btn-text\">R\u00e9servez une table<\/span>\n    <\/a>[\/vc_column][\/vc_row]<\/p>\n<\/section>","protected":false},"excerpt":{"rendered":"<p>[vc_row content_placement=\u00a0\u00bbtop\u00a0\u00bb enable_parallax_background_elements=\u00a0\u00bbyes\u00a0\u00bb right_parallax_background_element=\u00a0\u00bb3536&Prime;][vc_column][vc_row_inner content_placement=\u00a0\u00bbmiddle\u00a0\u00bb row_content_width=\u00a0\u00bbgrid\u00a0\u00bb css=\u00a0\u00bb.vc_custom_1535380918653{padding-bottom: 40px !important;}\u00a0\u00bb][vc_column_inner offset=\u00a0\u00bbvc_col-lg-6 vc_col-md-12&Prime;][vc_raw_html]JTNDYSUyMGNsYXNzJTNEJTIybWtkZi1idG4lMjBta2RmLWJ0bi1tZWRpdW0lMjBta2RmLWJ0bi1zaW1wbGUlMjIlMjBzdHlsZSUzRCUyMm1hcmdpbi1sZWZ0JTNBNjBweCUzQm1hcmdpbi10b3AlM0EyMHB4JTNCJTIyJTIwaHJlZiUzRCUyMmh0dHBzJTNBJTJGJTJGd3d3LmZpZnR5c2Vjb25kc2V4cGVyaWVuY2UuY29tJTJGd3AtY29udGVudCUyRnVwbG9hZHMlMkYyMDI2JTJGMDQlMkZNRU5VLUZBVU5BLUZMT1JBLUZSLnBkZiUyMiUyMHRhcmdldCUzRCUyMl9ibGFuayUyMiUzRSUwQSUzQ3NwYW4lMjBjbGFzcyUzRCUyMm1rZGYtYnRuLWxpbmUlMjIlM0UlM0MlMkZzcGFuJTNFJTBBJTNDc3BhbiUyMGNsYXNzJTNEJTIybWtkZi1idG4tdGV4dCUyMiUzRVZvaXIlMjBsZSUyMG1lbnUlM0MlMkZzcGFuJTNFJTBBJTNDJTJGYSUzRSUwQSUwQQ==[\/vc_raw_html][vc_empty_space height=\u00a0\u00bb100px\u00a0\u00bb][\/vc_column_inner][vc_column_inner offset=\u00a0\u00bbvc_col-lg-6 vc_col-md-12&Prime; css=\u00a0\u00bb.vc_custom_1535446084271{padding-right: 0px !important;padding-left: 0px !important;}\u00a0\u00bb][\/vc_column_inner][\/vc_row_inner][vc_row_inner row_content_width=\u00a0\u00bbgrid\u00a0\u00bb css=\u00a0\u00bb.vc_custom_1534240845257{padding-bottom: 30px !important;}\u00a0\u00bb][vc_column_inner offset=\u00a0\u00bbvc_col-lg-offset-1 vc_col-lg-10&Prime; css=\u00a0\u00bb.vc_custom_1534234226432{padding-right: 0px !important;padding-left: 0px !important;}\u00a0\u00bb][\/vc_column_inner][\/vc_row_inner][vc_row_inner row_content_width=\u00a0\u00bbgrid\u00a0\u00bb css=\u00a0\u00bb.vc_custom_1693928418149{margin-bottom: 50px !important;}\u00a0\u00bb][vc_column_inner width=\u00a0\u00bb1\/12&Prime; offset=\u00a0\u00bbvc_col-lg-1 vc_hidden-md vc_hidden-sm vc_hidden-xs\u00a0\u00bb][\/vc_column_inner][vc_column_inner css=\u00a0\u00bb.vc_custom_1535445707647{padding-right: [&hellip;]<\/p>\n","protected":false},"author":1,"featured_media":0,"parent":0,"menu_order":0,"comment_status":"closed","ping_status":"closed","template":"full-width.php","meta":{"inline_featured_image":false,"footnotes":"","_links_to":"","_links_to_target":""},"class_list":["post-13133","page","type-page","status-publish","hentry"],"yoast_head":"<!-- This site is optimized with the Yoast SEO plugin v26.1.1 - https:\/\/yoast.com\/wordpress\/plugins\/seo\/ -->\n<title>Menu de Fifty Seconds- Restaurant \u00e9toil\u00e9<\/title>\n<meta name=\"description\" content=\"Restaurant \u00e9toil\u00e9 au Michelin proposant une cuisine cr\u00e9ative de signature avec un choix de menu Fifty Seconds \u00e0 la carte ou de menu d\u00e9gustation de 10 ou 12 plats.\" \/>\n<meta name=\"robots\" content=\"index, follow, max-snippet:-1, max-image-preview:large, max-video-preview:-1\" \/>\n<link rel=\"canonical\" href=\"https:\/\/www.fiftysecondsexperience.com\/fr\/menu\/\" \/>\n<meta property=\"og:locale\" content=\"fr_FR\" \/>\n<meta property=\"og:type\" content=\"article\" \/>\n<meta property=\"og:title\" content=\"Menu de Fifty Seconds- Restaurant \u00e9toil\u00e9\" \/>\n<meta property=\"og:description\" content=\"Restaurant \u00e9toil\u00e9 au Michelin proposant une cuisine cr\u00e9ative de signature avec un choix de menu Fifty Seconds \u00e0 la carte ou de menu d\u00e9gustation de 10 ou 12 plats.\" \/>\n<meta property=\"og:url\" content=\"https:\/\/www.fiftysecondsexperience.com\/fr\/menu\/\" \/>\n<meta property=\"og:site_name\" content=\"Fifty Seconds\" \/>\n<meta property=\"article:modified_time\" content=\"2026-04-01T11:31:12+00:00\" \/>\n<meta name=\"twitter:card\" content=\"summary_large_image\" \/>\n<meta name=\"twitter:label1\" content=\"Dur\u00e9e de lecture estim\u00e9e\" \/>\n\t<meta name=\"twitter:data1\" content=\"3 minutes\" \/>\n<script type=\"application\/ld+json\" class=\"yoast-schema-graph\">{\"@context\":\"https:\/\/schema.org\",\"@graph\":[{\"@type\":\"WebPage\",\"@id\":\"https:\/\/www.fiftysecondsexperience.com\/fr\/menu\/\",\"url\":\"https:\/\/www.fiftysecondsexperience.com\/fr\/menu\/\",\"name\":\"Menu de Fifty Seconds- Restaurant \u00e9toil\u00e9\",\"isPartOf\":{\"@id\":\"https:\/\/www.fiftysecondsexperience.com\/#website\"},\"datePublished\":\"2018-08-08T11:04:26+00:00\",\"dateModified\":\"2026-04-01T11:31:12+00:00\",\"description\":\"Restaurant \u00e9toil\u00e9 au Michelin proposant une cuisine cr\u00e9ative de signature avec un choix de menu Fifty Seconds \u00e0 la carte ou de menu d\u00e9gustation de 10 ou 12 plats.\",\"breadcrumb\":{\"@id\":\"https:\/\/www.fiftysecondsexperience.com\/fr\/menu\/#breadcrumb\"},\"inLanguage\":\"fr-FR\",\"potentialAction\":[{\"@type\":\"ReadAction\",\"target\":[\"https:\/\/www.fiftysecondsexperience.com\/fr\/menu\/\"]}]},{\"@type\":\"BreadcrumbList\",\"@id\":\"https:\/\/www.fiftysecondsexperience.com\/fr\/menu\/#breadcrumb\",\"itemListElement\":[{\"@type\":\"ListItem\",\"position\":1,\"name\":\"In\u00edcio\",\"item\":\"https:\/\/www.fiftysecondsexperience.com\/fr\/\"},{\"@type\":\"ListItem\",\"position\":2,\"name\":\"Menu\"}]},{\"@type\":\"WebSite\",\"@id\":\"https:\/\/www.fiftysecondsexperience.com\/#website\",\"url\":\"https:\/\/www.fiftysecondsexperience.com\/\",\"name\":\"Fifty Seconds\",\"description\":\"\",\"publisher\":{\"@id\":\"https:\/\/www.fiftysecondsexperience.com\/#organization\"},\"potentialAction\":[{\"@type\":\"SearchAction\",\"target\":{\"@type\":\"EntryPoint\",\"urlTemplate\":\"https:\/\/www.fiftysecondsexperience.com\/?s={search_term_string}\"},\"query-input\":{\"@type\":\"PropertyValueSpecification\",\"valueRequired\":true,\"valueName\":\"search_term_string\"}}],\"inLanguage\":\"fr-FR\"},{\"@type\":\"Organization\",\"@id\":\"https:\/\/www.fiftysecondsexperience.com\/#organization\",\"name\":\"Fifty Seconds\",\"url\":\"https:\/\/www.fiftysecondsexperience.com\/\",\"logo\":{\"@type\":\"ImageObject\",\"inLanguage\":\"fr-FR\",\"@id\":\"https:\/\/www.fiftysecondsexperience.com\/#\/schema\/logo\/image\/\",\"url\":\"https:\/\/www.fiftysecondsexperience.com\/wp-content\/uploads\/2024\/01\/Logo-Fifty-Seconds2-Restaurante-Lisboa-Estrela-Michelin-Header-1.svg\",\"contentUrl\":\"https:\/\/www.fiftysecondsexperience.com\/wp-content\/uploads\/2024\/01\/Logo-Fifty-Seconds2-Restaurante-Lisboa-Estrela-Michelin-Header-1.svg\",\"width\":\"1024\",\"height\":\"1024\",\"caption\":\"Fifty Seconds\"},\"image\":{\"@id\":\"https:\/\/www.fiftysecondsexperience.com\/#\/schema\/logo\/image\/\"}}]}<\/script>\n<!-- \/ Yoast SEO plugin. -->","yoast_head_json":{"title":"Menu de Fifty Seconds- Restaurant \u00e9toil\u00e9","description":"Restaurant \u00e9toil\u00e9 au Michelin proposant une cuisine cr\u00e9ative de signature avec un choix de menu Fifty Seconds \u00e0 la carte ou de menu d\u00e9gustation de 10 ou 12 plats.","robots":{"index":"index","follow":"follow","max-snippet":"max-snippet:-1","max-image-preview":"max-image-preview:large","max-video-preview":"max-video-preview:-1"},"canonical":"https:\/\/www.fiftysecondsexperience.com\/fr\/menu\/","og_locale":"fr_FR","og_type":"article","og_title":"Menu de Fifty Seconds- Restaurant \u00e9toil\u00e9","og_description":"Restaurant \u00e9toil\u00e9 au Michelin proposant une cuisine cr\u00e9ative de signature avec un choix de menu Fifty Seconds \u00e0 la carte ou de menu d\u00e9gustation de 10 ou 12 plats.","og_url":"https:\/\/www.fiftysecondsexperience.com\/fr\/menu\/","og_site_name":"Fifty Seconds","article_modified_time":"2026-04-01T11:31:12+00:00","twitter_card":"summary_large_image","twitter_misc":{"Dur\u00e9e de lecture estim\u00e9e":"3 minutes"},"schema":{"@context":"https:\/\/schema.org","@graph":[{"@type":"WebPage","@id":"https:\/\/www.fiftysecondsexperience.com\/fr\/menu\/","url":"https:\/\/www.fiftysecondsexperience.com\/fr\/menu\/","name":"Menu de Fifty Seconds- Restaurant \u00e9toil\u00e9","isPartOf":{"@id":"https:\/\/www.fiftysecondsexperience.com\/#website"},"datePublished":"2018-08-08T11:04:26+00:00","dateModified":"2026-04-01T11:31:12+00:00","description":"Restaurant \u00e9toil\u00e9 au Michelin proposant une cuisine cr\u00e9ative de signature avec un choix de menu Fifty Seconds \u00e0 la carte ou de menu d\u00e9gustation de 10 ou 12 plats.","breadcrumb":{"@id":"https:\/\/www.fiftysecondsexperience.com\/fr\/menu\/#breadcrumb"},"inLanguage":"fr-FR","potentialAction":[{"@type":"ReadAction","target":["https:\/\/www.fiftysecondsexperience.com\/fr\/menu\/"]}]},{"@type":"BreadcrumbList","@id":"https:\/\/www.fiftysecondsexperience.com\/fr\/menu\/#breadcrumb","itemListElement":[{"@type":"ListItem","position":1,"name":"In\u00edcio","item":"https:\/\/www.fiftysecondsexperience.com\/fr\/"},{"@type":"ListItem","position":2,"name":"Menu"}]},{"@type":"WebSite","@id":"https:\/\/www.fiftysecondsexperience.com\/#website","url":"https:\/\/www.fiftysecondsexperience.com\/","name":"Fifty Seconds","description":"","publisher":{"@id":"https:\/\/www.fiftysecondsexperience.com\/#organization"},"potentialAction":[{"@type":"SearchAction","target":{"@type":"EntryPoint","urlTemplate":"https:\/\/www.fiftysecondsexperience.com\/?s={search_term_string}"},"query-input":{"@type":"PropertyValueSpecification","valueRequired":true,"valueName":"search_term_string"}}],"inLanguage":"fr-FR"},{"@type":"Organization","@id":"https:\/\/www.fiftysecondsexperience.com\/#organization","name":"Fifty Seconds","url":"https:\/\/www.fiftysecondsexperience.com\/","logo":{"@type":"ImageObject","inLanguage":"fr-FR","@id":"https:\/\/www.fiftysecondsexperience.com\/#\/schema\/logo\/image\/","url":"https:\/\/www.fiftysecondsexperience.com\/wp-content\/uploads\/2024\/01\/Logo-Fifty-Seconds2-Restaurante-Lisboa-Estrela-Michelin-Header-1.svg","contentUrl":"https:\/\/www.fiftysecondsexperience.com\/wp-content\/uploads\/2024\/01\/Logo-Fifty-Seconds2-Restaurante-Lisboa-Estrela-Michelin-Header-1.svg","width":"1024","height":"1024","caption":"Fifty Seconds"},"image":{"@id":"https:\/\/www.fiftysecondsexperience.com\/#\/schema\/logo\/image\/"}}]}},"_links":{"self":[{"href":"https:\/\/www.fiftysecondsexperience.com\/fr\/wp-json\/wp\/v2\/pages\/13133","targetHints":{"allow":["GET"]}}],"collection":[{"href":"https:\/\/www.fiftysecondsexperience.com\/fr\/wp-json\/wp\/v2\/pages"}],"about":[{"href":"https:\/\/www.fiftysecondsexperience.com\/fr\/wp-json\/wp\/v2\/types\/page"}],"author":[{"embeddable":true,"href":"https:\/\/www.fiftysecondsexperience.com\/fr\/wp-json\/wp\/v2\/users\/1"}],"replies":[{"embeddable":true,"href":"https:\/\/www.fiftysecondsexperience.com\/fr\/wp-json\/wp\/v2\/comments?post=13133"}],"version-history":[{"count":21,"href":"https:\/\/www.fiftysecondsexperience.com\/fr\/wp-json\/wp\/v2\/pages\/13133\/revisions"}],"predecessor-version":[{"id":14950,"href":"https:\/\/www.fiftysecondsexperience.com\/fr\/wp-json\/wp\/v2\/pages\/13133\/revisions\/14950"}],"wp:attachment":[{"href":"https:\/\/www.fiftysecondsexperience.com\/fr\/wp-json\/wp\/v2\/media?parent=13133"}],"curies":[{"name":"wp","href":"https:\/\/api.w.org\/{rel}","templated":true}]}}