{"id":13118,"date":"2018-08-08T10:40:28","date_gmt":"2018-08-08T10:40:28","guid":{"rendered":"https:\/\/www.fiftysecondsexperience.com\/a-propos-de\/"},"modified":"2026-04-16T11:31:59","modified_gmt":"2026-04-16T11:31:59","slug":"restaurant","status":"publish","type":"page","link":"https:\/\/www.fiftysecondsexperience.com\/fr\/restaurant\/","title":{"rendered":"A propos de"},"content":{"rendered":"<section class=\"wpb-content-wrapper\"><p>[vc_row content_placement=\u00a0\u00bbtop\u00a0\u00bb content_text_aligment=\u00a0\u00bbcenter\u00a0\u00bb][vc_column]<div class=\"mkdf-elements-holder   mkdf-two-columns  mkdf-responsive-mode-1024 \" ><div class=\"mkdf-eh-item  mkdf-vertical-alignment-top mkdf-horizontal-alignment-center \"  data-item-class=\"mkdf-eh-custom-2353\" data-1367-1600=\"0 0 0 13%\" data-1025-1366=\"0 0 0 15%\" data-769-1024=\"0 0 7% 9%\" data-681-768=\"0 0 6% 9%\" data-680=\"0 0 10% 5%\">\n\t<div class=\"mkdf-eh-item-inner\">\n\t\t<div class=\"mkdf-eh-item-content mkdf-eh-custom-2353\" style=\"padding: 0 0 0 38%\">\n\t\t\t<div class=\"mkdf-section-title-holder  mkdf-st-standard mkdf-st-title-left mkdf-st-normal-space \" style=\"text-align: left\">\n\t<div class=\"mkdf-st-inner\">\n\t\t\t\t\t<h2 class=\"mkdf-st-title\" style=\"color: #99a3a5\">\n\t\t\t\tFIFTY<br \/> SECONDS\t\t\t<\/h2>\n\t\t    <span class=\"mkdf-st-line\" style=\"margin: 20px 5% 0 5%; height: 120px\"><\/span>\n    <div class=\"mkdf-st-text\" style=\"margin-top: 0px;padding-right: 50px\">\n        \n<h4 style=\"font-size: 18px;\">AU PARADIS GASTRONOMIQUE DEPUIS 2018<\/h4>\n<p>Les vertigineuses 50 secondes de l&rsquo;ascenseur panoramique qui m\u00e8ne au sommet de la tour Vasco da Gama ont inspir\u00e9 le nom du restaurant FIFTY SECONDS.<br \/>\nC&rsquo;est ici, \u00e0 120 m\u00e8tres de hauteur, avec une vue inoubliable sur le Tage et une atmosph\u00e8re sophistiqu\u00e9e et cosmopolite, que vous d\u00e9couvrirez le paradis gastronomique.<\/p>\n<p>FIFTY SECONDS est un projet spirituel qui r\u00e9unit une \u00e9quipe d&rsquo;excellents professionnels avec un objectif singulier : offrir une exp\u00e9rience gastronomique unique \u00e0 chaque plat.<\/p>\n<p>Dans un d\u00e9cor sobre et minimaliste, l&rsquo;\u00e9clat du cuivre et des bleus fum\u00e9s signent l&rsquo;\u00e9l\u00e9gante palette de couleurs de FIFTY SECONDS, dans un espace de 40 places o\u00f9 l&rsquo;exub\u00e9rante cave \u00e0 vins occupe le devant de la sc\u00e8ne.    <\/div>\n\t<\/div>\n<\/div>\t\t<\/div>\n\t<\/div>\n<\/div><div class=\"mkdf-eh-item  mkdf-vertical-alignment-top  \"  data-item-class=\"mkdf-eh-custom-9488\">\n\t<div class=\"mkdf-eh-item-inner\">\n\t\t<div class=\"mkdf-eh-item-content mkdf-eh-custom-9488\" style=\"padding: 0 0 0 9%\">\n\t\t\t<div class=\"mkdf-single-image-holder    \" >\n    <div class=\"mkdf-si-inner\" >\n                                    <img loading=\"lazy\" decoding=\"async\" width=\"862\" height=\"1110\" src=\"https:\/\/www.fiftysecondsexperience.com\/wp-content\/uploads\/2023\/10\/about-fifty-seconds-michelin-star-restaurant.jpg\" class=\"attachment-full size-full\" alt=\"Espa\u00e7o do Restaurante de Estrela Michelin Fifty Seconds\" srcset=\"https:\/\/www.fiftysecondsexperience.com\/wp-content\/uploads\/2023\/10\/about-fifty-seconds-michelin-star-restaurant.jpg 862w, https:\/\/www.fiftysecondsexperience.com\/wp-content\/uploads\/2023\/10\/about-fifty-seconds-michelin-star-restaurant-233x300.jpg 233w, https:\/\/www.fiftysecondsexperience.com\/wp-content\/uploads\/2023\/10\/about-fifty-seconds-michelin-star-restaurant-795x1024.jpg 795w, https:\/\/www.fiftysecondsexperience.com\/wp-content\/uploads\/2023\/10\/about-fifty-seconds-michelin-star-restaurant-768x989.jpg 768w\" sizes=\"auto, (max-width: 862px) 100vw, 862px\" \/>                        <\/div>\n<\/div>\t\t<\/div>\n\t<\/div>\n<\/div><\/div>[\/vc_column][\/vc_row][vc_row css=\u00a0\u00bb.vc_custom_1694685402780{margin-top: 75px !important;margin-bottom: 150px !important;}\u00a0\u00bb][vc_column][vc_row_inner content_placement=\u00a0\u00bbtop\u00a0\u00bb row_content_width=\u00a0\u00bbgrid\u00a0\u00bb enable_parallax_background_elements=\u00a0\u00bbyes\u00a0\u00bb parallax_background_elements_vertical_alignment=\u00a0\u00bbbottom\u00a0\u00bb enable_parallax_effect=\u00a0\u00bbno\u00a0\u00bb left_parallax_background_element=\u00a0\u00bb3505&Prime;][vc_column_inner width=\u00a0\u00bb1\/12&Prime; css=\u00a0\u00bb.vc_custom_1534514381983{padding-right: 0px !important;}\u00a0\u00bb offset=\u00a0\u00bbvc_hidden-md vc_hidden-sm vc_hidden-xs\u00a0\u00bb][\/vc_column_inner][vc_column_inner css=\u00a0\u00bb.vc_custom_1534514542346{padding-right: 0px !important;padding-left: 0px !important;}\u00a0\u00bb offset=\u00a0\u00bbvc_col-lg-4 vc_col-md-5 vc_col-xs-12&Prime;]<div class=\"mkdf-single-image-holder    \" data-parallax=\"{&quot;y&quot;: 30, &quot;smoothness&quot;: 30}\">\n    <div class=\"mkdf-si-inner\" >\n                                    <img loading=\"lazy\" decoding=\"async\" width=\"1333\" height=\"2000\" src=\"https:\/\/www.fiftysecondsexperience.com\/wp-content\/uploads\/2023\/09\/Fifty-Seconds-Restaurante-Estrela-Michelin-Lisboa-51-1.jpg\" class=\"attachment-full size-full\" alt=\"Espa\u00e7o do Restaurante de Cozinha de Autor Fifty Seconds\" srcset=\"https:\/\/www.fiftysecondsexperience.com\/wp-content\/uploads\/2023\/09\/Fifty-Seconds-Restaurante-Estrela-Michelin-Lisboa-51-1.jpg 1333w, https:\/\/www.fiftysecondsexperience.com\/wp-content\/uploads\/2023\/09\/Fifty-Seconds-Restaurante-Estrela-Michelin-Lisboa-51-1-200x300.jpg 200w, https:\/\/www.fiftysecondsexperience.com\/wp-content\/uploads\/2023\/09\/Fifty-Seconds-Restaurante-Estrela-Michelin-Lisboa-51-1-682x1024.jpg 682w, https:\/\/www.fiftysecondsexperience.com\/wp-content\/uploads\/2023\/09\/Fifty-Seconds-Restaurante-Estrela-Michelin-Lisboa-51-1-768x1152.jpg 768w, https:\/\/www.fiftysecondsexperience.com\/wp-content\/uploads\/2023\/09\/Fifty-Seconds-Restaurante-Estrela-Michelin-Lisboa-51-1-1024x1536.jpg 1024w\" sizes=\"auto, (max-width: 1333px) 100vw, 1333px\" \/>                        <\/div>\n<\/div>[\/vc_column_inner][vc_column_inner width=\u00a0\u00bb1\/12&Prime; css=\u00a0\u00bb.vc_custom_1534514550307{padding-right: 0px !important;padding-left: 0px !important;}\u00a0\u00bb offset=\u00a0\u00bbvc_col-lg-2 vc_col-md-1 vc_hidden-sm vc_hidden-xs\u00a0\u00bb][\/vc_column_inner][vc_column_inner css=\u00a0\u00bb.vc_custom_1534514557722{padding-right: 0px !important;padding-left: 0px !important;}\u00a0\u00bb offset=\u00a0\u00bbvc_col-lg-4 vc_col-md-6 vc_col-xs-12&Prime;]<div class=\"mkdf-section-title-holder  mkdf-st-standard mkdf-st-title-left mkdf-st-normal-space \" style=\"text-align: left\">\n\t<div class=\"mkdf-st-inner\">\n\t\t    <span class=\"mkdf-st-line\" style=\"margin: 50px 9% 0 5%; height: 120px\"><\/span>\n    <div class=\"mkdf-st-text\" style=\"margin-top: 20px;padding-right: 40px\">\n        \n<h4 style=\"font-size: 18px;\">Un historique des r\u00e9alisations<\/h4>\n<p><strong>2026<\/strong>:<br \/>\nFifty Seconds : 2 \u00e9toiles MICHELIN (Guide Michelin 2026)<\/p>\n<p>Prix \u00ab 2 Soleils \u00bb (Guide Repsol) [vc_empty_space height=\u00a0\u00bb1px\u00a0\u00bb]<br \/>\n<strong>2025<\/strong>:<br \/>\nDistinction 50 Best Discovery (The World&rsquo;s 50 Best)<br \/>\nPrix 2 Soleils (Guide Repsol)<br \/>\nClassement La Liste<br \/>\nPrix Mesa Marcada [vc_empty_space height=\u00a0\u00bb1px\u00a0\u00bb]<br \/>\n<strong>2024<\/strong>:<br \/>\nRui Silvestre prend les commandes de la cuisine [vc_empty_space height=\u00a0\u00bb1px\u00a0\u00bb]<br \/>\n<strong>2023<\/strong>:<br \/>\nLe prix Garfo de Platina 2023, Boa Cama Boa Mesa [vc_empty_space height=\u00a0\u00bb1px\u00a0\u00bb]<br \/>\n<strong>2022<\/strong>:<br \/>\nLe prix Escan\u00e7\u00e3o do Ano [vc_empty_space height=\u00a0\u00bb1px\u00a0\u00bb]<br \/>\n<strong>2021<\/strong>:<br \/>\nLe prix Sommelier, Grandes Escolhas [vc_empty_space height=\u00a0\u00bb1px\u00a0\u00bb]<br \/>\n<strong>2020<\/strong>:<br \/>\nLe prix Haute Grandeur, Global Hotel Awards [vc_empty_space height=\u00a0\u00bb1px\u00a0\u00bb]<br \/>\n<strong>2019<\/strong>:<br \/>\nObtention de la 1\u00e8re \u00e9toile Michelin, qui est rest\u00e9e jusqu&rsquo;\u00e0 aujourd&rsquo;hui [vc_empty_space height=\u00a0\u00bb1px\u00a0\u00bb]<br \/>\n<strong>2018<\/strong>:<br \/>\nOuverture du restaurant gastronomique <strong>FIFTY SECONDS<\/strong>    <\/div>\n\t<\/div>\n<\/div><a itemprop=\"url\" href=\"https:\/\/www.fiftysecondsexperience.com\/fr\/prix\/\" target=\"_self\" style=\"margin: 35px 30px\" class=\"mkdf-btn mkdf-btn-medium mkdf-btn-solid\"  >\n\t    <span class=\"mkdf-btn-text\">Voir tous les prix<\/span>\n    <\/a>[\/vc_column_inner][vc_column_inner width=\u00a0\u00bb1\/12&Prime; css=\u00a0\u00bb.vc_custom_1534514436317{padding-left: 0px !important;}\u00a0\u00bb offset=\u00a0\u00bbvc_hidden-md vc_hidden-sm vc_hidden-xs\u00a0\u00bb][\/vc_column_inner][\/vc_row_inner][\/vc_column][\/vc_row][vc_row][vc_column]<a itemprop=\"url\" href=\"https:\/\/www.fiftysecondsexperience.com\/fr\/reservation\/\" target=\"_self\"  class=\"mkdf-btn mkdf-btn-medium mkdf-btn-solid reservar-mesa-button\"  >\n\t    <span class=\"mkdf-btn-text\">r\u00e9server une table<\/span>\n    <\/a>[\/vc_column][\/vc_row]<\/p>\n<\/section>","protected":false},"excerpt":{"rendered":"<p>[vc_row content_placement=\u00a0\u00bbtop\u00a0\u00bb content_text_aligment=\u00a0\u00bbcenter\u00a0\u00bb][vc_column][\/vc_column][\/vc_row][vc_row css=\u00a0\u00bb.vc_custom_1694685402780{margin-top: 75px !important;margin-bottom: 150px !important;}\u00a0\u00bb][vc_column][vc_row_inner content_placement=\u00a0\u00bbtop\u00a0\u00bb row_content_width=\u00a0\u00bbgrid\u00a0\u00bb enable_parallax_background_elements=\u00a0\u00bbyes\u00a0\u00bb parallax_background_elements_vertical_alignment=\u00a0\u00bbbottom\u00a0\u00bb enable_parallax_effect=\u00a0\u00bbno\u00a0\u00bb left_parallax_background_element=\u00a0\u00bb3505&Prime;][vc_column_inner width=\u00a0\u00bb1\/12&Prime; css=\u00a0\u00bb.vc_custom_1534514381983{padding-right: 0px !important;}\u00a0\u00bb offset=\u00a0\u00bbvc_hidden-md vc_hidden-sm vc_hidden-xs\u00a0\u00bb][\/vc_column_inner][vc_column_inner css=\u00a0\u00bb.vc_custom_1534514542346{padding-right: 0px !important;padding-left: 0px !important;}\u00a0\u00bb offset=\u00a0\u00bbvc_col-lg-4 vc_col-md-5 vc_col-xs-12&Prime;][\/vc_column_inner][vc_column_inner width=\u00a0\u00bb1\/12&Prime; css=\u00a0\u00bb.vc_custom_1534514550307{padding-right: 0px !important;padding-left: 0px !important;}\u00a0\u00bb offset=\u00a0\u00bbvc_col-lg-2 vc_col-md-1 vc_hidden-sm vc_hidden-xs\u00a0\u00bb][\/vc_column_inner][vc_column_inner css=\u00a0\u00bb.vc_custom_1534514557722{padding-right: [&hellip;]<\/p>\n","protected":false},"author":1,"featured_media":0,"parent":0,"menu_order":0,"comment_status":"closed","ping_status":"closed","template":"full-width.php","meta":{"inline_featured_image":false,"footnotes":"","_links_to":"","_links_to_target":""},"class_list":["post-13118","page","type-page","status-publish","hentry"],"yoast_head":"<!-- This site is optimized with the Yoast SEO plugin v26.1.1 - https:\/\/yoast.com\/wordpress\/plugins\/seo\/ -->\n<title>Fifty Seconds - Histoire et curiosit\u00e9s | Restaurant Michelin<\/title>\n<meta name=\"description\" content=\"D\u00e9couvrez l&#039;histoire et les curiosit\u00e9s de l&#039;un des meilleurs restaurants de Lisbonne, situ\u00e9 au sommet de la tour Vasco da Gama, le Fifty Seconds Restaurant.\" \/>\n<meta name=\"robots\" content=\"index, follow, max-snippet:-1, max-image-preview:large, max-video-preview:-1\" \/>\n<link rel=\"canonical\" href=\"https:\/\/www.fiftysecondsexperience.com\/fr\/restaurant\/\" \/>\n<meta property=\"og:locale\" content=\"fr_FR\" \/>\n<meta property=\"og:type\" content=\"article\" \/>\n<meta property=\"og:title\" content=\"Fifty Seconds - Histoire et curiosit\u00e9s | Restaurant Michelin\" \/>\n<meta property=\"og:description\" content=\"D\u00e9couvrez l&#039;histoire et les curiosit\u00e9s de l&#039;un des meilleurs restaurants de Lisbonne, situ\u00e9 au sommet de la tour Vasco da Gama, le Fifty Seconds Restaurant.\" \/>\n<meta property=\"og:url\" content=\"https:\/\/www.fiftysecondsexperience.com\/fr\/restaurant\/\" \/>\n<meta property=\"og:site_name\" content=\"Fifty Seconds\" \/>\n<meta property=\"article:modified_time\" content=\"2026-04-16T11:31:59+00:00\" \/>\n<meta name=\"twitter:card\" content=\"summary_large_image\" \/>\n<meta name=\"twitter:label1\" content=\"Dur\u00e9e de lecture estim\u00e9e\" \/>\n\t<meta name=\"twitter:data1\" content=\"3 minutes\" \/>\n<script type=\"application\/ld+json\" class=\"yoast-schema-graph\">{\"@context\":\"https:\/\/schema.org\",\"@graph\":[{\"@type\":\"WebPage\",\"@id\":\"https:\/\/www.fiftysecondsexperience.com\/fr\/restaurant\/\",\"url\":\"https:\/\/www.fiftysecondsexperience.com\/fr\/restaurant\/\",\"name\":\"Fifty Seconds - Histoire et curiosit\u00e9s | Restaurant Michelin\",\"isPartOf\":{\"@id\":\"https:\/\/www.fiftysecondsexperience.com\/#website\"},\"datePublished\":\"2018-08-08T10:40:28+00:00\",\"dateModified\":\"2026-04-16T11:31:59+00:00\",\"description\":\"D\u00e9couvrez l'histoire et les curiosit\u00e9s de l'un des meilleurs restaurants de Lisbonne, situ\u00e9 au sommet de la tour Vasco da Gama, le Fifty Seconds Restaurant.\",\"breadcrumb\":{\"@id\":\"https:\/\/www.fiftysecondsexperience.com\/fr\/restaurant\/#breadcrumb\"},\"inLanguage\":\"fr-FR\",\"potentialAction\":[{\"@type\":\"ReadAction\",\"target\":[\"https:\/\/www.fiftysecondsexperience.com\/fr\/restaurant\/\"]}]},{\"@type\":\"BreadcrumbList\",\"@id\":\"https:\/\/www.fiftysecondsexperience.com\/fr\/restaurant\/#breadcrumb\",\"itemListElement\":[{\"@type\":\"ListItem\",\"position\":1,\"name\":\"In\u00edcio\",\"item\":\"https:\/\/www.fiftysecondsexperience.com\/fr\/\"},{\"@type\":\"ListItem\",\"position\":2,\"name\":\"A propos de\"}]},{\"@type\":\"WebSite\",\"@id\":\"https:\/\/www.fiftysecondsexperience.com\/#website\",\"url\":\"https:\/\/www.fiftysecondsexperience.com\/\",\"name\":\"Fifty Seconds\",\"description\":\"\",\"publisher\":{\"@id\":\"https:\/\/www.fiftysecondsexperience.com\/#organization\"},\"potentialAction\":[{\"@type\":\"SearchAction\",\"target\":{\"@type\":\"EntryPoint\",\"urlTemplate\":\"https:\/\/www.fiftysecondsexperience.com\/?s={search_term_string}\"},\"query-input\":{\"@type\":\"PropertyValueSpecification\",\"valueRequired\":true,\"valueName\":\"search_term_string\"}}],\"inLanguage\":\"fr-FR\"},{\"@type\":\"Organization\",\"@id\":\"https:\/\/www.fiftysecondsexperience.com\/#organization\",\"name\":\"Fifty Seconds\",\"url\":\"https:\/\/www.fiftysecondsexperience.com\/\",\"logo\":{\"@type\":\"ImageObject\",\"inLanguage\":\"fr-FR\",\"@id\":\"https:\/\/www.fiftysecondsexperience.com\/#\/schema\/logo\/image\/\",\"url\":\"https:\/\/www.fiftysecondsexperience.com\/wp-content\/uploads\/2024\/01\/Logo-Fifty-Seconds2-Restaurante-Lisboa-Estrela-Michelin-Header-1.svg\",\"contentUrl\":\"https:\/\/www.fiftysecondsexperience.com\/wp-content\/uploads\/2024\/01\/Logo-Fifty-Seconds2-Restaurante-Lisboa-Estrela-Michelin-Header-1.svg\",\"width\":\"1024\",\"height\":\"1024\",\"caption\":\"Fifty Seconds\"},\"image\":{\"@id\":\"https:\/\/www.fiftysecondsexperience.com\/#\/schema\/logo\/image\/\"}}]}<\/script>\n<!-- \/ Yoast SEO plugin. -->","yoast_head_json":{"title":"Fifty Seconds - Histoire et curiosit\u00e9s | Restaurant Michelin","description":"D\u00e9couvrez l'histoire et les curiosit\u00e9s de l'un des meilleurs restaurants de Lisbonne, situ\u00e9 au sommet de la tour Vasco da Gama, le Fifty Seconds Restaurant.","robots":{"index":"index","follow":"follow","max-snippet":"max-snippet:-1","max-image-preview":"max-image-preview:large","max-video-preview":"max-video-preview:-1"},"canonical":"https:\/\/www.fiftysecondsexperience.com\/fr\/restaurant\/","og_locale":"fr_FR","og_type":"article","og_title":"Fifty Seconds - Histoire et curiosit\u00e9s | Restaurant Michelin","og_description":"D\u00e9couvrez l'histoire et les curiosit\u00e9s de l'un des meilleurs restaurants de Lisbonne, situ\u00e9 au sommet de la tour Vasco da Gama, le Fifty Seconds Restaurant.","og_url":"https:\/\/www.fiftysecondsexperience.com\/fr\/restaurant\/","og_site_name":"Fifty Seconds","article_modified_time":"2026-04-16T11:31:59+00:00","twitter_card":"summary_large_image","twitter_misc":{"Dur\u00e9e de lecture estim\u00e9e":"3 minutes"},"schema":{"@context":"https:\/\/schema.org","@graph":[{"@type":"WebPage","@id":"https:\/\/www.fiftysecondsexperience.com\/fr\/restaurant\/","url":"https:\/\/www.fiftysecondsexperience.com\/fr\/restaurant\/","name":"Fifty Seconds - Histoire et curiosit\u00e9s | Restaurant Michelin","isPartOf":{"@id":"https:\/\/www.fiftysecondsexperience.com\/#website"},"datePublished":"2018-08-08T10:40:28+00:00","dateModified":"2026-04-16T11:31:59+00:00","description":"D\u00e9couvrez l'histoire et les curiosit\u00e9s de l'un des meilleurs restaurants de Lisbonne, situ\u00e9 au sommet de la tour Vasco da Gama, le Fifty Seconds Restaurant.","breadcrumb":{"@id":"https:\/\/www.fiftysecondsexperience.com\/fr\/restaurant\/#breadcrumb"},"inLanguage":"fr-FR","potentialAction":[{"@type":"ReadAction","target":["https:\/\/www.fiftysecondsexperience.com\/fr\/restaurant\/"]}]},{"@type":"BreadcrumbList","@id":"https:\/\/www.fiftysecondsexperience.com\/fr\/restaurant\/#breadcrumb","itemListElement":[{"@type":"ListItem","position":1,"name":"In\u00edcio","item":"https:\/\/www.fiftysecondsexperience.com\/fr\/"},{"@type":"ListItem","position":2,"name":"A propos de"}]},{"@type":"WebSite","@id":"https:\/\/www.fiftysecondsexperience.com\/#website","url":"https:\/\/www.fiftysecondsexperience.com\/","name":"Fifty Seconds","description":"","publisher":{"@id":"https:\/\/www.fiftysecondsexperience.com\/#organization"},"potentialAction":[{"@type":"SearchAction","target":{"@type":"EntryPoint","urlTemplate":"https:\/\/www.fiftysecondsexperience.com\/?s={search_term_string}"},"query-input":{"@type":"PropertyValueSpecification","valueRequired":true,"valueName":"search_term_string"}}],"inLanguage":"fr-FR"},{"@type":"Organization","@id":"https:\/\/www.fiftysecondsexperience.com\/#organization","name":"Fifty Seconds","url":"https:\/\/www.fiftysecondsexperience.com\/","logo":{"@type":"ImageObject","inLanguage":"fr-FR","@id":"https:\/\/www.fiftysecondsexperience.com\/#\/schema\/logo\/image\/","url":"https:\/\/www.fiftysecondsexperience.com\/wp-content\/uploads\/2024\/01\/Logo-Fifty-Seconds2-Restaurante-Lisboa-Estrela-Michelin-Header-1.svg","contentUrl":"https:\/\/www.fiftysecondsexperience.com\/wp-content\/uploads\/2024\/01\/Logo-Fifty-Seconds2-Restaurante-Lisboa-Estrela-Michelin-Header-1.svg","width":"1024","height":"1024","caption":"Fifty Seconds"},"image":{"@id":"https:\/\/www.fiftysecondsexperience.com\/#\/schema\/logo\/image\/"}}]}},"_links":{"self":[{"href":"https:\/\/www.fiftysecondsexperience.com\/fr\/wp-json\/wp\/v2\/pages\/13118","targetHints":{"allow":["GET"]}}],"collection":[{"href":"https:\/\/www.fiftysecondsexperience.com\/fr\/wp-json\/wp\/v2\/pages"}],"about":[{"href":"https:\/\/www.fiftysecondsexperience.com\/fr\/wp-json\/wp\/v2\/types\/page"}],"author":[{"embeddable":true,"href":"https:\/\/www.fiftysecondsexperience.com\/fr\/wp-json\/wp\/v2\/users\/1"}],"replies":[{"embeddable":true,"href":"https:\/\/www.fiftysecondsexperience.com\/fr\/wp-json\/wp\/v2\/comments?post=13118"}],"version-history":[{"count":9,"href":"https:\/\/www.fiftysecondsexperience.com\/fr\/wp-json\/wp\/v2\/pages\/13118\/revisions"}],"predecessor-version":[{"id":14986,"href":"https:\/\/www.fiftysecondsexperience.com\/fr\/wp-json\/wp\/v2\/pages\/13118\/revisions\/14986"}],"wp:attachment":[{"href":"https:\/\/www.fiftysecondsexperience.com\/fr\/wp-json\/wp\/v2\/media?parent=13118"}],"curies":[{"name":"wp","href":"https:\/\/api.w.org\/{rel}","templated":true}]}}