{"id":13065,"date":"2023-09-07T10:31:02","date_gmt":"2023-09-07T10:31:02","guid":{"rendered":"https:\/\/www.fiftysecondsexperience.com\/reservation\/"},"modified":"2024-09-03T14:20:55","modified_gmt":"2024-09-03T14:20:55","slug":"reservation","status":"publish","type":"page","link":"https:\/\/www.fiftysecondsexperience.com\/fr\/reservation\/","title":{"rendered":"R\u00e9servation"},"content":{"rendered":"<section class=\"wpb-content-wrapper\"><p>[vc_row row_content_width=\u00a0\u00bbgrid\u00a0\u00bb][vc_column width=\u00a0\u00bb1\/12&Prime;][\/vc_column][vc_column width=\u00a0\u00bb4\/5&Prime;]<div class=\"mkdf-section-title-holder  mkdf-st-standard mkdf-st-title-left mkdf-st-normal-space \" style=\"text-align: center\">\n\t<div class=\"mkdf-st-inner\">\n\t\t\t\t\t<h3 class=\"mkdf-st-title\" style=\"color: #98a4a6\">\n\t\t\t\tR\u00e9servez votre table\t\t\t<\/h3>\n\t\t    <span class=\"mkdf-st-line\" ><\/span>\n    <div class=\"mkdf-st-text\" >\n        \n<p style=\"text-align: center;\">Faites votre r\u00e9servation \u00e0 l&rsquo;avance.<br \/>\nUne exp\u00e9rience unique vous attend \u00e0 Fifty Seconds.<\/p>\n    <\/div>\n\t<\/div>\n<\/div>[\/vc_column][vc_column width=\u00a0\u00bb1\/12&Prime;][\/vc_column][\/vc_row][vc_row row_content_width=\u00a0\u00bbgrid\u00a0\u00bb][vc_column width=\u00a0\u00bb1\/12&Prime;][\/vc_column][vc_column width=\u00a0\u00bb4\/5&Prime;][vc_raw_html css=\u00a0\u00bb.vc_custom_1725372333139{margin-bottom: -200px !important;}\u00a0\u00bb el_id=\u00a0\u00bbfifty-hostForm\u00a0\u00bb]PGlmcmFtZSBzcmM9Imh0dHBzOi8vZGlnaXRhbGFzc2lzdGFudC5zYW5haG90ZWxzLmNvbS90YWJsZXJlc2VydmF0aW9uL3NhbmFfZmlmdHlfMTA1My92aWV3L2luZm8vMT9vcHRpb25zPWhpZGUtbmF2JmFtcDtsYW5nPWVuLXVzIiB3aWR0aD0iMTAwJSIgaGVpZ2h0PSI5NTBweCI+PC9pZnJhbWU+[\/vc_raw_html][\/vc_column][vc_column width=\u00a0\u00bb1\/12&Prime;][\/vc_column][\/vc_row][vc_row row_content_width=\u00a0\u00bbgrid\u00a0\u00bb][vc_column width=\u00a0\u00bb1\/12&Prime;][\/vc_column][vc_column width=\u00a0\u00bb4\/5&Prime;][vc_toggle title=\u00a0\u00bbConditions de r\u00e9servation\u00a0\u00bb open=\u00a0\u00bbtrue\u00a0\u00bb custom_font_container=\u00a0\u00bbtag:p|font_size:20px|text_align:left|color:%2398a4a6&Prime; custom_use_theme_fonts=\u00a0\u00bbyes\u00a0\u00bb use_custom_heading=\u00a0\u00bbtrue\u00a0\u00bb css=\u00a0\u00bb.vc_custom_1696959278372{margin-top: 0px !important;}\u00a0\u00bb]<\/p>\n<ul>\n<li>Afin de garantir votre r\u00e9servation, il vous sera demand\u00e9 de payer 100 \u20ac par personne, qui seront d\u00e9duits \u00e0 la fin de votre repas.<\/li>\n<li>En cas d&rsquo;annulation jusqu&rsquo;\u00e0 24 heures \u00e0 l&rsquo;avance, le montant sera rembours\u00e9.<\/li>\n<li>Toutes les r\u00e9servations sont soumises \u00e0 confirmation.<\/li>\n<\/ul>\n<p class=\"vc_custom_heading\" style=\"margin-top: 5px; font-size: 15px; color: #98a4a6; font-weight: 500;\">Informations compl\u00e9mentaires :<\/p>\n<ul style=\"margin-top: -10px;\">\n<li>Les enfants de plus de 8 ans sont les bienvenus.<\/li>\n<li>Pour votre confort et pour vous garantir une exp\u00e9rience optimale, veuillez nous informer \u00e0 l&rsquo;avance si vous avez des allergies ou des restrictions alimentaires.<\/li>\n<\/ul>\n<p class=\"vc_custom_heading\" style=\"margin-top: 5px; font-size: 15px; color: #98a4a6; font-weight: 500;\">Code vestimentaire :<\/p>\n<ul style=\"margin-top: -10px;\">\n<li>D\u00e9contract\u00e9 et \u00e9l\u00e9gant<\/li>\n<\/ul>\n<p>[\/vc_toggle][\/vc_column][vc_column width=\u00a0\u00bb1\/12&Prime;][\/vc_column][\/vc_row]<\/p>\n<\/section>","protected":false},"excerpt":{"rendered":"<p>[vc_row row_content_width=\u00a0\u00bbgrid\u00a0\u00bb][vc_column width=\u00a0\u00bb1\/12&Prime;][\/vc_column][vc_column width=\u00a0\u00bb4\/5&Prime;][\/vc_column][vc_column width=\u00a0\u00bb1\/12&Prime;][\/vc_column][\/vc_row][vc_row row_content_width=\u00a0\u00bbgrid\u00a0\u00bb][vc_column width=\u00a0\u00bb1\/12&Prime;][\/vc_column][vc_column width=\u00a0\u00bb4\/5&Prime;][vc_raw_html css=\u00a0\u00bb.vc_custom_1725372333139{margin-bottom: -200px !important;}\u00a0\u00bb el_id=\u00a0\u00bbfifty-hostForm\u00a0\u00bb]PGlmcmFtZSBzcmM9Imh0dHBzOi8vZGlnaXRhbGFzc2lzdGFudC5zYW5haG90ZWxzLmNvbS90YWJsZXJlc2VydmF0aW9uL3NhbmFfZmlmdHlfMTA1My92aWV3L2luZm8vMT9vcHRpb25zPWhpZGUtbmF2JmFtcDtsYW5nPWVuLXVzIiB3aWR0aD0iMTAwJSIgaGVpZ2h0PSI5NTBweCI+PC9pZnJhbWU+[\/vc_raw_html][\/vc_column][vc_column width=\u00a0\u00bb1\/12&Prime;][\/vc_column][\/vc_row][vc_row row_content_width=\u00a0\u00bbgrid\u00a0\u00bb][vc_column width=\u00a0\u00bb1\/12&Prime;][\/vc_column][vc_column width=\u00a0\u00bb4\/5&Prime;][vc_toggle title=\u00a0\u00bbConditions de r\u00e9servation\u00a0\u00bb open=\u00a0\u00bbtrue\u00a0\u00bb custom_font_container=\u00a0\u00bbtag:p|font_size:20px|text_align:left|color:%2398a4a6&Prime; custom_use_theme_fonts=\u00a0\u00bbyes\u00a0\u00bb use_custom_heading=\u00a0\u00bbtrue\u00a0\u00bb css=\u00a0\u00bb.vc_custom_1696959278372{margin-top: 0px !important;}\u00a0\u00bb] Afin de garantir votre r\u00e9servation, il vous sera demand\u00e9 de payer 100 \u20ac par [&hellip;]<\/p>\n","protected":false},"author":1,"featured_media":0,"parent":0,"menu_order":0,"comment_status":"closed","ping_status":"closed","template":"","meta":{"inline_featured_image":false,"footnotes":"","_links_to":"","_links_to_target":""},"class_list":["post-13065","page","type-page","status-publish","hentry"],"yoast_head":"<!-- This site is optimized with the Yoast SEO plugin v26.1.1 - https:\/\/yoast.com\/wordpress\/plugins\/seo\/ -->\n<title>R\u00e9servations | Fifty Seconds Restaurant<\/title>\n<meta name=\"description\" content=\"R\u00e9servez une table au FIFTY SECONDS, un restaurant \u00e9toil\u00e9 au Michelin situ\u00e9 \u00e0 Lisbonne dans l&#039;h\u00f4tel MYRIAD by SANA, au sommet de l&#039;embl\u00e9matique tour Vasco da Gama.\" \/>\n<meta name=\"robots\" content=\"index, follow, max-snippet:-1, max-image-preview:large, max-video-preview:-1\" \/>\n<link rel=\"canonical\" href=\"https:\/\/www.fiftysecondsexperience.com\/fr\/reservation\/\" \/>\n<meta property=\"og:locale\" content=\"fr_FR\" \/>\n<meta property=\"og:type\" content=\"article\" \/>\n<meta property=\"og:title\" content=\"R\u00e9servations | Fifty Seconds Restaurant\" \/>\n<meta property=\"og:description\" content=\"R\u00e9servez une table au FIFTY SECONDS, un restaurant \u00e9toil\u00e9 au Michelin situ\u00e9 \u00e0 Lisbonne dans l&#039;h\u00f4tel MYRIAD by SANA, au sommet de l&#039;embl\u00e9matique tour Vasco da Gama.\" \/>\n<meta property=\"og:url\" content=\"https:\/\/www.fiftysecondsexperience.com\/fr\/reservation\/\" \/>\n<meta property=\"og:site_name\" content=\"Fifty Seconds\" \/>\n<meta property=\"article:modified_time\" content=\"2024-09-03T14:20:55+00:00\" \/>\n<meta name=\"twitter:card\" content=\"summary_large_image\" \/>\n<meta name=\"twitter:label1\" content=\"Dur\u00e9e de lecture estim\u00e9e\" \/>\n\t<meta name=\"twitter:data1\" content=\"1 minute\" \/>\n<script type=\"application\/ld+json\" class=\"yoast-schema-graph\">{\"@context\":\"https:\/\/schema.org\",\"@graph\":[{\"@type\":\"WebPage\",\"@id\":\"https:\/\/www.fiftysecondsexperience.com\/fr\/reservation\/\",\"url\":\"https:\/\/www.fiftysecondsexperience.com\/fr\/reservation\/\",\"name\":\"R\u00e9servations | Fifty Seconds Restaurant\",\"isPartOf\":{\"@id\":\"https:\/\/www.fiftysecondsexperience.com\/#website\"},\"datePublished\":\"2023-09-07T10:31:02+00:00\",\"dateModified\":\"2024-09-03T14:20:55+00:00\",\"description\":\"R\u00e9servez une table au FIFTY SECONDS, un restaurant \u00e9toil\u00e9 au Michelin situ\u00e9 \u00e0 Lisbonne dans l'h\u00f4tel MYRIAD by SANA, au sommet de l'embl\u00e9matique tour Vasco da Gama.\",\"breadcrumb\":{\"@id\":\"https:\/\/www.fiftysecondsexperience.com\/fr\/reservation\/#breadcrumb\"},\"inLanguage\":\"fr-FR\",\"potentialAction\":[{\"@type\":\"ReadAction\",\"target\":[\"https:\/\/www.fiftysecondsexperience.com\/fr\/reservation\/\"]}]},{\"@type\":\"BreadcrumbList\",\"@id\":\"https:\/\/www.fiftysecondsexperience.com\/fr\/reservation\/#breadcrumb\",\"itemListElement\":[{\"@type\":\"ListItem\",\"position\":1,\"name\":\"In\u00edcio\",\"item\":\"https:\/\/www.fiftysecondsexperience.com\/fr\/\"},{\"@type\":\"ListItem\",\"position\":2,\"name\":\"R\u00e9servation\"}]},{\"@type\":\"WebSite\",\"@id\":\"https:\/\/www.fiftysecondsexperience.com\/#website\",\"url\":\"https:\/\/www.fiftysecondsexperience.com\/\",\"name\":\"Fifty Seconds\",\"description\":\"\",\"publisher\":{\"@id\":\"https:\/\/www.fiftysecondsexperience.com\/#organization\"},\"potentialAction\":[{\"@type\":\"SearchAction\",\"target\":{\"@type\":\"EntryPoint\",\"urlTemplate\":\"https:\/\/www.fiftysecondsexperience.com\/?s={search_term_string}\"},\"query-input\":{\"@type\":\"PropertyValueSpecification\",\"valueRequired\":true,\"valueName\":\"search_term_string\"}}],\"inLanguage\":\"fr-FR\"},{\"@type\":\"Organization\",\"@id\":\"https:\/\/www.fiftysecondsexperience.com\/#organization\",\"name\":\"Fifty Seconds\",\"url\":\"https:\/\/www.fiftysecondsexperience.com\/\",\"logo\":{\"@type\":\"ImageObject\",\"inLanguage\":\"fr-FR\",\"@id\":\"https:\/\/www.fiftysecondsexperience.com\/#\/schema\/logo\/image\/\",\"url\":\"https:\/\/www.fiftysecondsexperience.com\/wp-content\/uploads\/2024\/01\/Logo-Fifty-Seconds2-Restaurante-Lisboa-Estrela-Michelin-Header-1.svg\",\"contentUrl\":\"https:\/\/www.fiftysecondsexperience.com\/wp-content\/uploads\/2024\/01\/Logo-Fifty-Seconds2-Restaurante-Lisboa-Estrela-Michelin-Header-1.svg\",\"width\":\"1024\",\"height\":\"1024\",\"caption\":\"Fifty Seconds\"},\"image\":{\"@id\":\"https:\/\/www.fiftysecondsexperience.com\/#\/schema\/logo\/image\/\"}}]}<\/script>\n<!-- \/ Yoast SEO plugin. -->","yoast_head_json":{"title":"R\u00e9servations | Fifty Seconds Restaurant","description":"R\u00e9servez une table au FIFTY SECONDS, un restaurant \u00e9toil\u00e9 au Michelin situ\u00e9 \u00e0 Lisbonne dans l'h\u00f4tel MYRIAD by SANA, au sommet de l'embl\u00e9matique tour Vasco da Gama.","robots":{"index":"index","follow":"follow","max-snippet":"max-snippet:-1","max-image-preview":"max-image-preview:large","max-video-preview":"max-video-preview:-1"},"canonical":"https:\/\/www.fiftysecondsexperience.com\/fr\/reservation\/","og_locale":"fr_FR","og_type":"article","og_title":"R\u00e9servations | Fifty Seconds Restaurant","og_description":"R\u00e9servez une table au FIFTY SECONDS, un restaurant \u00e9toil\u00e9 au Michelin situ\u00e9 \u00e0 Lisbonne dans l'h\u00f4tel MYRIAD by SANA, au sommet de l'embl\u00e9matique tour Vasco da Gama.","og_url":"https:\/\/www.fiftysecondsexperience.com\/fr\/reservation\/","og_site_name":"Fifty Seconds","article_modified_time":"2024-09-03T14:20:55+00:00","twitter_card":"summary_large_image","twitter_misc":{"Dur\u00e9e de lecture estim\u00e9e":"1 minute"},"schema":{"@context":"https:\/\/schema.org","@graph":[{"@type":"WebPage","@id":"https:\/\/www.fiftysecondsexperience.com\/fr\/reservation\/","url":"https:\/\/www.fiftysecondsexperience.com\/fr\/reservation\/","name":"R\u00e9servations | Fifty Seconds Restaurant","isPartOf":{"@id":"https:\/\/www.fiftysecondsexperience.com\/#website"},"datePublished":"2023-09-07T10:31:02+00:00","dateModified":"2024-09-03T14:20:55+00:00","description":"R\u00e9servez une table au FIFTY SECONDS, un restaurant \u00e9toil\u00e9 au Michelin situ\u00e9 \u00e0 Lisbonne dans l'h\u00f4tel MYRIAD by SANA, au sommet de l'embl\u00e9matique tour Vasco da Gama.","breadcrumb":{"@id":"https:\/\/www.fiftysecondsexperience.com\/fr\/reservation\/#breadcrumb"},"inLanguage":"fr-FR","potentialAction":[{"@type":"ReadAction","target":["https:\/\/www.fiftysecondsexperience.com\/fr\/reservation\/"]}]},{"@type":"BreadcrumbList","@id":"https:\/\/www.fiftysecondsexperience.com\/fr\/reservation\/#breadcrumb","itemListElement":[{"@type":"ListItem","position":1,"name":"In\u00edcio","item":"https:\/\/www.fiftysecondsexperience.com\/fr\/"},{"@type":"ListItem","position":2,"name":"R\u00e9servation"}]},{"@type":"WebSite","@id":"https:\/\/www.fiftysecondsexperience.com\/#website","url":"https:\/\/www.fiftysecondsexperience.com\/","name":"Fifty Seconds","description":"","publisher":{"@id":"https:\/\/www.fiftysecondsexperience.com\/#organization"},"potentialAction":[{"@type":"SearchAction","target":{"@type":"EntryPoint","urlTemplate":"https:\/\/www.fiftysecondsexperience.com\/?s={search_term_string}"},"query-input":{"@type":"PropertyValueSpecification","valueRequired":true,"valueName":"search_term_string"}}],"inLanguage":"fr-FR"},{"@type":"Organization","@id":"https:\/\/www.fiftysecondsexperience.com\/#organization","name":"Fifty Seconds","url":"https:\/\/www.fiftysecondsexperience.com\/","logo":{"@type":"ImageObject","inLanguage":"fr-FR","@id":"https:\/\/www.fiftysecondsexperience.com\/#\/schema\/logo\/image\/","url":"https:\/\/www.fiftysecondsexperience.com\/wp-content\/uploads\/2024\/01\/Logo-Fifty-Seconds2-Restaurante-Lisboa-Estrela-Michelin-Header-1.svg","contentUrl":"https:\/\/www.fiftysecondsexperience.com\/wp-content\/uploads\/2024\/01\/Logo-Fifty-Seconds2-Restaurante-Lisboa-Estrela-Michelin-Header-1.svg","width":"1024","height":"1024","caption":"Fifty Seconds"},"image":{"@id":"https:\/\/www.fiftysecondsexperience.com\/#\/schema\/logo\/image\/"}}]}},"_links":{"self":[{"href":"https:\/\/www.fiftysecondsexperience.com\/fr\/wp-json\/wp\/v2\/pages\/13065","targetHints":{"allow":["GET"]}}],"collection":[{"href":"https:\/\/www.fiftysecondsexperience.com\/fr\/wp-json\/wp\/v2\/pages"}],"about":[{"href":"https:\/\/www.fiftysecondsexperience.com\/fr\/wp-json\/wp\/v2\/types\/page"}],"author":[{"embeddable":true,"href":"https:\/\/www.fiftysecondsexperience.com\/fr\/wp-json\/wp\/v2\/users\/1"}],"replies":[{"embeddable":true,"href":"https:\/\/www.fiftysecondsexperience.com\/fr\/wp-json\/wp\/v2\/comments?post=13065"}],"version-history":[{"count":3,"href":"https:\/\/www.fiftysecondsexperience.com\/fr\/wp-json\/wp\/v2\/pages\/13065\/revisions"}],"predecessor-version":[{"id":13075,"href":"https:\/\/www.fiftysecondsexperience.com\/fr\/wp-json\/wp\/v2\/pages\/13065\/revisions\/13075"}],"wp:attachment":[{"href":"https:\/\/www.fiftysecondsexperience.com\/fr\/wp-json\/wp\/v2\/media?parent=13065"}],"curies":[{"name":"wp","href":"https:\/\/api.w.org\/{rel}","templated":true}]}}