{"id":13261,"date":"2023-09-06T12:36:09","date_gmt":"2023-09-06T12:36:09","guid":{"rendered":"https:\/\/www.fiftysecondsexperience.com\/vale\/"},"modified":"2026-04-07T09:24:16","modified_gmt":"2026-04-07T09:24:16","slug":"gift-card","status":"publish","type":"page","link":"https:\/\/www.fiftysecondsexperience.com\/es\/gift-card\/","title":{"rendered":"Gift Card"},"content":{"rendered":"<section class=\"wpb-content-wrapper\"><p>[vc_row row_content_width=\u00bbgrid\u00bb][vc_column width=\u00bb1\/12&#8243;][\/vc_column][vc_column width=\u00bb4\/5&#8243;]<div class=\"mkdf-section-title-holder  mkdf-st-standard mkdf-st-title-left mkdf-st-normal-space \" style=\"text-align: center\">\n\t<div class=\"mkdf-st-inner\">\n\t\t    <span class=\"mkdf-st-line\" ><\/span>\n    <div class=\"mkdf-st-text\" >\n        \n<p style=\"text-align: left;\">Reg\u00e1late una experiencia gastron\u00f3mica exclusiva en <strong>Fifty Seconds<\/strong>, el restaurante con estrella Michelin situado en lo alto de la Torre Vasco da Gama, dirigido por el chef Rui Silvestre.<br \/>\nCon impresionantes vistas panor\u00e1micas sobre Lisboa y el r\u00edo Tajo, es el regalo ideal para los amantes de la alta cocina. Ya sea para celebrar una ocasi\u00f3n especial o simplemente para sorprender a alguien, la <strong>Tarjeta Regalo Fifty Seconds<\/strong> garantiza un viaje sensorial \u00fanico<strong>,<\/strong> donde el refinamiento y la excelencia se encuentran en cada detalle.<\/p>\n    <\/div>\n\t<\/div>\n<\/div>[\/vc_column][vc_column width=\u00bb1\/12&#8243;][\/vc_column][\/vc_row][vc_row row_content_width=\u00bbgrid\u00bb][vc_column width=\u00bb1\/12&#8243;][\/vc_column][vc_column width=\u00bb4\/5&#8243; css=\u00bb.vc_custom_1694085048307{margin-top: 50px !important;}\u00bb]<div class=\"mkdf-section-title-holder  mkdf-st-standard mkdf-st-title-left mkdf-st-normal-space \" style=\"text-align: center\">\n\t<div class=\"mkdf-st-inner\">\n\t\t\t\t\t<h3 class=\"mkdf-st-title\" >\n\t\t\t\tSolicitud de tarjeta regalo\t\t\t<\/h3>\n\t\t    <span class=\"mkdf-st-line\" ><\/span>\n    <div class=\"mkdf-st-text\" >\n            <\/div>\n\t<\/div>\n<\/div>\n<div class=\"wpcf7 no-js\" id=\"wpcf7-f13249-o1\" lang=\"es-ES\" dir=\"ltr\" data-wpcf7-id=\"13249\">\n<div class=\"screen-reader-response\"><p role=\"status\" aria-live=\"polite\" aria-atomic=\"true\"><\/p> <ul><\/ul><\/div>\n<form action=\"\/es\/wp-json\/wp\/v2\/pages\/13261#wpcf7-f13249-o1\" method=\"post\" class=\"wpcf7-form init\" aria-label=\"Formulario de contacto\" novalidate=\"novalidate\" data-status=\"init\">\n<fieldset class=\"hidden-fields-container\"><input type=\"hidden\" name=\"_wpcf7\" value=\"13249\" \/><input type=\"hidden\" name=\"_wpcf7_version\" value=\"6.1.2\" \/><input type=\"hidden\" name=\"_wpcf7_locale\" value=\"es_ES\" \/><input type=\"hidden\" name=\"_wpcf7_unit_tag\" value=\"wpcf7-f13249-o1\" \/><input type=\"hidden\" name=\"_wpcf7_container_post\" value=\"0\" \/><input type=\"hidden\" name=\"_wpcf7_posted_data_hash\" value=\"\" \/><input type=\"hidden\" name=\"_wpcf7_recaptcha_response\" value=\"\" \/>\n<\/fieldset>\n<p><label> Nombre<br \/>\n<span class=\"wpcf7-form-control-wrap\" data-name=\"your-name\"><input size=\"40\" maxlength=\"400\" class=\"wpcf7-form-control wpcf7-text wpcf7-validates-as-required\" autocomplete=\"nome\" aria-required=\"true\" aria-invalid=\"false\" value=\"\" type=\"text\" name=\"your-name\" \/><\/span> <\/label>\n<\/p>\n<p><label> Env\u00eda un correo electr\u00f3nico a<br \/>\n<span class=\"wpcf7-form-control-wrap\" data-name=\"your-email\"><input size=\"40\" maxlength=\"400\" class=\"wpcf7-form-control wpcf7-email wpcf7-validates-as-required wpcf7-text wpcf7-validates-as-email\" autocomplete=\"email\" aria-required=\"true\" aria-invalid=\"false\" value=\"\" type=\"email\" name=\"your-email\" \/><\/span> <\/label>\n<\/p>\n<p><label> Tel\u00e9fono<br \/>\n<span class=\"wpcf7-form-control-wrap\" data-name=\"your-telefone\"><input size=\"40\" maxlength=\"400\" class=\"wpcf7-form-control wpcf7-text wpcf7-validates-as-required\" autocomplete=\"telefone\" aria-required=\"true\" aria-invalid=\"false\" value=\"\" type=\"text\" name=\"your-telefone\" \/><\/span> <\/label>\n<\/p>\n<p><label> Men\u00fa deseado<br \/>\n<span class=\"wpcf7-form-control-wrap\" data-name=\"checkbox-361\"><span class=\"wpcf7-form-control wpcf7-checkbox wpcf7-validates-as-required\"><span class=\"wpcf7-list-item first last\"><label><input type=\"checkbox\" name=\"checkbox-361[]\" value=\"Men\u00fa Deseado Men\u00fa Fauna y Flora - sin bebidas Men\u00fa Fauna y Flora - Maridaje de Vinos + Aguas y Caf\u00e9s\" \/><span class=\"wpcf7-list-item-label\">Men\u00fa Deseado Men\u00fa Fauna y Flora - sin bebidas Men\u00fa Fauna y Flora - Maridaje de Vinos + Aguas y Caf\u00e9s<\/span><\/label><\/span><\/span><\/span><br \/>\n<\/label>\n<\/p>\n<p><label> N\u00famero de personas<br \/>\n<span class=\"wpcf7-form-control-wrap\" data-name=\"your-npessoas\"><input class=\"wpcf7-form-control wpcf7-number wpcf7-validates-as-required wpcf7-validates-as-number\" autocomplete=\"npessoas\" aria-required=\"true\" aria-invalid=\"false\" value=\"\" type=\"number\" name=\"your-npessoas\" \/><\/span> <\/label>\n<\/p>\n<p><label> Gift Card<br \/>\n<span class=\"wpcf7-form-control-wrap\" data-name=\"checkbox-986\"><span class=\"wpcf7-form-control wpcf7-checkbox\"><span class=\"wpcf7-list-item first last\"><label><input type=\"checkbox\" name=\"checkbox-986[]\" value=\"digital f\u00edsica (Rec\u00f3gela en el restaurante)\" \/><span class=\"wpcf7-list-item-label\">digital f\u00edsica (Rec\u00f3gela en el restaurante)<\/span><\/label><\/span><\/span><\/span> <\/label>\n<\/p>\n<p><label> Mensaje (opcional)<br \/>\n<span class=\"wpcf7-form-control-wrap\" data-name=\"your-message\"><textarea cols=\"40\" rows=\"10\" maxlength=\"2000\" class=\"wpcf7-form-control wpcf7-textarea\" aria-invalid=\"false\" name=\"your-message\"><\/textarea><\/span> <\/label>\n<\/p>\n<p><label style=\"font-size:12px;line-height:1.9;\"><span class=\"wpcf7-form-control-wrap\" data-name=\"acceptance-662\"><span class=\"wpcf7-form-control wpcf7-acceptance optional\"><span class=\"wpcf7-list-item\"><label><input type=\"checkbox\" name=\"acceptance-662\" value=\"1\" aria-invalid=\"false\" \/><span class=\"wpcf7-list-item-label\">By submitting the form I authorize the Hotel and\/or SANA Hotels Portugal, S.A. to use my personal data, including those collected and provided voluntarily during my stays, for the purposes of contact for marketing actions, generic or personalized campaigns, promotions and offers related to SANA Hotels products and services, participation in service evaluations, creation and management of profiles in the central database of SANA Hotels Portugal, S.A., based on the information collected and made available during my stays.I confirm that I have been informed that I can withdraw this consent at any time by sending an e-mail to data@privacy.pt. For more information on the processing of your personal data, please consult the <a href=\"https:\/\/www.fiftysecondsexperience.com\/en\/terms-and-conditions\/\" target=\"_blank\" \/> Terms and Conditions <\/a> and our <a href=\"https:\/\/www.fiftysecondsexperience.com\/wp-content\/uploads\/2024\/01\/privacy-policy-EN.pdf\" target=\"_blank\"\/> Privacy Policy <\/a>.<\/span><\/label><\/span><\/span><\/span> <\/label>\n<\/p>\n<p><label> <input class=\"wpcf7-form-control wpcf7-submit has-spinner\" type=\"submit\" value=\"Enviar mensaje\" \/> <\/label>\n<\/p><div class=\"wpcf7-response-output\" aria-hidden=\"true\"><\/div>\n<\/form>\n<\/div>\n[\/vc_column][vc_column width=\u00bb1\/12&#8243;][\/vc_column][\/vc_row][vc_row row_content_width=\u00bbgrid\u00bb][vc_column width=\u00bb1\/12&#8243;][\/vc_column][vc_column width=\u00bb4\/5&#8243;][vc_toggle title=\u00bbMen\u00fa Degustaci\u00f3n\u00bb open=\u00bbtrue\u00bb custom_font_container=\u00bbtag:p|font_size:20px|text_align:left|color:%23537274&#8243; custom_use_theme_fonts=\u00bbyes\u00bb use_custom_heading=\u00bbtrue\u00bb css=\u00bb.vc_custom_1775553849717{margin-top: 50px !important;margin-bottom: 0px !important;}\u00bb]<\/p>\n<div class=\"horas-EN\">\n<ul>\n<li>Men\u00fa \u00abFauna y Flora 14 Momentos\u00bb (bebidas no incluidas) | 270 \u20ac por persona<\/li>\n<li>Men\u00fa \u00abFauna y Flora 14 Momentos\u00bb con maridaje de vinos \u00abPureza Arom\u00e1tica\u00bb, aguas y caf\u00e9 | 435 \u20ac por persona<\/li>\n<\/ul>\n<\/div>\n<p>[\/vc_toggle][vc_toggle title=\u00bbCondiciones de reserva\u00bb open=\u00bbtrue\u00bb custom_font_container=\u00bbtag:p|font_size:20px|text_align:left|color:%23537274&#8243; custom_use_theme_fonts=\u00bbyes\u00bb use_custom_heading=\u00bbtrue\u00bb css=\u00bb.vc_custom_1739962924887{margin-top: 0px !important;margin-bottom: 50px !important;}\u00bb]<\/p>\n<div class=\"horas-EN\">\n<ul>\n<li>La Tarjeta Regalo Cincuenta Segundos puede adquirirse en el restaurante (en formato f\u00edsico) o en l\u00ednea (en formato digital).<\/li>\n<li>Puede utilizarse para comer o cenar, previa reserva y sujeto a disponibilidad. No aplicable a fechas y men\u00fas especiales.<\/li>\n<li>Validez de 6 meses a partir de la fecha de emisi\u00f3n. De un solo uso.<\/li>\n<li>Despu\u00e9s de la fecha de caducidad, la tarjeta regalo se cancelar\u00e1 autom\u00e1ticamente.<\/li>\n<li>La tarjeta regalo debe presentarse en el restaurante Fifty Seconds.<\/li>\n<li>No se puede reembolsar ni convertir en efectivo o cr\u00e9dito, ni en parte ni en su totalidad.<\/li>\n<li>Puedes indicarnos el nombre de la persona o personas que disfrutar\u00e1n de la experiencia y dejar un mensaje personalizado de hasta 100 caracteres.<\/li>\n<li>Reservas y m\u00e1s informaci\u00f3n: (+351) 211 525 380 o info@fiftyseconds.pt<\/li>\n<\/ul>\n<\/div>\n<p>[\/vc_toggle][\/vc_column][vc_column width=\u00bb1\/12&#8243;][\/vc_column][\/vc_row]<\/p>\n<\/section>","protected":false},"excerpt":{"rendered":"<p>[vc_row row_content_width=\u00bbgrid\u00bb][vc_column width=\u00bb1\/12&#8243;][\/vc_column][vc_column width=\u00bb4\/5&#8243;][\/vc_column][vc_column width=\u00bb1\/12&#8243;][\/vc_column][\/vc_row][vc_row row_content_width=\u00bbgrid\u00bb][vc_column width=\u00bb1\/12&#8243;][\/vc_column][vc_column width=\u00bb4\/5&#8243; css=\u00bb.vc_custom_1694085048307{margin-top: 50px !important;}\u00bb][\/vc_column][vc_column width=\u00bb1\/12&#8243;][\/vc_column][\/vc_row][vc_row row_content_width=\u00bbgrid\u00bb][vc_column width=\u00bb1\/12&#8243;][\/vc_column][vc_column width=\u00bb4\/5&#8243;][vc_toggle title=\u00bbMen\u00fa Degustaci\u00f3n\u00bb open=\u00bbtrue\u00bb custom_font_container=\u00bbtag:p|font_size:20px|text_align:left|color:%23537274&#8243; custom_use_theme_fonts=\u00bbyes\u00bb use_custom_heading=\u00bbtrue\u00bb css=\u00bb.vc_custom_1775553849717{margin-top: 50px !important;margin-bottom: 0px !important;}\u00bb] Men\u00fa \u00abFauna y Flora 14 Momentos\u00bb (bebidas no incluidas) | 270 \u20ac por persona [&hellip;]<\/p>\n","protected":false},"author":1,"featured_media":0,"parent":0,"menu_order":0,"comment_status":"closed","ping_status":"closed","template":"","meta":{"inline_featured_image":false,"footnotes":"","_links_to":"","_links_to_target":""},"class_list":["post-13261","page","type-page","status-publish","hentry"],"yoast_head":"<!-- This site is optimized with the Yoast SEO plugin v26.1.1 - https:\/\/yoast.com\/wordpress\/plugins\/seo\/ -->\n<title>Tarjeta regalo | Restaurante con estrella Michelin<\/title>\n<meta name=\"description\" content=\"Reg\u00e1late una experiencia gastron\u00f3mica en uno de los mejores restaurantes con estrella Michelin de Portugal, en lo alto de la Torre Vasco da Gama.\" \/>\n<meta name=\"robots\" content=\"index, follow, max-snippet:-1, max-image-preview:large, max-video-preview:-1\" \/>\n<link rel=\"canonical\" href=\"https:\/\/www.fiftysecondsexperience.com\/es\/gift-card\/\" \/>\n<meta property=\"og:locale\" content=\"es_ES\" \/>\n<meta property=\"og:type\" content=\"article\" \/>\n<meta property=\"og:title\" content=\"Tarjeta regalo | Restaurante con estrella Michelin\" \/>\n<meta property=\"og:description\" content=\"Reg\u00e1late una experiencia gastron\u00f3mica en uno de los mejores restaurantes con estrella Michelin de Portugal, en lo alto de la Torre Vasco da Gama.\" \/>\n<meta property=\"og:url\" content=\"https:\/\/www.fiftysecondsexperience.com\/es\/gift-card\/\" \/>\n<meta property=\"og:site_name\" content=\"Fifty Seconds\" \/>\n<meta property=\"article:modified_time\" content=\"2026-04-07T09:24:16+00:00\" \/>\n<meta name=\"twitter:card\" content=\"summary_large_image\" \/>\n<meta name=\"twitter:label1\" content=\"Tiempo de lectura\" \/>\n\t<meta name=\"twitter:data1\" content=\"2 minutos\" \/>\n<script type=\"application\/ld+json\" class=\"yoast-schema-graph\">{\"@context\":\"https:\/\/schema.org\",\"@graph\":[{\"@type\":\"WebPage\",\"@id\":\"https:\/\/www.fiftysecondsexperience.com\/es\/gift-card\/\",\"url\":\"https:\/\/www.fiftysecondsexperience.com\/es\/gift-card\/\",\"name\":\"Tarjeta regalo | Restaurante con estrella Michelin\",\"isPartOf\":{\"@id\":\"https:\/\/www.fiftysecondsexperience.com\/#website\"},\"datePublished\":\"2023-09-06T12:36:09+00:00\",\"dateModified\":\"2026-04-07T09:24:16+00:00\",\"description\":\"Reg\u00e1late una experiencia gastron\u00f3mica en uno de los mejores restaurantes con estrella Michelin de Portugal, en lo alto de la Torre Vasco da Gama.\",\"breadcrumb\":{\"@id\":\"https:\/\/www.fiftysecondsexperience.com\/es\/gift-card\/#breadcrumb\"},\"inLanguage\":\"es\",\"potentialAction\":[{\"@type\":\"ReadAction\",\"target\":[\"https:\/\/www.fiftysecondsexperience.com\/es\/gift-card\/\"]}]},{\"@type\":\"BreadcrumbList\",\"@id\":\"https:\/\/www.fiftysecondsexperience.com\/es\/gift-card\/#breadcrumb\",\"itemListElement\":[{\"@type\":\"ListItem\",\"position\":1,\"name\":\"In\u00edcio\",\"item\":\"https:\/\/www.fiftysecondsexperience.com\/es\/\"},{\"@type\":\"ListItem\",\"position\":2,\"name\":\"Gift Card\"}]},{\"@type\":\"WebSite\",\"@id\":\"https:\/\/www.fiftysecondsexperience.com\/#website\",\"url\":\"https:\/\/www.fiftysecondsexperience.com\/\",\"name\":\"Fifty Seconds\",\"description\":\"\",\"publisher\":{\"@id\":\"https:\/\/www.fiftysecondsexperience.com\/#organization\"},\"potentialAction\":[{\"@type\":\"SearchAction\",\"target\":{\"@type\":\"EntryPoint\",\"urlTemplate\":\"https:\/\/www.fiftysecondsexperience.com\/?s={search_term_string}\"},\"query-input\":{\"@type\":\"PropertyValueSpecification\",\"valueRequired\":true,\"valueName\":\"search_term_string\"}}],\"inLanguage\":\"es\"},{\"@type\":\"Organization\",\"@id\":\"https:\/\/www.fiftysecondsexperience.com\/#organization\",\"name\":\"Fifty Seconds\",\"url\":\"https:\/\/www.fiftysecondsexperience.com\/\",\"logo\":{\"@type\":\"ImageObject\",\"inLanguage\":\"es\",\"@id\":\"https:\/\/www.fiftysecondsexperience.com\/#\/schema\/logo\/image\/\",\"url\":\"https:\/\/www.fiftysecondsexperience.com\/wp-content\/uploads\/2024\/01\/Logo-Fifty-Seconds2-Restaurante-Lisboa-Estrela-Michelin-Header-1.svg\",\"contentUrl\":\"https:\/\/www.fiftysecondsexperience.com\/wp-content\/uploads\/2024\/01\/Logo-Fifty-Seconds2-Restaurante-Lisboa-Estrela-Michelin-Header-1.svg\",\"width\":\"1024\",\"height\":\"1024\",\"caption\":\"Fifty Seconds\"},\"image\":{\"@id\":\"https:\/\/www.fiftysecondsexperience.com\/#\/schema\/logo\/image\/\"}}]}<\/script>\n<!-- \/ Yoast SEO plugin. -->","yoast_head_json":{"title":"Tarjeta regalo | Restaurante con estrella Michelin","description":"Reg\u00e1late una experiencia gastron\u00f3mica en uno de los mejores restaurantes con estrella Michelin de Portugal, en lo alto de la Torre Vasco da Gama.","robots":{"index":"index","follow":"follow","max-snippet":"max-snippet:-1","max-image-preview":"max-image-preview:large","max-video-preview":"max-video-preview:-1"},"canonical":"https:\/\/www.fiftysecondsexperience.com\/es\/gift-card\/","og_locale":"es_ES","og_type":"article","og_title":"Tarjeta regalo | Restaurante con estrella Michelin","og_description":"Reg\u00e1late una experiencia gastron\u00f3mica en uno de los mejores restaurantes con estrella Michelin de Portugal, en lo alto de la Torre Vasco da Gama.","og_url":"https:\/\/www.fiftysecondsexperience.com\/es\/gift-card\/","og_site_name":"Fifty Seconds","article_modified_time":"2026-04-07T09:24:16+00:00","twitter_card":"summary_large_image","twitter_misc":{"Tiempo de lectura":"2 minutos"},"schema":{"@context":"https:\/\/schema.org","@graph":[{"@type":"WebPage","@id":"https:\/\/www.fiftysecondsexperience.com\/es\/gift-card\/","url":"https:\/\/www.fiftysecondsexperience.com\/es\/gift-card\/","name":"Tarjeta regalo | Restaurante con estrella Michelin","isPartOf":{"@id":"https:\/\/www.fiftysecondsexperience.com\/#website"},"datePublished":"2023-09-06T12:36:09+00:00","dateModified":"2026-04-07T09:24:16+00:00","description":"Reg\u00e1late una experiencia gastron\u00f3mica en uno de los mejores restaurantes con estrella Michelin de Portugal, en lo alto de la Torre Vasco da Gama.","breadcrumb":{"@id":"https:\/\/www.fiftysecondsexperience.com\/es\/gift-card\/#breadcrumb"},"inLanguage":"es","potentialAction":[{"@type":"ReadAction","target":["https:\/\/www.fiftysecondsexperience.com\/es\/gift-card\/"]}]},{"@type":"BreadcrumbList","@id":"https:\/\/www.fiftysecondsexperience.com\/es\/gift-card\/#breadcrumb","itemListElement":[{"@type":"ListItem","position":1,"name":"In\u00edcio","item":"https:\/\/www.fiftysecondsexperience.com\/es\/"},{"@type":"ListItem","position":2,"name":"Gift Card"}]},{"@type":"WebSite","@id":"https:\/\/www.fiftysecondsexperience.com\/#website","url":"https:\/\/www.fiftysecondsexperience.com\/","name":"Fifty Seconds","description":"","publisher":{"@id":"https:\/\/www.fiftysecondsexperience.com\/#organization"},"potentialAction":[{"@type":"SearchAction","target":{"@type":"EntryPoint","urlTemplate":"https:\/\/www.fiftysecondsexperience.com\/?s={search_term_string}"},"query-input":{"@type":"PropertyValueSpecification","valueRequired":true,"valueName":"search_term_string"}}],"inLanguage":"es"},{"@type":"Organization","@id":"https:\/\/www.fiftysecondsexperience.com\/#organization","name":"Fifty Seconds","url":"https:\/\/www.fiftysecondsexperience.com\/","logo":{"@type":"ImageObject","inLanguage":"es","@id":"https:\/\/www.fiftysecondsexperience.com\/#\/schema\/logo\/image\/","url":"https:\/\/www.fiftysecondsexperience.com\/wp-content\/uploads\/2024\/01\/Logo-Fifty-Seconds2-Restaurante-Lisboa-Estrela-Michelin-Header-1.svg","contentUrl":"https:\/\/www.fiftysecondsexperience.com\/wp-content\/uploads\/2024\/01\/Logo-Fifty-Seconds2-Restaurante-Lisboa-Estrela-Michelin-Header-1.svg","width":"1024","height":"1024","caption":"Fifty Seconds"},"image":{"@id":"https:\/\/www.fiftysecondsexperience.com\/#\/schema\/logo\/image\/"}}]}},"_links":{"self":[{"href":"https:\/\/www.fiftysecondsexperience.com\/es\/wp-json\/wp\/v2\/pages\/13261","targetHints":{"allow":["GET"]}}],"collection":[{"href":"https:\/\/www.fiftysecondsexperience.com\/es\/wp-json\/wp\/v2\/pages"}],"about":[{"href":"https:\/\/www.fiftysecondsexperience.com\/es\/wp-json\/wp\/v2\/types\/page"}],"author":[{"embeddable":true,"href":"https:\/\/www.fiftysecondsexperience.com\/es\/wp-json\/wp\/v2\/users\/1"}],"replies":[{"embeddable":true,"href":"https:\/\/www.fiftysecondsexperience.com\/es\/wp-json\/wp\/v2\/comments?post=13261"}],"version-history":[{"count":14,"href":"https:\/\/www.fiftysecondsexperience.com\/es\/wp-json\/wp\/v2\/pages\/13261\/revisions"}],"predecessor-version":[{"id":14971,"href":"https:\/\/www.fiftysecondsexperience.com\/es\/wp-json\/wp\/v2\/pages\/13261\/revisions\/14971"}],"wp:attachment":[{"href":"https:\/\/www.fiftysecondsexperience.com\/es\/wp-json\/wp\/v2\/media?parent=13261"}],"curies":[{"name":"wp","href":"https:\/\/api.w.org\/{rel}","templated":true}]}}