{"id":13181,"date":"2023-08-31T14:04:26","date_gmt":"2023-08-31T14:04:26","guid":{"rendered":"https:\/\/www.fiftysecondsexperience.com\/equipo-cincuenta-segundos\/"},"modified":"2026-03-23T15:14:26","modified_gmt":"2026-03-23T15:14:26","slug":"equipo-fifty-seconds","status":"publish","type":"page","link":"https:\/\/www.fiftysecondsexperience.com\/es\/equipo-fifty-seconds\/","title":{"rendered":"Equipo Fifty Seconds"},"content":{"rendered":"<section class=\"wpb-content-wrapper\"><p>[vc_row content_placement=\u00bbtop\u00bb content_text_aligment=\u00bbcenter\u00bb css=\u00bb.vc_custom_1693993113851{margin-bottom: 100px !important;}\u00bb][vc_column]<div class=\"mkdf-elements-holder   mkdf-two-columns  mkdf-responsive-mode-1024 \" ><div class=\"mkdf-eh-item  mkdf-vertical-alignment-top mkdf-horizontal-alignment-center \"  data-item-class=\"mkdf-eh-custom-1832\" data-1367-1600=\"0 0 0 13%\" data-1025-1366=\"0 0 0 15%\" data-769-1024=\"0 0 7% 9%\" data-681-768=\"0 0 6% 9%\" data-680=\"0 0 10% 5%\">\n\t<div class=\"mkdf-eh-item-inner\">\n\t\t<div class=\"mkdf-eh-item-content mkdf-eh-custom-1832\" style=\"padding: 0 0 0 38%\">\n\t\t\t<div class=\"mkdf-section-title-holder  mkdf-st-standard mkdf-st-title-left mkdf-st-normal-space \" style=\"text-align: left\">\n\t<div class=\"mkdf-st-inner\">\n\t\t\t\t\t<h2 class=\"mkdf-st-title\" >\n\t\t\t\tEquipo Fifty Seconds\t\t\t<\/h2>\n\t\t    <span class=\"mkdf-st-line\" style=\"margin: 50px 5% 0 5%; height: 120px\"><\/span>\n    <div class=\"mkdf-st-text\" style=\"margin-top: 45px;padding-right: 90px\">\n        <strong> Marc Pinto &#8211; ESCAN\u00c7\u00c3O<\/strong><\/p>\n<p style=\"margin-bottom: 25px;\">Marc Pinto, sumiller de FIFTY SECONDS, ha desarrollado parte de su trayectoria profesional en Espa\u00f1a, formando parte de equipos de referencia y profundizando en el conocimiento de las m\u00e1s diversas regiones vin\u00edcolas. Ganador de diversos galardones, entre los que se incluyen el Campeonato Nacional de Sumilleres (2022), el premio al \u00abSumiller del A\u00f1o\u00bb de la Revista de Vinhos (2023) y el t\u00edtulo de \u00abMejor Sumiller de Portugal\u00bb en la Gu\u00eda Michelin (2025), en reconocimiento a su excelencia en el servicio y el maridaje de vinos.<\/p>\n<p><strong>Rui Monteiro &#8211; Jefe de Camareros<\/strong> Rui Monteiro es un camarero profesional con una sensibilidad excepcional en el arte de la hospitalidad.<br \/>\nSu carrera profesional est\u00e1 llena de experiencia adquirida en cruceros durante 6 a\u00f1os y en la Fortaleza de Guincho durante 19 a\u00f1os.    <\/div>\n\t<\/div>\n<\/div>\t\t<\/div>\n\t<\/div>\n<\/div><div class=\"mkdf-eh-item  mkdf-vertical-alignment-top  \"  data-item-class=\"mkdf-eh-custom-8654\">\n\t<div class=\"mkdf-eh-item-inner\">\n\t\t<div class=\"mkdf-eh-item-content mkdf-eh-custom-8654\" style=\"padding: 0 0 0 9%\">\n\t\t\t<div class=\"mkdf-single-image-holder    \" >\n    <div class=\"mkdf-si-inner\" >\n                                    <img loading=\"lazy\" decoding=\"async\" width=\"1600\" height=\"2000\" src=\"https:\/\/www.fiftysecondsexperience.com\/wp-content\/uploads\/2026\/03\/Equipa-Fifty-Seconds.jpg\" class=\"attachment-full size-full\" alt=\"Equipa Fifty Seconds\" \/>                        <\/div>\n<\/div>\t\t<\/div>\n\t<\/div>\n<\/div><\/div>[\/vc_column][\/vc_row][vc_row][vc_column]<a itemprop=\"url\" href=\"https:\/\/www.fiftysecondsexperience.com\/es\/reservas\/\" target=\"_self\"  class=\"mkdf-btn mkdf-btn-medium mkdf-btn-solid reservar-mesa-button\"  >\n\t    <span class=\"mkdf-btn-text\">reserva una mesa<\/span>\n    <\/a>[\/vc_column][\/vc_row]<\/p>\n<\/section>","protected":false},"excerpt":{"rendered":"<p>[vc_row content_placement=\u00bbtop\u00bb content_text_aligment=\u00bbcenter\u00bb css=\u00bb.vc_custom_1693993113851{margin-bottom: 100px !important;}\u00bb][vc_column][\/vc_column][\/vc_row][vc_row][vc_column][\/vc_column][\/vc_row]<\/p>\n","protected":false},"author":1,"featured_media":0,"parent":0,"menu_order":0,"comment_status":"closed","ping_status":"closed","template":"full-width.php","meta":{"inline_featured_image":false,"footnotes":"","_links_to":"","_links_to_target":""},"class_list":["post-13181","page","type-page","status-publish","hentry"],"yoast_head":"<!-- This site is optimized with the Yoast SEO plugin v26.1.1 - https:\/\/yoast.com\/wordpress\/plugins\/seo\/ -->\n<title>Equipo de Fifty Seconds | Restaurante con Estrella Michelin<\/title>\n<meta name=\"description\" content=\"Conoce al Equipo Fifty Seconds: el Pastelero, el Sumiller y el Jefe de Cocina del restaurante con estrella Michelin del Parque das Na\u00e7\u00f5es.\" \/>\n<meta name=\"robots\" content=\"index, follow, max-snippet:-1, max-image-preview:large, max-video-preview:-1\" \/>\n<link rel=\"canonical\" href=\"https:\/\/www.fiftysecondsexperience.com\/es\/equipo-fifty-seconds\/\" \/>\n<meta property=\"og:locale\" content=\"es_ES\" \/>\n<meta property=\"og:type\" content=\"article\" \/>\n<meta property=\"og:title\" content=\"Equipo de Fifty Seconds | Restaurante con Estrella Michelin\" \/>\n<meta property=\"og:description\" content=\"Conoce al Equipo Fifty Seconds: el Pastelero, el Sumiller y el Jefe de Cocina del restaurante con estrella Michelin del Parque das Na\u00e7\u00f5es.\" \/>\n<meta property=\"og:url\" content=\"https:\/\/www.fiftysecondsexperience.com\/es\/equipo-fifty-seconds\/\" \/>\n<meta property=\"og:site_name\" content=\"Fifty Seconds\" \/>\n<meta property=\"article:modified_time\" content=\"2026-03-23T15:14:26+00:00\" \/>\n<meta name=\"twitter:card\" content=\"summary_large_image\" \/>\n<meta name=\"twitter:label1\" content=\"Tiempo de lectura\" \/>\n\t<meta name=\"twitter:data1\" content=\"2 minutos\" \/>\n<script type=\"application\/ld+json\" class=\"yoast-schema-graph\">{\"@context\":\"https:\/\/schema.org\",\"@graph\":[{\"@type\":\"WebPage\",\"@id\":\"https:\/\/www.fiftysecondsexperience.com\/es\/equipo-fifty-seconds\/\",\"url\":\"https:\/\/www.fiftysecondsexperience.com\/es\/equipo-fifty-seconds\/\",\"name\":\"Equipo de Fifty Seconds | Restaurante con Estrella Michelin\",\"isPartOf\":{\"@id\":\"https:\/\/www.fiftysecondsexperience.com\/#website\"},\"datePublished\":\"2023-08-31T14:04:26+00:00\",\"dateModified\":\"2026-03-23T15:14:26+00:00\",\"description\":\"Conoce al Equipo Fifty Seconds: el Pastelero, el Sumiller y el Jefe de Cocina del restaurante con estrella Michelin del Parque das Na\u00e7\u00f5es.\",\"breadcrumb\":{\"@id\":\"https:\/\/www.fiftysecondsexperience.com\/es\/equipo-fifty-seconds\/#breadcrumb\"},\"inLanguage\":\"es\",\"potentialAction\":[{\"@type\":\"ReadAction\",\"target\":[\"https:\/\/www.fiftysecondsexperience.com\/es\/equipo-fifty-seconds\/\"]}]},{\"@type\":\"BreadcrumbList\",\"@id\":\"https:\/\/www.fiftysecondsexperience.com\/es\/equipo-fifty-seconds\/#breadcrumb\",\"itemListElement\":[{\"@type\":\"ListItem\",\"position\":1,\"name\":\"In\u00edcio\",\"item\":\"https:\/\/www.fiftysecondsexperience.com\/es\/\"},{\"@type\":\"ListItem\",\"position\":2,\"name\":\"Equipo Fifty Seconds\"}]},{\"@type\":\"WebSite\",\"@id\":\"https:\/\/www.fiftysecondsexperience.com\/#website\",\"url\":\"https:\/\/www.fiftysecondsexperience.com\/\",\"name\":\"Fifty Seconds\",\"description\":\"\",\"publisher\":{\"@id\":\"https:\/\/www.fiftysecondsexperience.com\/#organization\"},\"potentialAction\":[{\"@type\":\"SearchAction\",\"target\":{\"@type\":\"EntryPoint\",\"urlTemplate\":\"https:\/\/www.fiftysecondsexperience.com\/?s={search_term_string}\"},\"query-input\":{\"@type\":\"PropertyValueSpecification\",\"valueRequired\":true,\"valueName\":\"search_term_string\"}}],\"inLanguage\":\"es\"},{\"@type\":\"Organization\",\"@id\":\"https:\/\/www.fiftysecondsexperience.com\/#organization\",\"name\":\"Fifty Seconds\",\"url\":\"https:\/\/www.fiftysecondsexperience.com\/\",\"logo\":{\"@type\":\"ImageObject\",\"inLanguage\":\"es\",\"@id\":\"https:\/\/www.fiftysecondsexperience.com\/#\/schema\/logo\/image\/\",\"url\":\"https:\/\/www.fiftysecondsexperience.com\/wp-content\/uploads\/2024\/01\/Logo-Fifty-Seconds2-Restaurante-Lisboa-Estrela-Michelin-Header-1.svg\",\"contentUrl\":\"https:\/\/www.fiftysecondsexperience.com\/wp-content\/uploads\/2024\/01\/Logo-Fifty-Seconds2-Restaurante-Lisboa-Estrela-Michelin-Header-1.svg\",\"width\":\"1024\",\"height\":\"1024\",\"caption\":\"Fifty Seconds\"},\"image\":{\"@id\":\"https:\/\/www.fiftysecondsexperience.com\/#\/schema\/logo\/image\/\"}}]}<\/script>\n<!-- \/ Yoast SEO plugin. -->","yoast_head_json":{"title":"Equipo de Fifty Seconds | Restaurante con Estrella Michelin","description":"Conoce al Equipo Fifty Seconds: el Pastelero, el Sumiller y el Jefe de Cocina del restaurante con estrella Michelin del Parque das Na\u00e7\u00f5es.","robots":{"index":"index","follow":"follow","max-snippet":"max-snippet:-1","max-image-preview":"max-image-preview:large","max-video-preview":"max-video-preview:-1"},"canonical":"https:\/\/www.fiftysecondsexperience.com\/es\/equipo-fifty-seconds\/","og_locale":"es_ES","og_type":"article","og_title":"Equipo de Fifty Seconds | Restaurante con Estrella Michelin","og_description":"Conoce al Equipo Fifty Seconds: el Pastelero, el Sumiller y el Jefe de Cocina del restaurante con estrella Michelin del Parque das Na\u00e7\u00f5es.","og_url":"https:\/\/www.fiftysecondsexperience.com\/es\/equipo-fifty-seconds\/","og_site_name":"Fifty Seconds","article_modified_time":"2026-03-23T15:14:26+00:00","twitter_card":"summary_large_image","twitter_misc":{"Tiempo de lectura":"2 minutos"},"schema":{"@context":"https:\/\/schema.org","@graph":[{"@type":"WebPage","@id":"https:\/\/www.fiftysecondsexperience.com\/es\/equipo-fifty-seconds\/","url":"https:\/\/www.fiftysecondsexperience.com\/es\/equipo-fifty-seconds\/","name":"Equipo de Fifty Seconds | Restaurante con Estrella Michelin","isPartOf":{"@id":"https:\/\/www.fiftysecondsexperience.com\/#website"},"datePublished":"2023-08-31T14:04:26+00:00","dateModified":"2026-03-23T15:14:26+00:00","description":"Conoce al Equipo Fifty Seconds: el Pastelero, el Sumiller y el Jefe de Cocina del restaurante con estrella Michelin del Parque das Na\u00e7\u00f5es.","breadcrumb":{"@id":"https:\/\/www.fiftysecondsexperience.com\/es\/equipo-fifty-seconds\/#breadcrumb"},"inLanguage":"es","potentialAction":[{"@type":"ReadAction","target":["https:\/\/www.fiftysecondsexperience.com\/es\/equipo-fifty-seconds\/"]}]},{"@type":"BreadcrumbList","@id":"https:\/\/www.fiftysecondsexperience.com\/es\/equipo-fifty-seconds\/#breadcrumb","itemListElement":[{"@type":"ListItem","position":1,"name":"In\u00edcio","item":"https:\/\/www.fiftysecondsexperience.com\/es\/"},{"@type":"ListItem","position":2,"name":"Equipo Fifty Seconds"}]},{"@type":"WebSite","@id":"https:\/\/www.fiftysecondsexperience.com\/#website","url":"https:\/\/www.fiftysecondsexperience.com\/","name":"Fifty Seconds","description":"","publisher":{"@id":"https:\/\/www.fiftysecondsexperience.com\/#organization"},"potentialAction":[{"@type":"SearchAction","target":{"@type":"EntryPoint","urlTemplate":"https:\/\/www.fiftysecondsexperience.com\/?s={search_term_string}"},"query-input":{"@type":"PropertyValueSpecification","valueRequired":true,"valueName":"search_term_string"}}],"inLanguage":"es"},{"@type":"Organization","@id":"https:\/\/www.fiftysecondsexperience.com\/#organization","name":"Fifty Seconds","url":"https:\/\/www.fiftysecondsexperience.com\/","logo":{"@type":"ImageObject","inLanguage":"es","@id":"https:\/\/www.fiftysecondsexperience.com\/#\/schema\/logo\/image\/","url":"https:\/\/www.fiftysecondsexperience.com\/wp-content\/uploads\/2024\/01\/Logo-Fifty-Seconds2-Restaurante-Lisboa-Estrela-Michelin-Header-1.svg","contentUrl":"https:\/\/www.fiftysecondsexperience.com\/wp-content\/uploads\/2024\/01\/Logo-Fifty-Seconds2-Restaurante-Lisboa-Estrela-Michelin-Header-1.svg","width":"1024","height":"1024","caption":"Fifty Seconds"},"image":{"@id":"https:\/\/www.fiftysecondsexperience.com\/#\/schema\/logo\/image\/"}}]}},"_links":{"self":[{"href":"https:\/\/www.fiftysecondsexperience.com\/es\/wp-json\/wp\/v2\/pages\/13181","targetHints":{"allow":["GET"]}}],"collection":[{"href":"https:\/\/www.fiftysecondsexperience.com\/es\/wp-json\/wp\/v2\/pages"}],"about":[{"href":"https:\/\/www.fiftysecondsexperience.com\/es\/wp-json\/wp\/v2\/types\/page"}],"author":[{"embeddable":true,"href":"https:\/\/www.fiftysecondsexperience.com\/es\/wp-json\/wp\/v2\/users\/1"}],"replies":[{"embeddable":true,"href":"https:\/\/www.fiftysecondsexperience.com\/es\/wp-json\/wp\/v2\/comments?post=13181"}],"version-history":[{"count":7,"href":"https:\/\/www.fiftysecondsexperience.com\/es\/wp-json\/wp\/v2\/pages\/13181\/revisions"}],"predecessor-version":[{"id":14888,"href":"https:\/\/www.fiftysecondsexperience.com\/es\/wp-json\/wp\/v2\/pages\/13181\/revisions\/14888"}],"wp:attachment":[{"href":"https:\/\/www.fiftysecondsexperience.com\/es\/wp-json\/wp\/v2\/media?parent=13181"}],"curies":[{"name":"wp","href":"https:\/\/api.w.org\/{rel}","templated":true}]}}