{"id":13141,"date":"2018-08-08T11:04:26","date_gmt":"2018-08-08T11:04:26","guid":{"rendered":"https:\/\/www.fiftysecondsexperience.com\/menu\/"},"modified":"2026-04-01T11:30:55","modified_gmt":"2026-04-01T11:30:55","slug":"menu","status":"publish","type":"page","link":"https:\/\/www.fiftysecondsexperience.com\/es\/menu\/","title":{"rendered":"Men\u00fa"},"content":{"rendered":"<section class=\"wpb-content-wrapper\"><p>[vc_row content_placement=\u00bbtop\u00bb enable_parallax_background_elements=\u00bbyes\u00bb right_parallax_background_element=\u00bb3536&#8243;][vc_column][vc_row_inner content_placement=\u00bbmiddle\u00bb row_content_width=\u00bbgrid\u00bb css=\u00bb.vc_custom_1535380918653{padding-bottom: 40px !important;}\u00bb][vc_column_inner offset=\u00bbvc_col-lg-6 vc_col-md-12&#8243;]<div class=\"mkdf-section-title-holder horas-EN mkdf-st-standard mkdf-st-title-left mkdf-st-normal-space \" style=\"padding:0 0 2% 0;text-align: left\">\n\t<div class=\"mkdf-st-inner\">\n\t\t\t\t\t<h2 class=\"mkdf-st-title\" style=\"color: #99a3a5\">\n\t\t\t\tNUESTROS MEN\u00daS\t\t\t<\/h2>\n\t\t    <span class=\"mkdf-st-line\" style=\"margin: 27px 5% 0 5%; height: 120px\"><\/span>\n    <div class=\"mkdf-st-text\" style=\"margin-top: 18px;padding-right: 50px\">\n        Prep\u00e1rate para descubrir nuestra cocina creativa, una combinaci\u00f3n de sabores que te hacen viajar a trav\u00e9s de sensaciones \u00fanicas, en una explosi\u00f3n de colores, texturas y aromas de todo el mundo.<\/p>\n<p>Trabajamos con los mejores ingredientes que nos ofrece la naturaleza y los transformamos en una <strong>experiencia gastron\u00f3mica \u00fanica<\/strong>. Cada plato se crea con pasi\u00f3n, dedicaci\u00f3n, respeto y mimo, utilizando los productos m\u00e1s frescos y artesanales de la tierra y el mar.    <\/div>\n\t<\/div>\n<\/div>[vc_raw_html]JTNDYSUyMGNsYXNzJTNEJTIybWtkZi1idG4lMjBta2RmLWJ0bi1tZWRpdW0lMjBta2RmLWJ0bi1zaW1wbGUlMjIlMjBzdHlsZSUzRCUyMm1hcmdpbi1sZWZ0JTNBNjBweCUzQm1hcmdpbi10b3AlM0EyMHB4JTNCJTIyJTIwaHJlZiUzRCUyMmh0dHBzJTNBJTJGJTJGd3d3LmZpZnR5c2Vjb25kc2V4cGVyaWVuY2UuY29tJTJGd3AtY29udGVudCUyRnVwbG9hZHMlMkYyMDI2JTJGMDQlMkZNRU5VLVZFUlQtRkFVTkEtRkxPUkEtRVMucGRmJTIyJTIwdGFyZ2V0JTNEJTIyX2JsYW5rJTIyJTNFJTBBJTNDc3BhbiUyMGNsYXNzJTNEJTIybWtkZi1idG4tbGluZSUyMiUzRSUzQyUyRnNwYW4lM0UlMEElM0NzcGFuJTIwY2xhc3MlM0QlMjJta2RmLWJ0bi10ZXh0JTIyJTNFVmVyJTIwTWVuJUMzJUJBJTNDJTJGc3BhbiUzRSUwQSUzQyUyRmElM0UlMEElMEE=[\/vc_raw_html][vc_empty_space height=\u00bb100px\u00bb][\/vc_column_inner][vc_column_inner offset=\u00bbvc_col-lg-6 vc_col-md-12&#8243; css=\u00bb.vc_custom_1535446084271{padding-right: 0px !important;padding-left: 0px !important;}\u00bb]<div class=\"mkdf-single-image-holder    \" >\n    <div class=\"mkdf-si-inner\" >\n                                    <img loading=\"lazy\" decoding=\"async\" width=\"800\" height=\"450\" src=\"https:\/\/www.fiftysecondsexperience.com\/wp-content\/uploads\/2026\/03\/Menu-Fifty-Secons-2-estrelas-Michelin.jpg\" class=\"attachment-full size-full\" alt=\"Menu Fifty Seconds 2 estrelas Michelin\" \/>                        <\/div>\n<\/div>[\/vc_column_inner][\/vc_row_inner][vc_row_inner row_content_width=\u00bbgrid\u00bb css=\u00bb.vc_custom_1534240845257{padding-bottom: 30px !important;}\u00bb][vc_column_inner offset=\u00bbvc_col-lg-offset-1 vc_col-lg-10&#8243; css=\u00bb.vc_custom_1534234226432{padding-right: 0px !important;padding-left: 0px !important;}\u00bb]<div class=\"mkdf-single-image-holder    \" >\n    <div class=\"mkdf-si-inner\" >\n                                    <img loading=\"lazy\" decoding=\"async\" width=\"1300\" height=\"600\" src=\"https:\/\/www.fiftysecondsexperience.com\/wp-content\/uploads\/2026\/03\/Menu-Fifty-Lisboa-REstaurante-Michelin.jpg\" class=\"attachment-full size-full\" alt=\"Menu Fifty Lisboa REstaurante Michelin\" \/>                        <\/div>\n<\/div>[\/vc_column_inner][\/vc_row_inner][vc_row_inner row_content_width=\u00bbgrid\u00bb css=\u00bb.vc_custom_1693928418149{margin-bottom: 50px !important;}\u00bb][vc_column_inner width=\u00bb1\/12&#8243; offset=\u00bbvc_col-lg-1 vc_hidden-md vc_hidden-sm vc_hidden-xs\u00bb][\/vc_column_inner][vc_column_inner css=\u00bb.vc_custom_1535445707647{padding-right: 0px !important;padding-left: 0px !important;}\u00bb offset=\u00bbvc_col-lg-10 vc_col-md-12 vc_col-xs-12&#8243;]<div class=\"mkdf-image-gallery mkdf-grid-list mkdf-grid-masonry-list mkdf-disable-bottom-space  mkdf-ig-masonry-type mkdf-three-columns mkdf-normal-space  \">\n\t<div class=\"mkdf-ig-inner mkdf-outer-space mkdf-masonry-list-wrapper\">\n\t\t<div class=\"mkdf-masonry-grid-sizer\"><\/div>\n\t\t<div class=\"mkdf-masonry-grid-gutter\"><\/div>\n\t\t\t\t\t\t\t\t<div class=\"mkdf-ig-image mkdf-item-space \">\n\t\t\t\t<div class=\"mkdf-ig-image-inner\">\n\t\t\t\t\t\t\t\t\t\t\t<img loading=\"lazy\" decoding=\"async\" width=\"942\" height=\"1269\" src=\"https:\/\/www.fiftysecondsexperience.com\/wp-content\/uploads\/2026\/03\/Menu-Fifty-Seconds-Lisboa-2-estrelas-michelin-Restaurante.jpg\" class=\"attachment-full size-full\" alt=\"\" \/>\t\t\t\t\t\t\t\t\t<\/div>\n\t\t\t<\/div>\n\t\t\t\t\t\t\t\t<div class=\"mkdf-ig-image mkdf-item-space \">\n\t\t\t\t<div class=\"mkdf-ig-image-inner\">\n\t\t\t\t\t\t\t\t\t\t\t<img loading=\"lazy\" decoding=\"async\" width=\"650\" height=\"1300\" src=\"https:\/\/www.fiftysecondsexperience.com\/wp-content\/uploads\/2026\/03\/Menu-Fifty-Seconds-Lisboa-2-estrelas-michelin.jpg\" class=\"attachment-full size-full\" alt=\"\" \/>\t\t\t\t\t\t\t\t\t<\/div>\n\t\t\t<\/div>\n\t\t\t\t\t\t\t\t<div class=\"mkdf-ig-image mkdf-item-space \">\n\t\t\t\t<div class=\"mkdf-ig-image-inner\">\n\t\t\t\t\t\t\t\t\t\t\t<img loading=\"lazy\" decoding=\"async\" width=\"768\" height=\"646\" src=\"https:\/\/www.fiftysecondsexperience.com\/wp-content\/uploads\/2026\/03\/Menu-Fifty-Seconds-Lisboa-2-estrelas.jpg\" class=\"attachment-full size-full\" alt=\"\" \/>\t\t\t\t\t\t\t\t\t<\/div>\n\t\t\t<\/div>\n\t\t\t\t\t\t\t\t<div class=\"mkdf-ig-image mkdf-item-space \">\n\t\t\t\t<div class=\"mkdf-ig-image-inner\">\n\t\t\t\t\t\t\t\t\t\t\t<img loading=\"lazy\" decoding=\"async\" width=\"800\" height=\"450\" src=\"https:\/\/www.fiftysecondsexperience.com\/wp-content\/uploads\/2026\/03\/Menu-Fifty-Seconds-Lisboa-2-estrelas-michelin-Restaurante-Parque-das-Nacoes.jpg\" class=\"attachment-full size-full\" alt=\"\" \/>\t\t\t\t\t\t\t\t\t<\/div>\n\t\t\t<\/div>\n\t\t\t<\/div>\n<\/div>[\/vc_column_inner][vc_column_inner width=\u00bb1\/12&#8243; css=\u00bb.vc_custom_1535382774510{padding-right: 0px !important;}\u00bb offset=\u00bbvc_col-lg-1 vc_hidden-md vc_hidden-sm vc_hidden-xs\u00bb][\/vc_column_inner][\/vc_row_inner][\/vc_column][\/vc_row][vc_row][vc_column]<a itemprop=\"url\" href=\"https:\/\/www.fiftysecondsexperience.com\/es\/reservas\/\" target=\"_self\"  class=\"mkdf-btn mkdf-btn-medium mkdf-btn-solid reservar-mesa-button\"  >\n\t    <span class=\"mkdf-btn-text\">reserva una mesa<\/span>\n    <\/a>[\/vc_column][\/vc_row]<\/p>\n<\/section>","protected":false},"excerpt":{"rendered":"<p>[vc_row content_placement=\u00bbtop\u00bb enable_parallax_background_elements=\u00bbyes\u00bb right_parallax_background_element=\u00bb3536&#8243;][vc_column][vc_row_inner content_placement=\u00bbmiddle\u00bb row_content_width=\u00bbgrid\u00bb css=\u00bb.vc_custom_1535380918653{padding-bottom: 40px !important;}\u00bb][vc_column_inner offset=\u00bbvc_col-lg-6 vc_col-md-12&#8243;][vc_raw_html]JTNDYSUyMGNsYXNzJTNEJTIybWtkZi1idG4lMjBta2RmLWJ0bi1tZWRpdW0lMjBta2RmLWJ0bi1zaW1wbGUlMjIlMjBzdHlsZSUzRCUyMm1hcmdpbi1sZWZ0JTNBNjBweCUzQm1hcmdpbi10b3AlM0EyMHB4JTNCJTIyJTIwaHJlZiUzRCUyMmh0dHBzJTNBJTJGJTJGd3d3LmZpZnR5c2Vjb25kc2V4cGVyaWVuY2UuY29tJTJGd3AtY29udGVudCUyRnVwbG9hZHMlMkYyMDI2JTJGMDQlMkZNRU5VLVZFUlQtRkFVTkEtRkxPUkEtRVMucGRmJTIyJTIwdGFyZ2V0JTNEJTIyX2JsYW5rJTIyJTNFJTBBJTNDc3BhbiUyMGNsYXNzJTNEJTIybWtkZi1idG4tbGluZSUyMiUzRSUzQyUyRnNwYW4lM0UlMEElM0NzcGFuJTIwY2xhc3MlM0QlMjJta2RmLWJ0bi10ZXh0JTIyJTNFVmVyJTIwTWVuJUMzJUJBJTNDJTJGc3BhbiUzRSUwQSUzQyUyRmElM0UlMEElMEE=[\/vc_raw_html][vc_empty_space height=\u00bb100px\u00bb][\/vc_column_inner][vc_column_inner offset=\u00bbvc_col-lg-6 vc_col-md-12&#8243; css=\u00bb.vc_custom_1535446084271{padding-right: 0px !important;padding-left: 0px !important;}\u00bb][\/vc_column_inner][\/vc_row_inner][vc_row_inner row_content_width=\u00bbgrid\u00bb css=\u00bb.vc_custom_1534240845257{padding-bottom: 30px !important;}\u00bb][vc_column_inner offset=\u00bbvc_col-lg-offset-1 vc_col-lg-10&#8243; css=\u00bb.vc_custom_1534234226432{padding-right: 0px !important;padding-left: 0px !important;}\u00bb][\/vc_column_inner][\/vc_row_inner][vc_row_inner row_content_width=\u00bbgrid\u00bb css=\u00bb.vc_custom_1693928418149{margin-bottom: 50px !important;}\u00bb][vc_column_inner width=\u00bb1\/12&#8243; offset=\u00bbvc_col-lg-1 vc_hidden-md vc_hidden-sm vc_hidden-xs\u00bb][\/vc_column_inner][vc_column_inner css=\u00bb.vc_custom_1535445707647{padding-right: [&hellip;]<\/p>\n","protected":false},"author":1,"featured_media":0,"parent":0,"menu_order":0,"comment_status":"closed","ping_status":"closed","template":"full-width.php","meta":{"inline_featured_image":false,"footnotes":"","_links_to":"","_links_to_target":""},"class_list":["post-13141","page","type-page","status-publish","hentry"],"yoast_head":"<!-- This site is optimized with the Yoast SEO plugin v26.1.1 - https:\/\/yoast.com\/wordpress\/plugins\/seo\/ -->\n<title>Men\u00fa Fifty Seconds | Restaurante con Estrella Michelin<\/title>\n<meta name=\"description\" content=\"Restaurante con estrella Michelin que ofrece cocina creativa de autor con la opci\u00f3n de Men\u00fa a la Carta Fifty Seconds o Men\u00fa Degustaci\u00f3n de 10 \u00f3 12 platos.\" \/>\n<meta name=\"robots\" content=\"index, follow, max-snippet:-1, max-image-preview:large, max-video-preview:-1\" \/>\n<link rel=\"canonical\" href=\"https:\/\/www.fiftysecondsexperience.com\/es\/menu\/\" \/>\n<meta property=\"og:locale\" content=\"es_ES\" \/>\n<meta property=\"og:type\" content=\"article\" \/>\n<meta property=\"og:title\" content=\"Men\u00fa Fifty Seconds | Restaurante con Estrella Michelin\" \/>\n<meta property=\"og:description\" content=\"Restaurante con estrella Michelin que ofrece cocina creativa de autor con la opci\u00f3n de Men\u00fa a la Carta Fifty Seconds o Men\u00fa Degustaci\u00f3n de 10 \u00f3 12 platos.\" \/>\n<meta property=\"og:url\" content=\"https:\/\/www.fiftysecondsexperience.com\/es\/menu\/\" \/>\n<meta property=\"og:site_name\" content=\"Fifty Seconds\" \/>\n<meta property=\"article:modified_time\" content=\"2026-04-01T11:30:55+00:00\" \/>\n<meta name=\"twitter:card\" content=\"summary_large_image\" \/>\n<meta name=\"twitter:label1\" content=\"Tiempo de lectura\" \/>\n\t<meta name=\"twitter:data1\" content=\"2 minutos\" \/>\n<script type=\"application\/ld+json\" class=\"yoast-schema-graph\">{\"@context\":\"https:\/\/schema.org\",\"@graph\":[{\"@type\":\"WebPage\",\"@id\":\"https:\/\/www.fiftysecondsexperience.com\/es\/menu\/\",\"url\":\"https:\/\/www.fiftysecondsexperience.com\/es\/menu\/\",\"name\":\"Men\u00fa Fifty Seconds | Restaurante con Estrella Michelin\",\"isPartOf\":{\"@id\":\"https:\/\/www.fiftysecondsexperience.com\/#website\"},\"datePublished\":\"2018-08-08T11:04:26+00:00\",\"dateModified\":\"2026-04-01T11:30:55+00:00\",\"description\":\"Restaurante con estrella Michelin que ofrece cocina creativa de autor con la opci\u00f3n de Men\u00fa a la Carta Fifty Seconds o Men\u00fa Degustaci\u00f3n de 10 \u00f3 12 platos.\",\"breadcrumb\":{\"@id\":\"https:\/\/www.fiftysecondsexperience.com\/es\/menu\/#breadcrumb\"},\"inLanguage\":\"es\",\"potentialAction\":[{\"@type\":\"ReadAction\",\"target\":[\"https:\/\/www.fiftysecondsexperience.com\/es\/menu\/\"]}]},{\"@type\":\"BreadcrumbList\",\"@id\":\"https:\/\/www.fiftysecondsexperience.com\/es\/menu\/#breadcrumb\",\"itemListElement\":[{\"@type\":\"ListItem\",\"position\":1,\"name\":\"In\u00edcio\",\"item\":\"https:\/\/www.fiftysecondsexperience.com\/es\/\"},{\"@type\":\"ListItem\",\"position\":2,\"name\":\"Men\u00fa\"}]},{\"@type\":\"WebSite\",\"@id\":\"https:\/\/www.fiftysecondsexperience.com\/#website\",\"url\":\"https:\/\/www.fiftysecondsexperience.com\/\",\"name\":\"Fifty Seconds\",\"description\":\"\",\"publisher\":{\"@id\":\"https:\/\/www.fiftysecondsexperience.com\/#organization\"},\"potentialAction\":[{\"@type\":\"SearchAction\",\"target\":{\"@type\":\"EntryPoint\",\"urlTemplate\":\"https:\/\/www.fiftysecondsexperience.com\/?s={search_term_string}\"},\"query-input\":{\"@type\":\"PropertyValueSpecification\",\"valueRequired\":true,\"valueName\":\"search_term_string\"}}],\"inLanguage\":\"es\"},{\"@type\":\"Organization\",\"@id\":\"https:\/\/www.fiftysecondsexperience.com\/#organization\",\"name\":\"Fifty Seconds\",\"url\":\"https:\/\/www.fiftysecondsexperience.com\/\",\"logo\":{\"@type\":\"ImageObject\",\"inLanguage\":\"es\",\"@id\":\"https:\/\/www.fiftysecondsexperience.com\/#\/schema\/logo\/image\/\",\"url\":\"https:\/\/www.fiftysecondsexperience.com\/wp-content\/uploads\/2024\/01\/Logo-Fifty-Seconds2-Restaurante-Lisboa-Estrela-Michelin-Header-1.svg\",\"contentUrl\":\"https:\/\/www.fiftysecondsexperience.com\/wp-content\/uploads\/2024\/01\/Logo-Fifty-Seconds2-Restaurante-Lisboa-Estrela-Michelin-Header-1.svg\",\"width\":\"1024\",\"height\":\"1024\",\"caption\":\"Fifty Seconds\"},\"image\":{\"@id\":\"https:\/\/www.fiftysecondsexperience.com\/#\/schema\/logo\/image\/\"}}]}<\/script>\n<!-- \/ Yoast SEO plugin. -->","yoast_head_json":{"title":"Men\u00fa Fifty Seconds | Restaurante con Estrella Michelin","description":"Restaurante con estrella Michelin que ofrece cocina creativa de autor con la opci\u00f3n de Men\u00fa a la Carta Fifty Seconds o Men\u00fa Degustaci\u00f3n de 10 \u00f3 12 platos.","robots":{"index":"index","follow":"follow","max-snippet":"max-snippet:-1","max-image-preview":"max-image-preview:large","max-video-preview":"max-video-preview:-1"},"canonical":"https:\/\/www.fiftysecondsexperience.com\/es\/menu\/","og_locale":"es_ES","og_type":"article","og_title":"Men\u00fa Fifty Seconds | Restaurante con Estrella Michelin","og_description":"Restaurante con estrella Michelin que ofrece cocina creativa de autor con la opci\u00f3n de Men\u00fa a la Carta Fifty Seconds o Men\u00fa Degustaci\u00f3n de 10 \u00f3 12 platos.","og_url":"https:\/\/www.fiftysecondsexperience.com\/es\/menu\/","og_site_name":"Fifty Seconds","article_modified_time":"2026-04-01T11:30:55+00:00","twitter_card":"summary_large_image","twitter_misc":{"Tiempo de lectura":"2 minutos"},"schema":{"@context":"https:\/\/schema.org","@graph":[{"@type":"WebPage","@id":"https:\/\/www.fiftysecondsexperience.com\/es\/menu\/","url":"https:\/\/www.fiftysecondsexperience.com\/es\/menu\/","name":"Men\u00fa Fifty Seconds | Restaurante con Estrella Michelin","isPartOf":{"@id":"https:\/\/www.fiftysecondsexperience.com\/#website"},"datePublished":"2018-08-08T11:04:26+00:00","dateModified":"2026-04-01T11:30:55+00:00","description":"Restaurante con estrella Michelin que ofrece cocina creativa de autor con la opci\u00f3n de Men\u00fa a la Carta Fifty Seconds o Men\u00fa Degustaci\u00f3n de 10 \u00f3 12 platos.","breadcrumb":{"@id":"https:\/\/www.fiftysecondsexperience.com\/es\/menu\/#breadcrumb"},"inLanguage":"es","potentialAction":[{"@type":"ReadAction","target":["https:\/\/www.fiftysecondsexperience.com\/es\/menu\/"]}]},{"@type":"BreadcrumbList","@id":"https:\/\/www.fiftysecondsexperience.com\/es\/menu\/#breadcrumb","itemListElement":[{"@type":"ListItem","position":1,"name":"In\u00edcio","item":"https:\/\/www.fiftysecondsexperience.com\/es\/"},{"@type":"ListItem","position":2,"name":"Men\u00fa"}]},{"@type":"WebSite","@id":"https:\/\/www.fiftysecondsexperience.com\/#website","url":"https:\/\/www.fiftysecondsexperience.com\/","name":"Fifty Seconds","description":"","publisher":{"@id":"https:\/\/www.fiftysecondsexperience.com\/#organization"},"potentialAction":[{"@type":"SearchAction","target":{"@type":"EntryPoint","urlTemplate":"https:\/\/www.fiftysecondsexperience.com\/?s={search_term_string}"},"query-input":{"@type":"PropertyValueSpecification","valueRequired":true,"valueName":"search_term_string"}}],"inLanguage":"es"},{"@type":"Organization","@id":"https:\/\/www.fiftysecondsexperience.com\/#organization","name":"Fifty Seconds","url":"https:\/\/www.fiftysecondsexperience.com\/","logo":{"@type":"ImageObject","inLanguage":"es","@id":"https:\/\/www.fiftysecondsexperience.com\/#\/schema\/logo\/image\/","url":"https:\/\/www.fiftysecondsexperience.com\/wp-content\/uploads\/2024\/01\/Logo-Fifty-Seconds2-Restaurante-Lisboa-Estrela-Michelin-Header-1.svg","contentUrl":"https:\/\/www.fiftysecondsexperience.com\/wp-content\/uploads\/2024\/01\/Logo-Fifty-Seconds2-Restaurante-Lisboa-Estrela-Michelin-Header-1.svg","width":"1024","height":"1024","caption":"Fifty Seconds"},"image":{"@id":"https:\/\/www.fiftysecondsexperience.com\/#\/schema\/logo\/image\/"}}]}},"_links":{"self":[{"href":"https:\/\/www.fiftysecondsexperience.com\/es\/wp-json\/wp\/v2\/pages\/13141","targetHints":{"allow":["GET"]}}],"collection":[{"href":"https:\/\/www.fiftysecondsexperience.com\/es\/wp-json\/wp\/v2\/pages"}],"about":[{"href":"https:\/\/www.fiftysecondsexperience.com\/es\/wp-json\/wp\/v2\/types\/page"}],"author":[{"embeddable":true,"href":"https:\/\/www.fiftysecondsexperience.com\/es\/wp-json\/wp\/v2\/users\/1"}],"replies":[{"embeddable":true,"href":"https:\/\/www.fiftysecondsexperience.com\/es\/wp-json\/wp\/v2\/comments?post=13141"}],"version-history":[{"count":20,"href":"https:\/\/www.fiftysecondsexperience.com\/es\/wp-json\/wp\/v2\/pages\/13141\/revisions"}],"predecessor-version":[{"id":14949,"href":"https:\/\/www.fiftysecondsexperience.com\/es\/wp-json\/wp\/v2\/pages\/13141\/revisions\/14949"}],"wp:attachment":[{"href":"https:\/\/www.fiftysecondsexperience.com\/es\/wp-json\/wp\/v2\/media?parent=13141"}],"curies":[{"name":"wp","href":"https:\/\/api.w.org\/{rel}","templated":true}]}}