{"id":13121,"date":"2018-08-08T10:40:28","date_gmt":"2018-08-08T10:40:28","guid":{"rendered":"https:\/\/www.fiftysecondsexperience.com\/acerca-de\/"},"modified":"2026-04-16T11:30:47","modified_gmt":"2026-04-16T11:30:47","slug":"restaurante","status":"publish","type":"page","link":"https:\/\/www.fiftysecondsexperience.com\/es\/restaurante\/","title":{"rendered":"Sobre"},"content":{"rendered":"<section class=\"wpb-content-wrapper\"><p>[vc_row content_placement=\u00bbtop\u00bb content_text_aligment=\u00bbcenter\u00bb][vc_column]<div class=\"mkdf-elements-holder   mkdf-two-columns  mkdf-responsive-mode-1024 \" ><div class=\"mkdf-eh-item  mkdf-vertical-alignment-top mkdf-horizontal-alignment-center \"  data-item-class=\"mkdf-eh-custom-5113\" data-1367-1600=\"0 0 0 13%\" data-1025-1366=\"0 0 0 15%\" data-769-1024=\"0 0 7% 9%\" data-681-768=\"0 0 6% 9%\" data-680=\"0 0 10% 5%\">\n\t<div class=\"mkdf-eh-item-inner\">\n\t\t<div class=\"mkdf-eh-item-content mkdf-eh-custom-5113\" style=\"padding: 0 0 0 38%\">\n\t\t\t<div class=\"mkdf-section-title-holder  mkdf-st-standard mkdf-st-title-left mkdf-st-normal-space \" style=\"text-align: left\">\n\t<div class=\"mkdf-st-inner\">\n\t\t\t\t\t<h2 class=\"mkdf-st-title\" style=\"color: #99a3a5\">\n\t\t\t\tFIFTY<br \/> SECONDS\t\t\t<\/h2>\n\t\t    <span class=\"mkdf-st-line\" style=\"margin: 20px 5% 0 5%; height: 120px\"><\/span>\n    <div class=\"mkdf-st-text\" style=\"margin-top: 0px;padding-right: 50px\">\n        \n<h4 style=\"font-size: 18px;\">EN EL PARA\u00cdSO GASTRON\u00d3MICO DESDE 2018<\/h4>\n<p>Los vertiginosos 50 segundos en el ascensor panor\u00e1mico hasta la cima de la Torre Vasco da Gama inspiraron el nombre del restaurante FIFTY SECONDS.<br \/>\nEs aqu\u00ed, a 120 metros de altura, con una vista inolvidable sobre el r\u00edo Tajo y un ambiente sofisticado y cosmopolita, donde descubrir\u00e1 el para\u00edso gastron\u00f3mico.<\/p>\n<p>FIFTY SECONDS es un proyecto espiritual que re\u00fane a un equipo de excelentes profesionales con un objetivo singular: proporcionar una experiencia gastron\u00f3mica \u00fanica con cada plato.<\/p>\n<p>Con una decoraci\u00f3n sobria y minimalista, el brillo del cobre y los azules ahumados firman la elegante paleta de colores de FIFTY SECONDS, en un espacio con 40 plazas donde la exuberante bodega cobra protagonismo.    <\/div>\n\t<\/div>\n<\/div>\t\t<\/div>\n\t<\/div>\n<\/div><div class=\"mkdf-eh-item  mkdf-vertical-alignment-top  \"  data-item-class=\"mkdf-eh-custom-9914\">\n\t<div class=\"mkdf-eh-item-inner\">\n\t\t<div class=\"mkdf-eh-item-content mkdf-eh-custom-9914\" style=\"padding: 0 0 0 9%\">\n\t\t\t<div class=\"mkdf-single-image-holder    \" >\n    <div class=\"mkdf-si-inner\" >\n                                    <img loading=\"lazy\" decoding=\"async\" width=\"862\" height=\"1110\" src=\"https:\/\/www.fiftysecondsexperience.com\/wp-content\/uploads\/2023\/10\/about-fifty-seconds-michelin-star-restaurant.jpg\" class=\"attachment-full size-full\" alt=\"Espa\u00e7o do Restaurante de Estrela Michelin Fifty Seconds\" srcset=\"https:\/\/www.fiftysecondsexperience.com\/wp-content\/uploads\/2023\/10\/about-fifty-seconds-michelin-star-restaurant.jpg 862w, https:\/\/www.fiftysecondsexperience.com\/wp-content\/uploads\/2023\/10\/about-fifty-seconds-michelin-star-restaurant-233x300.jpg 233w, https:\/\/www.fiftysecondsexperience.com\/wp-content\/uploads\/2023\/10\/about-fifty-seconds-michelin-star-restaurant-795x1024.jpg 795w, https:\/\/www.fiftysecondsexperience.com\/wp-content\/uploads\/2023\/10\/about-fifty-seconds-michelin-star-restaurant-768x989.jpg 768w\" sizes=\"auto, (max-width: 862px) 100vw, 862px\" \/>                        <\/div>\n<\/div>\t\t<\/div>\n\t<\/div>\n<\/div><\/div>[\/vc_column][\/vc_row][vc_row css=\u00bb.vc_custom_1694685402780{margin-top: 75px !important;margin-bottom: 150px !important;}\u00bb][vc_column][vc_row_inner content_placement=\u00bbtop\u00bb row_content_width=\u00bbgrid\u00bb enable_parallax_background_elements=\u00bbyes\u00bb parallax_background_elements_vertical_alignment=\u00bbbottom\u00bb enable_parallax_effect=\u00bbno\u00bb left_parallax_background_element=\u00bb3505&#8243;][vc_column_inner width=\u00bb1\/12&#8243; css=\u00bb.vc_custom_1534514381983{padding-right: 0px !important;}\u00bb offset=\u00bbvc_hidden-md vc_hidden-sm vc_hidden-xs\u00bb][\/vc_column_inner][vc_column_inner css=\u00bb.vc_custom_1534514542346{padding-right: 0px !important;padding-left: 0px !important;}\u00bb offset=\u00bbvc_col-lg-4 vc_col-md-5 vc_col-xs-12&#8243;]<div class=\"mkdf-single-image-holder    \" data-parallax=\"{&quot;y&quot;: 30, &quot;smoothness&quot;: 30}\">\n    <div class=\"mkdf-si-inner\" >\n                                    <img loading=\"lazy\" decoding=\"async\" width=\"1333\" height=\"2000\" src=\"https:\/\/www.fiftysecondsexperience.com\/wp-content\/uploads\/2023\/09\/Fifty-Seconds-Restaurante-Estrela-Michelin-Lisboa-51-1.jpg\" class=\"attachment-full size-full\" alt=\"Espa\u00e7o do Restaurante de Cozinha de Autor Fifty Seconds\" srcset=\"https:\/\/www.fiftysecondsexperience.com\/wp-content\/uploads\/2023\/09\/Fifty-Seconds-Restaurante-Estrela-Michelin-Lisboa-51-1.jpg 1333w, https:\/\/www.fiftysecondsexperience.com\/wp-content\/uploads\/2023\/09\/Fifty-Seconds-Restaurante-Estrela-Michelin-Lisboa-51-1-200x300.jpg 200w, https:\/\/www.fiftysecondsexperience.com\/wp-content\/uploads\/2023\/09\/Fifty-Seconds-Restaurante-Estrela-Michelin-Lisboa-51-1-682x1024.jpg 682w, https:\/\/www.fiftysecondsexperience.com\/wp-content\/uploads\/2023\/09\/Fifty-Seconds-Restaurante-Estrela-Michelin-Lisboa-51-1-768x1152.jpg 768w, https:\/\/www.fiftysecondsexperience.com\/wp-content\/uploads\/2023\/09\/Fifty-Seconds-Restaurante-Estrela-Michelin-Lisboa-51-1-1024x1536.jpg 1024w\" sizes=\"auto, (max-width: 1333px) 100vw, 1333px\" \/>                        <\/div>\n<\/div>[\/vc_column_inner][vc_column_inner width=\u00bb1\/12&#8243; css=\u00bb.vc_custom_1534514550307{padding-right: 0px !important;padding-left: 0px !important;}\u00bb offset=\u00bbvc_col-lg-2 vc_col-md-1 vc_hidden-sm vc_hidden-xs\u00bb][\/vc_column_inner][vc_column_inner css=\u00bb.vc_custom_1534514557722{padding-right: 0px !important;padding-left: 0px !important;}\u00bb offset=\u00bbvc_col-lg-4 vc_col-md-6 vc_col-xs-12&#8243;]<div class=\"mkdf-section-title-holder  mkdf-st-standard mkdf-st-title-left mkdf-st-normal-space \" style=\"text-align: left\">\n\t<div class=\"mkdf-st-inner\">\n\t\t    <span class=\"mkdf-st-line\" style=\"margin: 50px 9% 0 5%; height: 120px\"><\/span>\n    <div class=\"mkdf-st-text\" style=\"margin-top: 20px;padding-right: 40px\">\n        \n<h4 style=\"font-size: 18px;\">Historia de logros<\/h4>\n<p><strong>2026<\/strong>:<br \/>\nFifty Seconds: 2 estrellas MICHELIN (Gu\u00eda Michelin 2026)<\/p>\n<p>Premio 2 Soles (Gu\u00eda Repsol) [vc_empty_space height=\u00bb1px\u00bb]<br \/>\n<strong>2025<\/strong>:<br \/>\nDistinci\u00f3n 50 Best Discovery (The World&#8217;s 50 Best)<br \/>\nPremio 2 Soles (Gu\u00eda Repsol)<br \/>\nRanking La Liste<br \/>\nPremios Mesa Marcada[vc_empty_space height=\u00bb1px\u00bb]<br \/>\n<strong>2024<\/strong>:<br \/>\nRui Silvestre se hace cargo de la cocina\u00a0 [vc_empty_space height=\u00bb1px\u00bb]<br \/>\n<strong>2023<\/strong>:<br \/>\nPremio Garfo de Platina 2023, Boa Cama Boa Mesa [vc_empty_space height=\u00bb1px\u00bb]<br \/>\n<strong>2022<\/strong>:<br \/>\nPremio Escan\u00e7\u00e3o do Ano [vc_empty_space height=\u00bb1px\u00bb]<br \/>\n<strong>2021<\/strong>:<br \/>\nPremio Sommelier, Grandes Escolhas [vc_empty_space height=\u00bb1px\u00bb]<br \/>\n<strong>2020<\/strong>:<br \/>\nPremio Haute Grandeur, Global Hotel Awards [vc_empty_space height=\u00bb1px\u00bb]<br \/>\n<strong>2019<\/strong>:<br \/>\nConsecuci\u00f3n de la 1\u00aa Estrella Michelin, que se ha mantenido hasta hoy [vc_empty_space height=\u00bb1px\u00bb]<br \/>\n<strong>2018<\/strong>:<br \/>\nApertura del restaurante \u00abFIFTY SECONDS\u00bb    <\/div>\n\t<\/div>\n<\/div><a itemprop=\"url\" href=\"https:\/\/www.fiftysecondsexperience.com\/es\/premios\/\" target=\"_self\" style=\"margin: 35px 30px\" class=\"mkdf-btn mkdf-btn-medium mkdf-btn-solid\"  >\n\t    <span class=\"mkdf-btn-text\">Ver todos los premios<\/span>\n    <\/a>[\/vc_column_inner][vc_column_inner width=\u00bb1\/12&#8243; css=\u00bb.vc_custom_1534514436317{padding-left: 0px !important;}\u00bb offset=\u00bbvc_hidden-md vc_hidden-sm vc_hidden-xs\u00bb][\/vc_column_inner][\/vc_row_inner][\/vc_column][\/vc_row][vc_row][vc_column]<a itemprop=\"url\" href=\"https:\/\/www.fiftysecondsexperience.com\/es\/reservas\/\" target=\"_self\"  class=\"mkdf-btn mkdf-btn-medium mkdf-btn-solid reservar-mesa-button\"  >\n\t    <span class=\"mkdf-btn-text\">reserve una mesa<\/span>\n    <\/a>[\/vc_column][\/vc_row]<\/p>\n<\/section>","protected":false},"excerpt":{"rendered":"<p>[vc_row content_placement=\u00bbtop\u00bb content_text_aligment=\u00bbcenter\u00bb][vc_column][\/vc_column][\/vc_row][vc_row css=\u00bb.vc_custom_1694685402780{margin-top: 75px !important;margin-bottom: 150px !important;}\u00bb][vc_column][vc_row_inner content_placement=\u00bbtop\u00bb row_content_width=\u00bbgrid\u00bb enable_parallax_background_elements=\u00bbyes\u00bb parallax_background_elements_vertical_alignment=\u00bbbottom\u00bb enable_parallax_effect=\u00bbno\u00bb left_parallax_background_element=\u00bb3505&#8243;][vc_column_inner width=\u00bb1\/12&#8243; css=\u00bb.vc_custom_1534514381983{padding-right: 0px !important;}\u00bb offset=\u00bbvc_hidden-md vc_hidden-sm vc_hidden-xs\u00bb][\/vc_column_inner][vc_column_inner css=\u00bb.vc_custom_1534514542346{padding-right: 0px !important;padding-left: 0px !important;}\u00bb offset=\u00bbvc_col-lg-4 vc_col-md-5 vc_col-xs-12&#8243;][\/vc_column_inner][vc_column_inner width=\u00bb1\/12&#8243; css=\u00bb.vc_custom_1534514550307{padding-right: 0px !important;padding-left: 0px !important;}\u00bb offset=\u00bbvc_col-lg-2 vc_col-md-1 vc_hidden-sm vc_hidden-xs\u00bb][\/vc_column_inner][vc_column_inner css=\u00bb.vc_custom_1534514557722{padding-right: [&hellip;]<\/p>\n","protected":false},"author":1,"featured_media":0,"parent":0,"menu_order":0,"comment_status":"closed","ping_status":"closed","template":"full-width.php","meta":{"inline_featured_image":false,"footnotes":"","_links_to":"","_links_to_target":""},"class_list":["post-13121","page","type-page","status-publish","hentry"],"yoast_head":"<!-- This site is optimized with the Yoast SEO plugin v26.1.1 - https:\/\/yoast.com\/wordpress\/plugins\/seo\/ -->\n<title>Fifty Seconds - Historia y Curiosidades | Restaurante Michelin<\/title>\n<meta name=\"description\" content=\"Conozca la historia y las curiosidades de uno de los mejores restaurantes de Lisboa, en lo alto de la Torre Vasco da Gama, el Restaurante Fifty Seconds.\" \/>\n<meta name=\"robots\" content=\"index, follow, max-snippet:-1, max-image-preview:large, max-video-preview:-1\" \/>\n<link rel=\"canonical\" href=\"https:\/\/www.fiftysecondsexperience.com\/es\/restaurante\/\" \/>\n<meta property=\"og:locale\" content=\"es_ES\" \/>\n<meta property=\"og:type\" content=\"article\" \/>\n<meta property=\"og:title\" content=\"Fifty Seconds - Historia y Curiosidades | Restaurante Michelin\" \/>\n<meta property=\"og:description\" content=\"Conozca la historia y las curiosidades de uno de los mejores restaurantes de Lisboa, en lo alto de la Torre Vasco da Gama, el Restaurante Fifty Seconds.\" \/>\n<meta property=\"og:url\" content=\"https:\/\/www.fiftysecondsexperience.com\/es\/restaurante\/\" \/>\n<meta property=\"og:site_name\" content=\"Fifty Seconds\" \/>\n<meta property=\"article:modified_time\" content=\"2026-04-16T11:30:47+00:00\" \/>\n<meta name=\"twitter:card\" content=\"summary_large_image\" \/>\n<meta name=\"twitter:label1\" content=\"Tiempo de lectura\" \/>\n\t<meta name=\"twitter:data1\" content=\"3 minutos\" \/>\n<script type=\"application\/ld+json\" class=\"yoast-schema-graph\">{\"@context\":\"https:\/\/schema.org\",\"@graph\":[{\"@type\":\"WebPage\",\"@id\":\"https:\/\/www.fiftysecondsexperience.com\/es\/restaurante\/\",\"url\":\"https:\/\/www.fiftysecondsexperience.com\/es\/restaurante\/\",\"name\":\"Fifty Seconds - Historia y Curiosidades | Restaurante Michelin\",\"isPartOf\":{\"@id\":\"https:\/\/www.fiftysecondsexperience.com\/#website\"},\"datePublished\":\"2018-08-08T10:40:28+00:00\",\"dateModified\":\"2026-04-16T11:30:47+00:00\",\"description\":\"Conozca la historia y las curiosidades de uno de los mejores restaurantes de Lisboa, en lo alto de la Torre Vasco da Gama, el Restaurante Fifty Seconds.\",\"breadcrumb\":{\"@id\":\"https:\/\/www.fiftysecondsexperience.com\/es\/restaurante\/#breadcrumb\"},\"inLanguage\":\"es\",\"potentialAction\":[{\"@type\":\"ReadAction\",\"target\":[\"https:\/\/www.fiftysecondsexperience.com\/es\/restaurante\/\"]}]},{\"@type\":\"BreadcrumbList\",\"@id\":\"https:\/\/www.fiftysecondsexperience.com\/es\/restaurante\/#breadcrumb\",\"itemListElement\":[{\"@type\":\"ListItem\",\"position\":1,\"name\":\"In\u00edcio\",\"item\":\"https:\/\/www.fiftysecondsexperience.com\/es\/\"},{\"@type\":\"ListItem\",\"position\":2,\"name\":\"Sobre\"}]},{\"@type\":\"WebSite\",\"@id\":\"https:\/\/www.fiftysecondsexperience.com\/#website\",\"url\":\"https:\/\/www.fiftysecondsexperience.com\/\",\"name\":\"Fifty Seconds\",\"description\":\"\",\"publisher\":{\"@id\":\"https:\/\/www.fiftysecondsexperience.com\/#organization\"},\"potentialAction\":[{\"@type\":\"SearchAction\",\"target\":{\"@type\":\"EntryPoint\",\"urlTemplate\":\"https:\/\/www.fiftysecondsexperience.com\/?s={search_term_string}\"},\"query-input\":{\"@type\":\"PropertyValueSpecification\",\"valueRequired\":true,\"valueName\":\"search_term_string\"}}],\"inLanguage\":\"es\"},{\"@type\":\"Organization\",\"@id\":\"https:\/\/www.fiftysecondsexperience.com\/#organization\",\"name\":\"Fifty Seconds\",\"url\":\"https:\/\/www.fiftysecondsexperience.com\/\",\"logo\":{\"@type\":\"ImageObject\",\"inLanguage\":\"es\",\"@id\":\"https:\/\/www.fiftysecondsexperience.com\/#\/schema\/logo\/image\/\",\"url\":\"https:\/\/www.fiftysecondsexperience.com\/wp-content\/uploads\/2024\/01\/Logo-Fifty-Seconds2-Restaurante-Lisboa-Estrela-Michelin-Header-1.svg\",\"contentUrl\":\"https:\/\/www.fiftysecondsexperience.com\/wp-content\/uploads\/2024\/01\/Logo-Fifty-Seconds2-Restaurante-Lisboa-Estrela-Michelin-Header-1.svg\",\"width\":\"1024\",\"height\":\"1024\",\"caption\":\"Fifty Seconds\"},\"image\":{\"@id\":\"https:\/\/www.fiftysecondsexperience.com\/#\/schema\/logo\/image\/\"}}]}<\/script>\n<!-- \/ Yoast SEO plugin. -->","yoast_head_json":{"title":"Fifty Seconds - Historia y Curiosidades | Restaurante Michelin","description":"Conozca la historia y las curiosidades de uno de los mejores restaurantes de Lisboa, en lo alto de la Torre Vasco da Gama, el Restaurante Fifty Seconds.","robots":{"index":"index","follow":"follow","max-snippet":"max-snippet:-1","max-image-preview":"max-image-preview:large","max-video-preview":"max-video-preview:-1"},"canonical":"https:\/\/www.fiftysecondsexperience.com\/es\/restaurante\/","og_locale":"es_ES","og_type":"article","og_title":"Fifty Seconds - Historia y Curiosidades | Restaurante Michelin","og_description":"Conozca la historia y las curiosidades de uno de los mejores restaurantes de Lisboa, en lo alto de la Torre Vasco da Gama, el Restaurante Fifty Seconds.","og_url":"https:\/\/www.fiftysecondsexperience.com\/es\/restaurante\/","og_site_name":"Fifty Seconds","article_modified_time":"2026-04-16T11:30:47+00:00","twitter_card":"summary_large_image","twitter_misc":{"Tiempo de lectura":"3 minutos"},"schema":{"@context":"https:\/\/schema.org","@graph":[{"@type":"WebPage","@id":"https:\/\/www.fiftysecondsexperience.com\/es\/restaurante\/","url":"https:\/\/www.fiftysecondsexperience.com\/es\/restaurante\/","name":"Fifty Seconds - Historia y Curiosidades | Restaurante Michelin","isPartOf":{"@id":"https:\/\/www.fiftysecondsexperience.com\/#website"},"datePublished":"2018-08-08T10:40:28+00:00","dateModified":"2026-04-16T11:30:47+00:00","description":"Conozca la historia y las curiosidades de uno de los mejores restaurantes de Lisboa, en lo alto de la Torre Vasco da Gama, el Restaurante Fifty Seconds.","breadcrumb":{"@id":"https:\/\/www.fiftysecondsexperience.com\/es\/restaurante\/#breadcrumb"},"inLanguage":"es","potentialAction":[{"@type":"ReadAction","target":["https:\/\/www.fiftysecondsexperience.com\/es\/restaurante\/"]}]},{"@type":"BreadcrumbList","@id":"https:\/\/www.fiftysecondsexperience.com\/es\/restaurante\/#breadcrumb","itemListElement":[{"@type":"ListItem","position":1,"name":"In\u00edcio","item":"https:\/\/www.fiftysecondsexperience.com\/es\/"},{"@type":"ListItem","position":2,"name":"Sobre"}]},{"@type":"WebSite","@id":"https:\/\/www.fiftysecondsexperience.com\/#website","url":"https:\/\/www.fiftysecondsexperience.com\/","name":"Fifty Seconds","description":"","publisher":{"@id":"https:\/\/www.fiftysecondsexperience.com\/#organization"},"potentialAction":[{"@type":"SearchAction","target":{"@type":"EntryPoint","urlTemplate":"https:\/\/www.fiftysecondsexperience.com\/?s={search_term_string}"},"query-input":{"@type":"PropertyValueSpecification","valueRequired":true,"valueName":"search_term_string"}}],"inLanguage":"es"},{"@type":"Organization","@id":"https:\/\/www.fiftysecondsexperience.com\/#organization","name":"Fifty Seconds","url":"https:\/\/www.fiftysecondsexperience.com\/","logo":{"@type":"ImageObject","inLanguage":"es","@id":"https:\/\/www.fiftysecondsexperience.com\/#\/schema\/logo\/image\/","url":"https:\/\/www.fiftysecondsexperience.com\/wp-content\/uploads\/2024\/01\/Logo-Fifty-Seconds2-Restaurante-Lisboa-Estrela-Michelin-Header-1.svg","contentUrl":"https:\/\/www.fiftysecondsexperience.com\/wp-content\/uploads\/2024\/01\/Logo-Fifty-Seconds2-Restaurante-Lisboa-Estrela-Michelin-Header-1.svg","width":"1024","height":"1024","caption":"Fifty Seconds"},"image":{"@id":"https:\/\/www.fiftysecondsexperience.com\/#\/schema\/logo\/image\/"}}]}},"_links":{"self":[{"href":"https:\/\/www.fiftysecondsexperience.com\/es\/wp-json\/wp\/v2\/pages\/13121","targetHints":{"allow":["GET"]}}],"collection":[{"href":"https:\/\/www.fiftysecondsexperience.com\/es\/wp-json\/wp\/v2\/pages"}],"about":[{"href":"https:\/\/www.fiftysecondsexperience.com\/es\/wp-json\/wp\/v2\/types\/page"}],"author":[{"embeddable":true,"href":"https:\/\/www.fiftysecondsexperience.com\/es\/wp-json\/wp\/v2\/users\/1"}],"replies":[{"embeddable":true,"href":"https:\/\/www.fiftysecondsexperience.com\/es\/wp-json\/wp\/v2\/comments?post=13121"}],"version-history":[{"count":9,"href":"https:\/\/www.fiftysecondsexperience.com\/es\/wp-json\/wp\/v2\/pages\/13121\/revisions"}],"predecessor-version":[{"id":14982,"href":"https:\/\/www.fiftysecondsexperience.com\/es\/wp-json\/wp\/v2\/pages\/13121\/revisions\/14982"}],"wp:attachment":[{"href":"https:\/\/www.fiftysecondsexperience.com\/es\/wp-json\/wp\/v2\/media?parent=13121"}],"curies":[{"name":"wp","href":"https:\/\/api.w.org\/{rel}","templated":true}]}}